{"id":772313,"date":"2025-08-28T15:35:46","date_gmt":"2025-08-28T12:35:46","guid":{"rendered":"https:\/\/roveyayinevi.com.tr\/index.php\/urun\/kuzey-odanin-canavarlari\/"},"modified":"2026-04-15T03:38:44","modified_gmt":"2026-04-15T00:38:44","slug":"kuzey-odanin-canavarlari","status":"publish","type":"product","link":"https:\/\/roveyayinevi.com.tr\/index.php\/urun\/kuzey-odanin-canavarlari\/","title":{"rendered":"Kuzey Odan\u0131n Canavarlar\u0131"},"content":{"rendered":"<p>Ayfer Tun\u00e7, Deniz Y\u00fcce Ba\u015far\u0131r, Latife Tekin ve Sema Kaygusuz&#8217;un j\u00fcri \u00fcyeli\u011fi, Mahir \u00dcnsal Eri\u015f&#8217;in ise j\u00fcri ba\u015fkanl\u0131\u011f\u0131nda d\u00fczenlenen &#8220;Kafka Kitap \u0130lk Roman Yar\u0131\u015fmas\u0131&#8221;n\u0131n 2024 y\u0131l\u0131 kazanan\u0131: Kuzey Odan\u0131n Canavarlar\u0131\u00d6yle bir zaman ki art\u0131k ald\u0131\u011f\u0131n nefes bile g\u00f6zleme tabi. Yedi\u011fin, i\u00e7ti\u011fin, ge\u00e7mi\u015fin ve hatta gelece\u011fin. Devrim kolay i\u015f de\u011fil. Hele ki devrimi kalbinde ta\u015f\u0131mayan, ona g\u00f6nl\u00fcn\u00fc veremeyen birine hi\u00e7 kolay de\u011fil. \u00dcstelik yas ve ihanet \u00fcst\u00fcne bir \u00e7\u0131\u011f gibi devrilmi\u015fse, insan neye, nas\u0131l inanabilir?Ve neden?Kuzey Odan\u0131n Canavarlar\u0131, distopik evreniyle, ger\u00e7eklik ve ger\u00e7ek\u00f6tesinin s\u0131n\u0131rlar\u0131nda k\u0131vrak\u00e7a dans eden kurgusuyla, tuhaf kahramanlar\u0131yla okuru de\u011fi\u015fimin g\u00f6lgesinde ayn\u0131 kalabilmenin bazen onurlu bazen de kaypak m\u00fccadelesine davet ediyor.<\/p>\n","protected":false},"excerpt":{"rendered":"<p>Ayfer Tun\u00e7, Deniz Y\u00fcce Ba\u015far\u0131r, Latife Tekin ve Sema Kaygusuz&#8217;un j\u00fcri \u00fcyeli\u011fi, Mahir \u00dcnsal Eri\u015f&#8217;in ise j\u00fcri ba\u015fkanl\u0131\u011f\u0131nda d\u00fczenlenen &#8220;Kafka Kitap \u0130lk Roman Yar\u0131\u015fmas\u0131&#8221;n\u0131n 2024 y\u0131l\u0131<span class=\"excerpt-hellip\"> [\u2026]<\/span><\/p>\n","protected":false},"featured_media":0,"template":"","meta":{"_monsterinsights_skip_tracking":false,"_monsterinsights_sitenote_active":false,"_monsterinsights_sitenote_note":"","_monsterinsights_sitenote_category":0},"product_brand":[],"product_cat":[12291,12711],"product_tag":[],"class_list":{"0":"post-772313","1":"product","2":"type-product","3":"status-publish","5":"product_cat-edebiyat","6":"product_cat-roman-oyku","7":"pa_cilt-ciltsiz","8":"pa_tur-kitap","9":"pa_yayinevi-kafka-yayinevi","10":"pa_yazar-baris-selim-uzun","12":"first","13":"instock","14":"sale","15":"shipping-taxable","16":"purchasable","17":"product-type-simple"},"_links":{"self":[{"href":"https:\/\/roveyayinevi.com.tr\/index.php\/wp-json\/wp\/v2\/product\/772313","targetHints":{"allow":["GET"]}}],"collection":[{"href":"https:\/\/roveyayinevi.com.tr\/index.php\/wp-json\/wp\/v2\/product"}],"about":[{"href":"https:\/\/roveyayinevi.com.tr\/index.php\/wp-json\/wp\/v2\/types\/product"}],"wp:attachment":[{"href":"https:\/\/roveyayinevi.com.tr\/index.php\/wp-json\/wp\/v2\/media?parent=772313"}],"wp:term":[{"taxonomy":"product_brand","embeddable":true,"href":"https:\/\/roveyayinevi.com.tr\/index.php\/wp-json\/wp\/v2\/product_brand?post=772313"},{"taxonomy":"product_cat","embeddable":true,"href":"https:\/\/roveyayinevi.com.tr\/index.php\/wp-json\/wp\/v2\/product_cat?post=772313"},{"taxonomy":"product_tag","embeddable":true,"href":"https:\/\/roveyayinevi.com.tr\/index.php\/wp-json\/wp\/v2\/product_tag?post=772313"}],"curies":[{"name":"wp","href":"https:\/\/api.w.org\/{rel}","templated":true}]}}