{"id":772310,"date":"2025-08-28T15:35:40","date_gmt":"2025-08-28T12:35:40","guid":{"rendered":"https:\/\/roveyayinevi.com.tr\/index.php\/urun\/felaket-henry\/"},"modified":"2026-04-15T03:38:44","modified_gmt":"2026-04-15T00:38:44","slug":"felaket-henry","status":"publish","type":"product","link":"https:\/\/roveyayinevi.com.tr\/index.php\/urun\/felaket-henry\/","title":{"rendered":"Felaket Henry"},"content":{"rendered":"<p>Yaramazl\u0131kta s\u0131n\u0131r tan\u0131mayan Felaket Henry ile tan\u0131\u015fmaya haz\u0131r m\u0131s\u0131n? O, uslu \u00e7ocuklara g\u00f6re biri de\u011fil! \u00d6dev yapmaktan, sebze yemekten ve kurallara uymaktan hi\u00e7 ho\u015flanmaz. Ama muziplik yapmay\u0131, e\u011flenmeyi ve herkesi \u015fa\u015f\u0131rtmay\u0131 \u00e7ok sever!Henry\u2019nin komik ve \u00e7\u0131lg\u0131n maceralar\u0131 seni kahkahalara bo\u011facak. Karde\u015fi M\u00fckemmel Peter\u2019\u0131 k\u0131zd\u0131rmas\u0131, ak\u0131l almaz oyunlar\u0131 ve hi\u00e7 bitmeyen yaramazl\u0131klar\u0131yla bu kitap tam bir e\u011flence bombas\u0131!G\u00fclmeye haz\u0131r ol \u00e7\u00fcnk\u00fc Henry seni de yaramazl\u0131k dolu d\u00fcnyas\u0131na \u00e7ekmeye kararl\u0131!\u00c7ocuk edebiyat\u0131nda bir klasik h\u00e2line gelmi\u015f Felaket Henry serisi geri d\u00f6n\u00fcyor! \u00c7ocuklara okumay\u0131 sevdiren bu maceralar, anne babalar\u0131n vazge\u00e7ilmezi olacak.<\/p>\n","protected":false},"excerpt":{"rendered":"<p>Yaramazl\u0131kta s\u0131n\u0131r tan\u0131mayan Felaket Henry ile tan\u0131\u015fmaya haz\u0131r m\u0131s\u0131n? O, uslu \u00e7ocuklara g\u00f6re biri de\u011fil! \u00d6dev yapmaktan, sebze yemekten ve kurallara uymaktan hi\u00e7 ho\u015flanmaz. Ama muziplik<span class=\"excerpt-hellip\"> [\u2026]<\/span><\/p>\n","protected":false},"featured_media":0,"template":"","meta":{"_monsterinsights_skip_tracking":false,"_monsterinsights_sitenote_active":false,"_monsterinsights_sitenote_note":"","_monsterinsights_sitenote_category":0},"product_brand":[],"product_cat":[12274,12284],"product_tag":[],"class_list":{"0":"post-772310","1":"product","2":"type-product","3":"status-publish","5":"product_cat-cocuk-ve-genclik-kitaplari","6":"product_cat-hikayeler","7":"pa_cilt-ciltsiz","8":"pa_tur-kitap","9":"pa_yayinevi-epsilon-yayinlari","10":"pa_yazar-francesca-simon","12":"first","13":"instock","14":"sale","15":"shipping-taxable","16":"purchasable","17":"product-type-simple"},"_links":{"self":[{"href":"https:\/\/roveyayinevi.com.tr\/index.php\/wp-json\/wp\/v2\/product\/772310","targetHints":{"allow":["GET"]}}],"collection":[{"href":"https:\/\/roveyayinevi.com.tr\/index.php\/wp-json\/wp\/v2\/product"}],"about":[{"href":"https:\/\/roveyayinevi.com.tr\/index.php\/wp-json\/wp\/v2\/types\/product"}],"wp:attachment":[{"href":"https:\/\/roveyayinevi.com.tr\/index.php\/wp-json\/wp\/v2\/media?parent=772310"}],"wp:term":[{"taxonomy":"product_brand","embeddable":true,"href":"https:\/\/roveyayinevi.com.tr\/index.php\/wp-json\/wp\/v2\/product_brand?post=772310"},{"taxonomy":"product_cat","embeddable":true,"href":"https:\/\/roveyayinevi.com.tr\/index.php\/wp-json\/wp\/v2\/product_cat?post=772310"},{"taxonomy":"product_tag","embeddable":true,"href":"https:\/\/roveyayinevi.com.tr\/index.php\/wp-json\/wp\/v2\/product_tag?post=772310"}],"curies":[{"name":"wp","href":"https:\/\/api.w.org\/{rel}","templated":true}]}}