{"id":772309,"date":"2025-08-28T15:35:38","date_gmt":"2025-08-28T12:35:38","guid":{"rendered":"https:\/\/roveyayinevi.com.tr\/index.php\/urun\/dalgin\/"},"modified":"2026-04-15T03:38:44","modified_gmt":"2026-04-15T00:38:44","slug":"dalgin","status":"publish","type":"product","link":"https:\/\/roveyayinevi.com.tr\/index.php\/urun\/dalgin\/","title":{"rendered":"Dalg\u0131n"},"content":{"rendered":"<p>\u201cevren durmaks\u0131z\u0131n geni\u015flerkenbenim kelimelerden ba\u015fkagidecek yerim yokan\u0131lar\u0131 da e\u015fyalar gibiverebilmeyi isterdimbileklik yapard\u0131n ya da kolyeyak\u0131\u015f\u0131rd\u0131 sana\u201d <\/p>\n","protected":false},"excerpt":{"rendered":"<p>\u201cevren durmaks\u0131z\u0131n geni\u015flerkenbenim kelimelerden ba\u015fkagidecek yerim yokan\u0131lar\u0131 da e\u015fyalar gibiverebilmeyi isterdimbileklik yapard\u0131n ya da kolyeyak\u0131\u015f\u0131rd\u0131 sana\u201d<\/p>\n","protected":false},"featured_media":0,"template":"","meta":{"_monsterinsights_skip_tracking":false,"_monsterinsights_sitenote_active":false,"_monsterinsights_sitenote_note":"","_monsterinsights_sitenote_category":0},"product_brand":[],"product_cat":[12291,12509],"product_tag":[],"class_list":{"0":"post-772309","1":"product","2":"type-product","3":"status-publish","5":"product_cat-edebiyat","6":"product_cat-siir","7":"pa_cilt-ciltsiz","8":"pa_tur-kitap","9":"pa_yayinevi-everest-yayinlari","10":"pa_yazar-rona-aslan","12":"first","13":"instock","14":"sale","15":"shipping-taxable","16":"purchasable","17":"product-type-simple"},"_links":{"self":[{"href":"https:\/\/roveyayinevi.com.tr\/index.php\/wp-json\/wp\/v2\/product\/772309","targetHints":{"allow":["GET"]}}],"collection":[{"href":"https:\/\/roveyayinevi.com.tr\/index.php\/wp-json\/wp\/v2\/product"}],"about":[{"href":"https:\/\/roveyayinevi.com.tr\/index.php\/wp-json\/wp\/v2\/types\/product"}],"wp:attachment":[{"href":"https:\/\/roveyayinevi.com.tr\/index.php\/wp-json\/wp\/v2\/media?parent=772309"}],"wp:term":[{"taxonomy":"product_brand","embeddable":true,"href":"https:\/\/roveyayinevi.com.tr\/index.php\/wp-json\/wp\/v2\/product_brand?post=772309"},{"taxonomy":"product_cat","embeddable":true,"href":"https:\/\/roveyayinevi.com.tr\/index.php\/wp-json\/wp\/v2\/product_cat?post=772309"},{"taxonomy":"product_tag","embeddable":true,"href":"https:\/\/roveyayinevi.com.tr\/index.php\/wp-json\/wp\/v2\/product_tag?post=772309"}],"curies":[{"name":"wp","href":"https:\/\/api.w.org\/{rel}","templated":true}]}}