{"id":772308,"date":"2025-08-28T15:35:36","date_gmt":"2025-08-28T12:35:36","guid":{"rendered":"https:\/\/roveyayinevi.com.tr\/index.php\/urun\/kacak-roman\/"},"modified":"2026-04-15T03:38:44","modified_gmt":"2026-04-15T00:38:44","slug":"kacak-roman","status":"publish","type":"product","link":"https:\/\/roveyayinevi.com.tr\/index.php\/urun\/kacak-roman\/","title":{"rendered":"Ka\u00e7ak Roman"},"content":{"rendered":"<p>Arananla arayan\u0131, hakikatle alg\u0131lanan\u0131 i\u00e7 i\u00e7e ge\u00e7iren d\u00fc\u015fsel bir Bo\u011fazi\u00e7i kurmacas\u0131&#8230; Tolga G\u00fcm\u00fc\u015fay\u2019\u0131n Ka\u00e7ak Roman\u2019\u0131, iyi edebiyat g\u00fcndemine h\u0131zl\u0131 bir giri\u015f yapmaya haz\u0131rlan\u0131yor. Eser, ko\u015fu temposunda ilerleyen s\u00fcr\u00fckleyici anlat\u0131m\u0131, merak uyand\u0131ran kurgusu, \u015fiirsel dili ve felsefi sorgulamalar\u0131yla geni\u015f bir okur kitlesi \u00fczerinde derin izler b\u0131rakabilecek nitelikte. \u00c7a\u011fda\u015f edebiyatseverlerin yan\u0131 s\u0131ra; felsefeye, \u0130stanbul\u2019a, ki\u015fisel geli\u015fim ve ko\u015fu sporuna ilgi duyanlar aras\u0131nda da \u00e7ok\u00e7a konu\u015fulmaya aday bir yap\u0131t&#8230; Tutkulu \u00e7a\u011fda\u015f bir \u0130stanbul yazar\u0131 olarak tan\u0131nan Tolga G\u00fcm\u00fc\u015fay, 2001 y\u0131l\u0131ndan bu yana roman ve \u00f6yk\u00fc olarak toplam on \u00fc\u00e7 esere imza att\u0131. Pek \u00e7ok okulda y\u0131llard\u0131r okutulmakta olan G\u00fcm\u00fc\u015fay kitaplar\u0131 belgesellere konu oldu, \u00fcniversite tezlerinde, yaz\u0131 at\u00f6lyelerinde yer ald\u0131. G\u00fcm\u00fc\u015fay\u2019\u0131n bu k\u0131sa ama yo\u011fun, g\u00fc\u00e7l\u00fc ve \u00e7arp\u0131c\u0131 eseri, yeni kitab\u0131n\u0131 merakla bekleyen okurlar\u0131n\u0131n yan\u0131 s\u0131ra, Remzi Kitabevi\u2019nin sunu\u015fuyla geni\u015f bir okur kitlesiyle bulu\u015fmaya haz\u0131rlan\u0131yor. Merak uyand\u0131ran ismiyle Ka\u00e7ak Roman\u2019\u0131n sunumu titizlikle tasarland\u0131. Yo\u011fun reklam \u00e7al\u0131\u015fmalar\u0131n\u0131n yan\u0131 s\u0131ra; sosyal medya kampanyalar\u0131, s\u00f6yle\u015fi ve imza g\u00fcnlerinden olu\u015fan bir tan\u0131t\u0131m plan\u0131yla lansman\u0131 ger\u00e7ekle\u015ftirilecek olan kitap, mevsimin y\u0131ld\u0131z kitaplar\u0131ndan biri olarak sunulmaya haz\u0131rlan\u0131yor.<\/p>\n","protected":false},"excerpt":{"rendered":"<p>Arananla arayan\u0131, hakikatle alg\u0131lanan\u0131 i\u00e7 i\u00e7e ge\u00e7iren d\u00fc\u015fsel bir Bo\u011fazi\u00e7i kurmacas\u0131&#8230; Tolga G\u00fcm\u00fc\u015fay\u2019\u0131n Ka\u00e7ak Roman\u2019\u0131, iyi edebiyat g\u00fcndemine h\u0131zl\u0131 bir giri\u015f yapmaya haz\u0131rlan\u0131yor. Eser, ko\u015fu temposunda<span class=\"excerpt-hellip\"> [\u2026]<\/span><\/p>\n","protected":false},"featured_media":0,"template":"","meta":{"_monsterinsights_skip_tracking":false,"_monsterinsights_sitenote_active":false,"_monsterinsights_sitenote_note":"","_monsterinsights_sitenote_category":0},"product_brand":[],"product_cat":[12291,12711],"product_tag":[],"class_list":{"0":"post-772308","1":"product","2":"type-product","3":"status-publish","5":"product_cat-edebiyat","6":"product_cat-roman-oyku","7":"pa_cilt-ciltsiz","8":"pa_tur-kitap","9":"pa_yayinevi-remzi-kitabevi","10":"pa_yazar-tolga-gumusay","12":"first","13":"instock","14":"sale","15":"shipping-taxable","16":"purchasable","17":"product-type-simple"},"_links":{"self":[{"href":"https:\/\/roveyayinevi.com.tr\/index.php\/wp-json\/wp\/v2\/product\/772308","targetHints":{"allow":["GET"]}}],"collection":[{"href":"https:\/\/roveyayinevi.com.tr\/index.php\/wp-json\/wp\/v2\/product"}],"about":[{"href":"https:\/\/roveyayinevi.com.tr\/index.php\/wp-json\/wp\/v2\/types\/product"}],"wp:attachment":[{"href":"https:\/\/roveyayinevi.com.tr\/index.php\/wp-json\/wp\/v2\/media?parent=772308"}],"wp:term":[{"taxonomy":"product_brand","embeddable":true,"href":"https:\/\/roveyayinevi.com.tr\/index.php\/wp-json\/wp\/v2\/product_brand?post=772308"},{"taxonomy":"product_cat","embeddable":true,"href":"https:\/\/roveyayinevi.com.tr\/index.php\/wp-json\/wp\/v2\/product_cat?post=772308"},{"taxonomy":"product_tag","embeddable":true,"href":"https:\/\/roveyayinevi.com.tr\/index.php\/wp-json\/wp\/v2\/product_tag?post=772308"}],"curies":[{"name":"wp","href":"https:\/\/api.w.org\/{rel}","templated":true}]}}