{"id":772306,"date":"2025-08-28T15:35:31","date_gmt":"2025-08-28T12:35:31","guid":{"rendered":"https:\/\/roveyayinevi.com.tr\/index.php\/urun\/devrim-sensin-aden\/"},"modified":"2026-04-08T03:35:05","modified_gmt":"2026-04-08T00:35:05","slug":"devrim-sensin-aden","status":"publish","type":"product","link":"https:\/\/roveyayinevi.com.tr\/index.php\/urun\/devrim-sensin-aden\/","title":{"rendered":"Devrim Sensin Aden"},"content":{"rendered":"<p>Aden ve Devrim, ayn\u0131 mafya konseyine ba\u011fl\u0131 iki g\u00fc\u00e7l\u00fc ailenin \u00e7ocuklar\u0131d\u0131r. Aden, ge\u00e7mi\u015fte ailesinin onun ad\u0131na bir evlilik anla\u015fmas\u0131 yapt\u0131\u011f\u0131n\u0131 bilmemektedir. Oysa Devrim, y\u0131llard\u0131r bu anla\u015fman\u0131n duyurulmas\u0131n\u0131 beklemi\u015ftir. G\u00fc\u00e7 m\u00fccadeleleri, ihanetler ve a\u00e7\u0131\u011fa \u00e7\u0131kan s\u0131rlarla Aden&#8217;in hayat\u0131 alt\u00fcst olurken, Devrim sabr\u0131n\u0131n sonuna gelmi\u015ftir. Art\u0131k ne pahas\u0131na olursa olsun, Aden&#8217;in ger\u00e7ekleri \u00f6\u011frenmesi gerekmektedir. Tutku ve tehlikenin i\u00e7 i\u00e7e ge\u00e7ti\u011fi bu hik\u00e2yede, se\u00e7imler ya a\u015fk\u0131 getirecek ya da her \u015feyi yak\u0131p k\u00fcl edecektir&#8230; <\/p>\n","protected":false},"excerpt":{"rendered":"<p>Aden ve Devrim, ayn\u0131 mafya konseyine ba\u011fl\u0131 iki g\u00fc\u00e7l\u00fc ailenin \u00e7ocuklar\u0131d\u0131r. Aden, ge\u00e7mi\u015fte ailesinin onun ad\u0131na bir evlilik anla\u015fmas\u0131 yapt\u0131\u011f\u0131n\u0131 bilmemektedir. Oysa Devrim, y\u0131llard\u0131r bu anla\u015fman\u0131n<span class=\"excerpt-hellip\"> [\u2026]<\/span><\/p>\n","protected":false},"featured_media":0,"template":"","meta":{"_monsterinsights_skip_tracking":false,"_monsterinsights_sitenote_active":false,"_monsterinsights_sitenote_note":"","_monsterinsights_sitenote_category":0},"product_brand":[],"product_cat":[12291,12711],"product_tag":[],"class_list":{"0":"post-772306","1":"product","2":"type-product","3":"status-publish","5":"product_cat-edebiyat","6":"product_cat-roman-oyku","7":"pa_cilt-ciltsiz","8":"pa_tur-kitap","9":"pa_yayinevi-ulysses-yayinlari","10":"pa_yazar-ruyam","12":"first","13":"instock","14":"sale","15":"shipping-taxable","16":"purchasable","17":"product-type-simple"},"_links":{"self":[{"href":"https:\/\/roveyayinevi.com.tr\/index.php\/wp-json\/wp\/v2\/product\/772306","targetHints":{"allow":["GET"]}}],"collection":[{"href":"https:\/\/roveyayinevi.com.tr\/index.php\/wp-json\/wp\/v2\/product"}],"about":[{"href":"https:\/\/roveyayinevi.com.tr\/index.php\/wp-json\/wp\/v2\/types\/product"}],"wp:attachment":[{"href":"https:\/\/roveyayinevi.com.tr\/index.php\/wp-json\/wp\/v2\/media?parent=772306"}],"wp:term":[{"taxonomy":"product_brand","embeddable":true,"href":"https:\/\/roveyayinevi.com.tr\/index.php\/wp-json\/wp\/v2\/product_brand?post=772306"},{"taxonomy":"product_cat","embeddable":true,"href":"https:\/\/roveyayinevi.com.tr\/index.php\/wp-json\/wp\/v2\/product_cat?post=772306"},{"taxonomy":"product_tag","embeddable":true,"href":"https:\/\/roveyayinevi.com.tr\/index.php\/wp-json\/wp\/v2\/product_tag?post=772306"}],"curies":[{"name":"wp","href":"https:\/\/api.w.org\/{rel}","templated":true}]}}