{"id":772305,"date":"2025-08-28T15:35:29","date_gmt":"2025-08-28T12:35:29","guid":{"rendered":"https:\/\/roveyayinevi.com.tr\/index.php\/urun\/gecmisin-muhru\/"},"modified":"2026-04-15T03:38:44","modified_gmt":"2026-04-15T00:38:44","slug":"gecmisin-muhru","status":"publish","type":"product","link":"https:\/\/roveyayinevi.com.tr\/index.php\/urun\/gecmisin-muhru\/","title":{"rendered":"Ge\u00e7mi\u015fin M\u00fchr\u00fc"},"content":{"rendered":"<p>G\u00f6beklitepe&#8217;nin b\u00fcy\u00fcleyici ta\u015flar\u0131 aras\u0131nda gizlenen s\u0131rlar hem tarihi hem de insan ruhunu derinlemesine sorgulayan bir yolculu\u011fun kap\u0131lar\u0131n\u0131 aral\u0131yor. Arkeolog \u015eehrazad Kaya, topra\u011f\u0131n alt\u0131ndaki kadim s\u0131rlar\u0131 g\u00fcn y\u00fcz\u00fcne \u00e7\u0131kar\u0131rken, ge\u00e7mi\u015fin karanl\u0131k izlerini ta\u015f\u0131yan d\u00fc\u015fman ailenin o\u011flu Komiser Aslan Miro\u011flu ile yollar\u0131 kesi\u015fir. Bir yanda ailelerinin kanla yaz\u0131lm\u0131\u015f d\u00fc\u015fmanl\u0131klar\u0131, di\u011fer yanda tarih ve kaderin onlar\u0131 birbirine ba\u011flayan gizemli dokunu\u015flar\u0131&#8230; G\u00f6beklitepe&#8217;de ya\u015fanan esrarengiz bir h\u0131rs\u0131zl\u0131k olay\u0131, iki karakteri ayn\u0131 m\u00fccadelede bulu\u015ftururken i\u00e7lerinde ta\u015f\u0131d\u0131klar\u0131 karma\u015f\u0131k duygularla y\u00fczle\u015fmelerine de neden olur. A\u015fk, nefret ve tarihin g\u00f6lgesinde ge\u00e7en bu hik\u00e2ye yaln\u0131zca bir a\u015fk roman\u0131 de\u011fil; ayn\u0131 zamanda ge\u00e7mi\u015fin yaralar\u0131n\u0131 sarma, kimlik aray\u0131\u015f\u0131 ve insan ruhunun derinliklerine bir bak\u0131\u015f sunuyor. \u015eehrazad ve Aslan&#8217;\u0131n hik\u00e2yesi, okuyucuyu Mezopotamya&#8217;n\u0131n mistik atmosferine ve insan kalbinin karma\u015f\u0131k yolculu\u011funa davet ediyor. <\/p>\n","protected":false},"excerpt":{"rendered":"<p>G\u00f6beklitepe&#8217;nin b\u00fcy\u00fcleyici ta\u015flar\u0131 aras\u0131nda gizlenen s\u0131rlar hem tarihi hem de insan ruhunu derinlemesine sorgulayan bir yolculu\u011fun kap\u0131lar\u0131n\u0131 aral\u0131yor. Arkeolog \u015eehrazad Kaya, topra\u011f\u0131n alt\u0131ndaki kadim s\u0131rlar\u0131 g\u00fcn<span class=\"excerpt-hellip\"> [\u2026]<\/span><\/p>\n","protected":false},"featured_media":0,"template":"","meta":{"_monsterinsights_skip_tracking":false,"_monsterinsights_sitenote_active":false,"_monsterinsights_sitenote_note":"","_monsterinsights_sitenote_category":0},"product_brand":[],"product_cat":[12291,12711],"product_tag":[],"class_list":{"0":"post-772305","1":"product","2":"type-product","3":"status-publish","5":"product_cat-edebiyat","6":"product_cat-roman-oyku","7":"pa_cilt-ciltsiz","8":"pa_tur-kitap","9":"pa_yayinevi-ulysses-yayinlari","10":"pa_yazar-havva-cetiner","12":"first","13":"instock","14":"sale","15":"shipping-taxable","16":"purchasable","17":"product-type-simple"},"_links":{"self":[{"href":"https:\/\/roveyayinevi.com.tr\/index.php\/wp-json\/wp\/v2\/product\/772305","targetHints":{"allow":["GET"]}}],"collection":[{"href":"https:\/\/roveyayinevi.com.tr\/index.php\/wp-json\/wp\/v2\/product"}],"about":[{"href":"https:\/\/roveyayinevi.com.tr\/index.php\/wp-json\/wp\/v2\/types\/product"}],"wp:attachment":[{"href":"https:\/\/roveyayinevi.com.tr\/index.php\/wp-json\/wp\/v2\/media?parent=772305"}],"wp:term":[{"taxonomy":"product_brand","embeddable":true,"href":"https:\/\/roveyayinevi.com.tr\/index.php\/wp-json\/wp\/v2\/product_brand?post=772305"},{"taxonomy":"product_cat","embeddable":true,"href":"https:\/\/roveyayinevi.com.tr\/index.php\/wp-json\/wp\/v2\/product_cat?post=772305"},{"taxonomy":"product_tag","embeddable":true,"href":"https:\/\/roveyayinevi.com.tr\/index.php\/wp-json\/wp\/v2\/product_tag?post=772305"}],"curies":[{"name":"wp","href":"https:\/\/api.w.org\/{rel}","templated":true}]}}