{"id":772304,"date":"2025-08-28T15:35:27","date_gmt":"2025-08-28T12:35:27","guid":{"rendered":"https:\/\/roveyayinevi.com.tr\/index.php\/urun\/denizin-mavi-ruhu\/"},"modified":"2026-04-08T03:35:05","modified_gmt":"2026-04-08T00:35:05","slug":"denizin-mavi-ruhu","status":"publish","type":"product","link":"https:\/\/roveyayinevi.com.tr\/index.php\/urun\/denizin-mavi-ruhu\/","title":{"rendered":"Denizin Mavi Ruhu"},"content":{"rendered":"<p>Kendimi bildim bileli, hayat\u0131mda hep eksik kalan notalar\u0131n pe\u015findeydim. Sessiz ve hissiz ya\u015famaya ne kadar tutkun biri olsam dahi kendimi her zaman denizin \u0131ss\u0131zl\u0131\u011f\u0131nda \u0131sl\u0131k \u00e7alarken bulurdum. Kay\u0131plar\u0131m\u0131 ya da kazanmaya \u00e7al\u0131\u015ft\u0131\u011f\u0131m b\u00fct\u00fcn yenilgilerimi, benden daha fazla uzakla\u015fmas\u0131na izin vermeden, yokluk diye adland\u0131rd\u0131\u011f\u0131m\u0131z karanl\u0131\u011f\u0131n i\u00e7erisinde arad\u0131m y\u0131llarca. Belki de kazanmak istedi\u011fim en b\u00fcy\u00fck yenilgim buydu. Fakat kaybetti\u011fim her \u015feyi, a\u015fk\u0131n her an\u0131nda bulabilmeyi \u00f6\u011frendim. Nereden bilebilirdim ki a\u015fk sarma\u015f\u0131\u011f\u0131n\u0131n ruhumu ele ge\u00e7irebilece\u011fini? Nereden bilebilirdim ki deniz g\u00f6zl\u00fc \u00e7ocu\u011fa g\u00f6n\u00fcl verece\u011fimi? Hik\u00e2yeleri her zaman ba\u015fkalar\u0131n\u0131n kalemiyle ya da kendi kalemimizle kurgulard\u0131k. Benim ismim, R\u00fcya. Ben kendi hik\u00e2yemi, arad\u0131klar\u0131m\u0131 buldu\u011fumda, mavinin ruhunu i\u00e7imde hissedip g\u00f6ky\u00fcz\u00fcnde arayacakt\u0131m. Kendi kaderimin \u00e7izgisini yine ben \u015fekillendirip hayat a\u011fac\u0131na sarmalayacakt\u0131m. Belki de hayat\u0131mda var olan sadece senin mavili\u011findi. <\/p>\n","protected":false},"excerpt":{"rendered":"<p>Kendimi bildim bileli, hayat\u0131mda hep eksik kalan notalar\u0131n pe\u015findeydim. Sessiz ve hissiz ya\u015famaya ne kadar tutkun biri olsam dahi kendimi her zaman denizin \u0131ss\u0131zl\u0131\u011f\u0131nda \u0131sl\u0131k \u00e7alarken<span class=\"excerpt-hellip\"> [\u2026]<\/span><\/p>\n","protected":false},"featured_media":0,"template":"","meta":{"_monsterinsights_skip_tracking":false,"_monsterinsights_sitenote_active":false,"_monsterinsights_sitenote_note":"","_monsterinsights_sitenote_category":0},"product_brand":[],"product_cat":[12291,12711],"product_tag":[],"class_list":{"0":"post-772304","1":"product","2":"type-product","3":"status-publish","5":"product_cat-edebiyat","6":"product_cat-roman-oyku","7":"pa_cilt-ciltsiz","8":"pa_tur-kitap","9":"pa_yayinevi-ulysses-yayinlari","10":"pa_yazar-meryem-esma-kiraz","12":"first","13":"instock","14":"sale","15":"shipping-taxable","16":"purchasable","17":"product-type-simple"},"_links":{"self":[{"href":"https:\/\/roveyayinevi.com.tr\/index.php\/wp-json\/wp\/v2\/product\/772304","targetHints":{"allow":["GET"]}}],"collection":[{"href":"https:\/\/roveyayinevi.com.tr\/index.php\/wp-json\/wp\/v2\/product"}],"about":[{"href":"https:\/\/roveyayinevi.com.tr\/index.php\/wp-json\/wp\/v2\/types\/product"}],"wp:attachment":[{"href":"https:\/\/roveyayinevi.com.tr\/index.php\/wp-json\/wp\/v2\/media?parent=772304"}],"wp:term":[{"taxonomy":"product_brand","embeddable":true,"href":"https:\/\/roveyayinevi.com.tr\/index.php\/wp-json\/wp\/v2\/product_brand?post=772304"},{"taxonomy":"product_cat","embeddable":true,"href":"https:\/\/roveyayinevi.com.tr\/index.php\/wp-json\/wp\/v2\/product_cat?post=772304"},{"taxonomy":"product_tag","embeddable":true,"href":"https:\/\/roveyayinevi.com.tr\/index.php\/wp-json\/wp\/v2\/product_tag?post=772304"}],"curies":[{"name":"wp","href":"https:\/\/api.w.org\/{rel}","templated":true}]}}