{"id":772302,"date":"2025-08-28T15:35:23","date_gmt":"2025-08-28T12:35:23","guid":{"rendered":"https:\/\/roveyayinevi.com.tr\/index.php\/urun\/ruhun-yolculugu\/"},"modified":"2026-04-15T03:38:44","modified_gmt":"2026-04-15T00:38:44","slug":"ruhun-yolculugu","status":"publish","type":"product","link":"https:\/\/roveyayinevi.com.tr\/index.php\/urun\/ruhun-yolculugu\/","title":{"rendered":"Ruhun Yolculu\u011fu"},"content":{"rendered":"<p>Hepimiz kim oldu\u011fumuzu, neye y\u00f6neldi\u011fimizi ve neden ayn\u0131 d\u00f6ng\u00fclerde s\u0131k\u0131\u015f\u0131p kald\u0131\u011f\u0131m\u0131z\u0131 merak ederiz.   Peki ya bu sorular\u0131n yan\u0131tlar\u0131 biz daha do\u011fmadan g\u00f6ky\u00fcz\u00fcne yaz\u0131ld\u0131ysa? Astrolog R. Hakan K\u0131rko\u011flu, Ruhun Yolculu\u011fu\u2019nda al\u0131\u015f\u0131lm\u0131\u015f\u0131n d\u0131\u015f\u0131nda bir bak\u0131\u015f a\u00e7\u0131s\u0131 sunuyor ve astrolojinin simgesel diliyle ruhun gizemli haritas\u0131n\u0131 \u00e7\u00f6z\u00fcmlemeye davet ediyor. Do\u011fumdan \u00f6nce ger\u00e7ekle\u015fen G\u00fcne\u015f tutulmalar\u0131n\u0131 bir pusula gibi kullanarak, ya\u015fam\u0131m\u0131z\u0131n ard\u0131ndaki g\u00f6r\u00fcnmez temalar\u0131, se\u00e7imlerin derin nedenlerini ve ruhumuzun bu hayattaki y\u00f6nelimlerini ortaya koyuyor.   K\u0131rko\u011flu, y\u0131llara yay\u0131lan dan\u0131\u015fmanl\u0131k deneyimleriyle \u015fekillenen bu eserde, astrolojiyi bur\u00e7lar ve g\u00fcnl\u00fck yorumlar\u0131n \u00f6tesine ta\u015f\u0131yor; onu hayat\u0131n anlam\u0131n\u0131 arayanlar i\u00e7in g\u00fc\u00e7l\u00fc bir i\u00e7sel ke\u015fif arac\u0131na d\u00f6n\u00fc\u015ft\u00fcr\u00fcyor. Astroloji, burada bir kehanet de\u011fil; ruhsal e\u011filimleri ve fark\u0131nda olmadan izledi\u011fimiz kal\u0131plar\u0131 anlamam\u0131za yard\u0131mc\u0131 olan bir bilin\u00e7 rehberi olarak kar\u015f\u0131m\u0131za \u00e7\u0131k\u0131yor. Her sayfa, \u201cneden bu hayat\u0131 ya\u015f\u0131yorum?\u201d sorusuna kozmik bir yan\u0131t sunarken; astrolojiyi bir yazg\u0131 de\u011fil, bilin\u00e7li se\u00e7imlerin rehberi olarak yeniden tan\u0131ml\u0131yor. Ruhunuzun sizi \u00e7a\u011f\u0131rd\u0131\u011f\u0131 yere y\u00fcr\u00fcmeye haz\u0131r m\u0131s\u0131n\u0131z? <\/p>\n","protected":false},"excerpt":{"rendered":"<p>Hepimiz kim oldu\u011fumuzu, neye y\u00f6neldi\u011fimizi ve neden ayn\u0131 d\u00f6ng\u00fclerde s\u0131k\u0131\u015f\u0131p kald\u0131\u011f\u0131m\u0131z\u0131 merak ederiz. Peki ya bu sorular\u0131n yan\u0131tlar\u0131 biz daha do\u011fmadan g\u00f6ky\u00fcz\u00fcne yaz\u0131ld\u0131ysa? Astrolog R. Hakan<span class=\"excerpt-hellip\"> [\u2026]<\/span><\/p>\n","protected":false},"featured_media":0,"template":"","meta":{"_monsterinsights_skip_tracking":false,"_monsterinsights_sitenote_active":false,"_monsterinsights_sitenote_note":"","_monsterinsights_sitenote_category":0},"product_brand":[],"product_cat":[19840,12364],"product_tag":[],"class_list":{"0":"post-772302","1":"product","2":"type-product","3":"status-publish","5":"product_cat-astroloji","6":"product_cat-genel-konular","7":"pa_cilt-ciltsiz","8":"pa_tur-kitap","9":"pa_yayinevi-alfa-yayinlari","10":"pa_yazar-r-hakan-kirkoglu","12":"first","13":"instock","14":"sale","15":"shipping-taxable","16":"purchasable","17":"product-type-simple"},"_links":{"self":[{"href":"https:\/\/roveyayinevi.com.tr\/index.php\/wp-json\/wp\/v2\/product\/772302","targetHints":{"allow":["GET"]}}],"collection":[{"href":"https:\/\/roveyayinevi.com.tr\/index.php\/wp-json\/wp\/v2\/product"}],"about":[{"href":"https:\/\/roveyayinevi.com.tr\/index.php\/wp-json\/wp\/v2\/types\/product"}],"wp:attachment":[{"href":"https:\/\/roveyayinevi.com.tr\/index.php\/wp-json\/wp\/v2\/media?parent=772302"}],"wp:term":[{"taxonomy":"product_brand","embeddable":true,"href":"https:\/\/roveyayinevi.com.tr\/index.php\/wp-json\/wp\/v2\/product_brand?post=772302"},{"taxonomy":"product_cat","embeddable":true,"href":"https:\/\/roveyayinevi.com.tr\/index.php\/wp-json\/wp\/v2\/product_cat?post=772302"},{"taxonomy":"product_tag","embeddable":true,"href":"https:\/\/roveyayinevi.com.tr\/index.php\/wp-json\/wp\/v2\/product_tag?post=772302"}],"curies":[{"name":"wp","href":"https:\/\/api.w.org\/{rel}","templated":true}]}}