{"id":772301,"date":"2025-08-28T15:35:22","date_gmt":"2025-08-28T12:35:22","guid":{"rendered":"https:\/\/roveyayinevi.com.tr\/index.php\/urun\/aile-sosyolojisi-2\/"},"modified":"2025-09-25T11:26:35","modified_gmt":"2025-09-25T08:26:35","slug":"aile-sosyolojisi-2","status":"publish","type":"product","link":"https:\/\/roveyayinevi.com.tr\/index.php\/urun\/aile-sosyolojisi-2\/","title":{"rendered":"Aile Sosyolojisi"},"content":{"rendered":"<p>Aile Sosyolojisi Aile toplumun temeli olarak kabul edilir. T\u00fcrk aile yap\u0131s\u0131 ise hem k\u00fclt\u00fcrel hem tarihi hem de sosyal y\u00f6nden hep \u00f6rnek g\u00f6sterilir. Sosyolojinin g\u00f6z\u00fcyle bilimsel k\u0131staslar \u00f6l\u00e7\u00fcs\u00fcnde yakla\u015f\u0131ld\u0131\u011f\u0131nda aile nas\u0131l bir kurumdur? Hem de\u011ferler hem de problemler y\u00f6n\u00fcnden sosyoloji ilmi aileye bak\u0131\u015f\u0131m\u0131z\u0131 nas\u0131l etkiler? Erg\u00fcn Y\u0131ld\u0131r\u0131m ve Kadir Canatan akademik yetkinliklerini ve k\u00fclt\u00fcrel birikimlerini \u2018Aile Sosyolojisi\u2019 \u00e7at\u0131s\u0131 alt\u0131nda harekete ge\u00e7iriyor ve \u00e7ok ba\u011flaml\u0131 perspektiflerin sunulmas\u0131na imkan veriyorlar. Alanlar\u0131ndaki birikimli sosyologlar \u2018Aile Sosyolojisi\u2019nin ufkunu alabildi\u011fine geni\u015fletiyorlar. Uzmanlar, \u00f6\u011frenciler, entelekt\u00fcel ve sosyal bilimciler i\u00e7in k\u0131lavuz bir kitap. <\/p>\n","protected":false},"excerpt":{"rendered":"<p>Aile Sosyolojisi Aile toplumun temeli olarak kabul edilir. T\u00fcrk aile yap\u0131s\u0131 ise hem k\u00fclt\u00fcrel hem tarihi hem de sosyal y\u00f6nden hep \u00f6rnek g\u00f6sterilir. Sosyolojinin g\u00f6z\u00fcyle bilimsel<span class=\"excerpt-hellip\"> [\u2026]<\/span><\/p>\n","protected":false},"featured_media":0,"template":"","meta":{"_monsterinsights_skip_tracking":false,"_monsterinsights_sitenote_active":false,"_monsterinsights_sitenote_note":"","_monsterinsights_sitenote_category":0},"product_brand":[],"product_cat":[12835,12324],"product_tag":[],"class_list":{"0":"post-772301","1":"product","2":"type-product","3":"status-publish","5":"product_cat-genel-sosyoloji","6":"product_cat-sosyoloji","7":"pa_cilt-ciltsiz","8":"pa_tur-kitap","9":"pa_yayinevi-kapi-yayinlari","10":"pa_yazar-ergun-yildirim-kadir-canatan","12":"first","13":"instock","14":"sale","15":"shipping-taxable","16":"purchasable","17":"product-type-simple"},"_links":{"self":[{"href":"https:\/\/roveyayinevi.com.tr\/index.php\/wp-json\/wp\/v2\/product\/772301","targetHints":{"allow":["GET"]}}],"collection":[{"href":"https:\/\/roveyayinevi.com.tr\/index.php\/wp-json\/wp\/v2\/product"}],"about":[{"href":"https:\/\/roveyayinevi.com.tr\/index.php\/wp-json\/wp\/v2\/types\/product"}],"wp:attachment":[{"href":"https:\/\/roveyayinevi.com.tr\/index.php\/wp-json\/wp\/v2\/media?parent=772301"}],"wp:term":[{"taxonomy":"product_brand","embeddable":true,"href":"https:\/\/roveyayinevi.com.tr\/index.php\/wp-json\/wp\/v2\/product_brand?post=772301"},{"taxonomy":"product_cat","embeddable":true,"href":"https:\/\/roveyayinevi.com.tr\/index.php\/wp-json\/wp\/v2\/product_cat?post=772301"},{"taxonomy":"product_tag","embeddable":true,"href":"https:\/\/roveyayinevi.com.tr\/index.php\/wp-json\/wp\/v2\/product_tag?post=772301"}],"curies":[{"name":"wp","href":"https:\/\/api.w.org\/{rel}","templated":true}]}}