{"id":772299,"date":"2025-08-28T15:35:18","date_gmt":"2025-08-28T12:35:18","guid":{"rendered":"https:\/\/roveyayinevi.com.tr\/index.php\/urun\/cok-severim\/"},"modified":"2026-04-15T03:38:43","modified_gmt":"2026-04-15T00:38:43","slug":"cok-severim","status":"publish","type":"product","link":"https:\/\/roveyayinevi.com.tr\/index.php\/urun\/cok-severim\/","title":{"rendered":"\u00c7ok Severim"},"content":{"rendered":"<p>\u0130stanbul\u2019da bir gezintiye ne dersiniz? Bu kentin sokaklar\u0131 aras\u0131nda gezerken T\u00fcrkiye \u0130\u015f Bankas\u0131 Sanat Eserleri Koleksiyonu\u2019ndaki tablolar bize e\u015flik edecek. Birlikte renkler aras\u0131nda yapaca\u011f\u0131m\u0131z bu yolculuk, hem bizlere pek \u00e7ok duyguyu ya\u015fatacak hem de \u00fcnl\u00fc ressamlar\u0131n f\u0131r\u00e7alar\u0131ndan \u00e7\u0131km\u0131\u015f \u00f6nemli tablolar\u0131 \u00f6\u011frenmemize olanak sa\u011flayacak. <\/p>\n","protected":false},"excerpt":{"rendered":"<p>\u0130stanbul\u2019da bir gezintiye ne dersiniz? Bu kentin sokaklar\u0131 aras\u0131nda gezerken T\u00fcrkiye \u0130\u015f Bankas\u0131 Sanat Eserleri Koleksiyonu\u2019ndaki tablolar bize e\u015flik edecek. Birlikte renkler aras\u0131nda yapaca\u011f\u0131m\u0131z bu yolculuk,<span class=\"excerpt-hellip\"> [\u2026]<\/span><\/p>\n","protected":false},"featured_media":0,"template":"","meta":{"_monsterinsights_skip_tracking":false,"_monsterinsights_sitenote_active":false,"_monsterinsights_sitenote_note":"","_monsterinsights_sitenote_category":0},"product_brand":[],"product_cat":[12274,12518],"product_tag":[],"class_list":{"0":"post-772299","1":"product","2":"type-product","3":"status-publish","5":"product_cat-cocuk-ve-genclik-kitaplari","6":"product_cat-okul-oncesi-kitaplar","7":"pa_cilt-ciltsiz","8":"pa_tur-kitap","9":"pa_yayinevi-is-bankasi-kultur-yayinlari","10":"pa_yazar-burcu-ural-kopan","12":"first","13":"instock","14":"sale","15":"shipping-taxable","16":"purchasable","17":"product-type-simple"},"_links":{"self":[{"href":"https:\/\/roveyayinevi.com.tr\/index.php\/wp-json\/wp\/v2\/product\/772299","targetHints":{"allow":["GET"]}}],"collection":[{"href":"https:\/\/roveyayinevi.com.tr\/index.php\/wp-json\/wp\/v2\/product"}],"about":[{"href":"https:\/\/roveyayinevi.com.tr\/index.php\/wp-json\/wp\/v2\/types\/product"}],"wp:attachment":[{"href":"https:\/\/roveyayinevi.com.tr\/index.php\/wp-json\/wp\/v2\/media?parent=772299"}],"wp:term":[{"taxonomy":"product_brand","embeddable":true,"href":"https:\/\/roveyayinevi.com.tr\/index.php\/wp-json\/wp\/v2\/product_brand?post=772299"},{"taxonomy":"product_cat","embeddable":true,"href":"https:\/\/roveyayinevi.com.tr\/index.php\/wp-json\/wp\/v2\/product_cat?post=772299"},{"taxonomy":"product_tag","embeddable":true,"href":"https:\/\/roveyayinevi.com.tr\/index.php\/wp-json\/wp\/v2\/product_tag?post=772299"}],"curies":[{"name":"wp","href":"https:\/\/api.w.org\/{rel}","templated":true}]}}