{"id":772296,"date":"2025-08-28T15:35:12","date_gmt":"2025-08-28T12:35:12","guid":{"rendered":"https:\/\/roveyayinevi.com.tr\/index.php\/urun\/gelibolu\/"},"modified":"2026-04-15T03:38:43","modified_gmt":"2026-04-15T00:38:43","slug":"gelibolu","status":"publish","type":"product","link":"https:\/\/roveyayinevi.com.tr\/index.php\/urun\/gelibolu\/","title":{"rendered":"Gelibolu"},"content":{"rendered":"<p>\u201cMustafa Kemal sald\u0131r\u0131n\u0131n ba\u015f\u0131ndan beri Anzak cephesinde, en \u015fiddetli \u00e7arp\u0131\u015fmalar\u0131n ortas\u0131ndad\u0131r. Komutas\u0131 alt\u0131ndaki 19. T\u00fcmen, Yeni Zelanda ilerleyi\u015finin ilk darbesini kar\u015f\u0131lam\u0131\u015f, 7 A\u011fustos\u2019ta Avustralya hafif s\u00fcvarilerini yok etmi\u015f, o andan bu yana da gece g\u00fcnd\u00fcz sava\u015fa devam etmi\u015ftir. Kemal\u2019in g\u00f6z\u00fcnde T\u00fcrklerin durumu \u2018son derecede hassast\u0131r\u2019. Bu g\u00f6r\u00fc\u015flerini 8 A\u011fustos\u2019ta Liman\u2019\u0131n kurmay ba\u015fkan\u0131na telefonda iletir. Ona g\u00f6re Conkbay\u0131r\u0131\u2019ndaki kar\u0131\u015f\u0131kl\u0131\u011f\u0131 d\u00fczeltmek \u00fczere hemen bir \u015feyler yap\u0131lmazsa, t\u00fcm vadiden \u00e7ekilmek zorunda kalacaklard\u0131r. Bu nedenle b\u00fct\u00fcn cephenin tek bir komuta alt\u0131nda toplanmas\u0131 gerekir. \u2018Eldeki b\u00fct\u00fcn birliklerin komutam alt\u0131na girmesinden ba\u015fka \u00e7are yoktur\u2019 der.\u201d \u0130tilaf Devletleri\u2019nin \u00c7anakkale harek\u00e2t\u0131n\u0131n amac\u0131 Bo\u011fazlar\u2019\u0131 ge\u00e7ip ba\u015fkent \u0130stanbul&#8217;u ele ge\u00e7irmek, b\u00f6ylece Osmanl\u0131 \u0130mparatorlu\u011fu\u2019nu sava\u015f d\u0131\u015f\u0131 b\u0131rakarak Almanya\u2019yla sava\u015fan Rus ordusuna destek sa\u011flamakt\u0131. Alan Moorehead, resmi kay\u0131tlar, belgeler, \u00f6zel mektuplar, g\u00fcnl\u00fckler ve hat\u0131ralardan faydalanarak iki taraf\u0131n sava\u015f haz\u0131rl\u0131klar\u0131n\u0131, \u00c7anakkale deniz ve kara muharebelerini, siyasi ve askeri sonu\u00e7lar\u0131n\u0131 aktar\u0131yor. <\/p>\n","protected":false},"excerpt":{"rendered":"<p>\u201cMustafa Kemal sald\u0131r\u0131n\u0131n ba\u015f\u0131ndan beri Anzak cephesinde, en \u015fiddetli \u00e7arp\u0131\u015fmalar\u0131n ortas\u0131ndad\u0131r. Komutas\u0131 alt\u0131ndaki 19. T\u00fcmen, Yeni Zelanda ilerleyi\u015finin ilk darbesini kar\u015f\u0131lam\u0131\u015f, 7 A\u011fustos\u2019ta Avustralya hafif s\u00fcvarilerini<span class=\"excerpt-hellip\"> [\u2026]<\/span><\/p>\n","protected":false},"featured_media":0,"template":"","meta":{"_monsterinsights_skip_tracking":false,"_monsterinsights_sitenote_active":false,"_monsterinsights_sitenote_note":"","_monsterinsights_sitenote_category":0},"product_brand":[],"product_cat":[12370,12304],"product_tag":[],"class_list":{"0":"post-772296","1":"product","2":"type-product","3":"status-publish","5":"product_cat-arastirma-inceleme","6":"product_cat-tarih","7":"pa_cilt-ciltsiz","8":"pa_tur-kitap","9":"pa_yayinevi-is-bankasi-kultur-yayinlari","10":"pa_yazar-alan-moorehead","12":"first","13":"instock","14":"sale","15":"shipping-taxable","16":"purchasable","17":"product-type-simple"},"_links":{"self":[{"href":"https:\/\/roveyayinevi.com.tr\/index.php\/wp-json\/wp\/v2\/product\/772296","targetHints":{"allow":["GET"]}}],"collection":[{"href":"https:\/\/roveyayinevi.com.tr\/index.php\/wp-json\/wp\/v2\/product"}],"about":[{"href":"https:\/\/roveyayinevi.com.tr\/index.php\/wp-json\/wp\/v2\/types\/product"}],"wp:attachment":[{"href":"https:\/\/roveyayinevi.com.tr\/index.php\/wp-json\/wp\/v2\/media?parent=772296"}],"wp:term":[{"taxonomy":"product_brand","embeddable":true,"href":"https:\/\/roveyayinevi.com.tr\/index.php\/wp-json\/wp\/v2\/product_brand?post=772296"},{"taxonomy":"product_cat","embeddable":true,"href":"https:\/\/roveyayinevi.com.tr\/index.php\/wp-json\/wp\/v2\/product_cat?post=772296"},{"taxonomy":"product_tag","embeddable":true,"href":"https:\/\/roveyayinevi.com.tr\/index.php\/wp-json\/wp\/v2\/product_tag?post=772296"}],"curies":[{"name":"wp","href":"https:\/\/api.w.org\/{rel}","templated":true}]}}