{"id":772291,"date":"2025-08-28T15:35:01","date_gmt":"2025-08-28T12:35:01","guid":{"rendered":"https:\/\/roveyayinevi.com.tr\/index.php\/urun\/gorunmez-oyuncu-2\/"},"modified":"2026-04-15T03:38:43","modified_gmt":"2026-04-15T00:38:43","slug":"gorunmez-oyuncu-2","status":"publish","type":"product","link":"https:\/\/roveyayinevi.com.tr\/index.php\/urun\/gorunmez-oyuncu-2\/","title":{"rendered":"G\u00f6r\u00fcnmez Oyuncu"},"content":{"rendered":"<p>Sinema ve Sahne Sanatlar\u0131 Serisi     Kabuki tiyatrosunda &#8220;aya bakmak&#8221; denilen ve oyuncunun i\u015faret parma\u011f\u0131yla g\u00f6ky\u00fcz\u00fcn\u00fc g\u00f6sterdi\u011fi bir hareket vard\u0131r. Bir oyuncu hayal edelim: \u00c7ok yeteneklidir; bu hareketi \u00e7ok zarif bir \u015fekilde yapar; seyirciyi, yapt\u0131\u011f\u0131 hareketin g\u00fczelli\u011fiyle b\u00fcy\u00fcler, herkesi bu konudaki ustal\u0131\u011f\u0131na hayran b\u0131rak\u0131r. Ba\u015fka bir oyuncu hayal edelim: O da ayn\u0131 hareketi yapar, ama seyirci hareketin zarafetinin fark\u0131na varmaz, ay\u0131 g\u00f6steren oyuncuyu de\u011fil, oyuncunun i\u015faret etti\u011fi ay\u0131 g\u00f6r\u00fcr. Yoshi Oida&#8217;n\u0131n g\u00f6nl\u00fc, seyirciye ay\u0131 g\u00f6stermeyi ba\u015faran oyuncudan, yani &#8220;g\u00f6r\u00fcnmez&#8221; olabilen oyuncudan yanad\u0131r. Geli\u015ftirdi\u011fi oyunculuk metodunun \u00f6z\u00fc de budur. Oida&#8217;ya g\u00f6re insan\u0131n bir g\u00f6r\u00fcnen y\u00fcz vard\u0131r bir de i\u00e7eride sakl\u0131 olan ba\u015fka bir y\u00fcz. Sadece y\u00fczeyde g\u00f6r\u00fcneni e\u011fitme yanl\u0131\u015f\u0131na d\u00fc\u015fmemek gerekir. Oida; sahnede g\u00fczel bir v\u00fccut, kuvvetli bir sahne duru\u015fu sergilemek istiyorsak benli\u011fimizi de e\u011fitmemiz gerekti\u011finin alt\u0131n\u0131 \u00e7iziyor. E\u011fer i\u00e7 d\u00fcnyam\u0131z yeteri kadar beslenemiyorsa, g\u00fczel hareketlerin de, muhte\u015fem ses tekni\u011finin de, zarif kost\u00fcmlerin, etkileyici makyajlar\u0131n da bir anlam\u0131 olmayacakt\u0131r. \u0130\u00e7 olmadan d\u0131\u015f hi\u00e7bir i\u015fe yaramaz. <\/p>\n","protected":false},"excerpt":{"rendered":"<p>Sinema ve Sahne Sanatlar\u0131 Serisi Kabuki tiyatrosunda &#8220;aya bakmak&#8221; denilen ve oyuncunun i\u015faret parma\u011f\u0131yla g\u00f6ky\u00fcz\u00fcn\u00fc g\u00f6sterdi\u011fi bir hareket vard\u0131r. Bir oyuncu hayal edelim: \u00c7ok yeteneklidir; bu<span class=\"excerpt-hellip\"> [\u2026]<\/span><\/p>\n","protected":false},"featured_media":0,"template":"","meta":{"_monsterinsights_skip_tracking":false,"_monsterinsights_sitenote_active":false,"_monsterinsights_sitenote_note":"","_monsterinsights_sitenote_category":0},"product_brand":[],"product_cat":[12291,15566],"product_tag":[],"class_list":{"0":"post-772291","1":"product","2":"type-product","3":"status-publish","5":"product_cat-edebiyat","6":"product_cat-oyun","7":"pa_cilt-ciltsiz","8":"pa_tur-kitap","9":"pa_yayinevi-bogazici-universitesi-yayinevi","10":"pa_yazar-yoshi-oida-lorna-marshall","12":"first","13":"instock","14":"sale","15":"shipping-taxable","16":"purchasable","17":"product-type-simple"},"_links":{"self":[{"href":"https:\/\/roveyayinevi.com.tr\/index.php\/wp-json\/wp\/v2\/product\/772291","targetHints":{"allow":["GET"]}}],"collection":[{"href":"https:\/\/roveyayinevi.com.tr\/index.php\/wp-json\/wp\/v2\/product"}],"about":[{"href":"https:\/\/roveyayinevi.com.tr\/index.php\/wp-json\/wp\/v2\/types\/product"}],"wp:attachment":[{"href":"https:\/\/roveyayinevi.com.tr\/index.php\/wp-json\/wp\/v2\/media?parent=772291"}],"wp:term":[{"taxonomy":"product_brand","embeddable":true,"href":"https:\/\/roveyayinevi.com.tr\/index.php\/wp-json\/wp\/v2\/product_brand?post=772291"},{"taxonomy":"product_cat","embeddable":true,"href":"https:\/\/roveyayinevi.com.tr\/index.php\/wp-json\/wp\/v2\/product_cat?post=772291"},{"taxonomy":"product_tag","embeddable":true,"href":"https:\/\/roveyayinevi.com.tr\/index.php\/wp-json\/wp\/v2\/product_tag?post=772291"}],"curies":[{"name":"wp","href":"https:\/\/api.w.org\/{rel}","templated":true}]}}