{"id":772287,"date":"2025-08-28T15:34:52","date_gmt":"2025-08-28T12:34:52","guid":{"rendered":"https:\/\/roveyayinevi.com.tr\/index.php\/urun\/benim-adim-saziment-nerede-akil-orada-fikir\/"},"modified":"2026-04-15T03:38:43","modified_gmt":"2026-04-15T00:38:43","slug":"benim-adim-saziment-nerede-akil-orada-fikir","status":"publish","type":"product","link":"https:\/\/roveyayinevi.com.tr\/index.php\/urun\/benim-adim-saziment-nerede-akil-orada-fikir\/","title":{"rendered":"Benim Ad\u0131m \u015eaziment &#8211; Nerede Ak\u0131l, Orada Fikir"},"content":{"rendered":"<p>\u015eaziment s\u0131radan biri de\u011fil. \u0130smiyle, d\u00fc\u015f\u00fcnceleriyle, tepkileriyle fark\u0131n\u0131 her yerde belli ediyor. Bazen k\u00fc\u00e7\u00fck bir tekerleme, bazen g\u00f6z\u00fcn\u00fc k\u0131rpmadan s\u00f6yledi\u011fi bir \u201chay\u0131r\u201d ile herkesi \u015fa\u015f\u0131rtabiliyor. O, hem g\u00fc\u00e7l\u00fc hem k\u0131r\u0131lgan. Hem \u00e7ok d\u00fc\u015f\u00fcn\u00fcyor hem \u00e7ok hissediyor. Re\u00e7ineler, unutulan \u00f6devler, panoya as\u0131lan resimler, bisiklet s\u00fcrmeyi \u00f6\u011frenmek, s\u0131n\u0131f arkada\u015flar\u0131yla ini\u015fli \u00e7\u0131k\u0131\u015fl\u0131 ili\u015fkiler&#8230; \u015eaziment\u2019in g\u00fcndelik hayat\u0131 s\u0131radan g\u00f6r\u00fcnebilir ama onun zihninde her \u015fey bamba\u015fka \u015fekillerde b\u00fcy\u00fcyor. Bu kitap; isimlerimizin kimli\u011fimize nas\u0131l dokundu\u011funu, yanl\u0131\u015f anla\u015f\u0131lman\u0131n can ac\u0131tan taraf\u0131n\u0131, hakl\u0131 olman\u0131n verdi\u011fi gururu ve \u00f6z\u00fcr dilemenin olgunlu\u011funu anlat\u0131yor. \u201cBen Ad\u0131m \u015eaziment,\u201d, sorgulayan \u00e7ocuklar\u0131n sesi, d\u00fc\u015f\u00fcnd\u00fck\u00e7e b\u00fcy\u00fcyenlerin aynas\u0131 olacak. \u015eaziment kim mi?Ad\u0131 biraz de\u011fi\u015fik olabilir ama kendisi tam da oldu\u011fu gibi biri! Bazen a\u011flayacak gibi oluyor, bazen kahkahalara bo\u011fuluyor. Bir g\u00fcn re\u00e7ine pe\u015finde ko\u015fuyor, bir g\u00fcn panoya as\u0131lan resmini ar\u0131yor. Bisiklet s\u00fcrmeyi \u00f6\u011freniyor, sunum heyecan\u0131 ya\u015f\u0131yor, bazen de bir arkada\u015f\u0131n\u0131n g\u00f6nl\u00fcn\u00fc almaya \u00e7al\u0131\u015f\u0131yor. \u015eaziment her \u015feyi kendince yorumluyor, kafas\u0131na tak\u0131lanlar\u0131 soruyor, kendi \u00e7\u00f6z\u00fcmlerini buluyor. \u00c7\u00fcnk\u00fc o kimseye benzemeye \u00e7al\u0131\u015fm\u0131yor, sadece kendisi gibi davran\u0131yor. Ve bu da \u00e7ok g\u00fczel bir \u015fey! \u00d6zg\u00fcven, empati, problem \u00e7\u00f6zme \u00fczerine kurulu bu e\u011flenceli kitap; sadece \u00e7ocuklara de\u011fil, onlar\u0131 dinleyen yeti\u015fkinlere de kendini hat\u0131rlat\u0131yor. Benim Ad\u0131m \u015eaziment, hem s\u0131n\u0131f k\u00fct\u00fcphanelerinin hem de evlerin ba\u015fk\u00f6\u015fesinde yerini alacak bir karakterle tan\u0131\u015ft\u0131r\u0131yor bizi. \u015eaziment\u2019i tan\u0131y\u0131nca, onu bir daha b\u0131rakmak istemeyeceksiniz! Ad\u0131n\u0131 unutamazs\u0131n, kendisini hi\u00e7 unutmak istemezsin: \u015eaziment seninle tan\u0131\u015fmak i\u00e7in sab\u0131rs\u0131zlan\u0131yor! M\u00fcfredat temalar\u0131:  MERAK, D\u00dc\u015e\u00dcNME, SORGULAMA, K\u0130ML\u0130K, KEND\u0130N\u0130 TANIMA, ARKADA\u015eLIK, SOSYAL \u0130L\u0130\u015eK\u0130LER, DUYGULARLA BA\u015e ETME, SORUMLULUK, KEND\u0130N\u0130 \u0130FADE ETME  <\/p>\n","protected":false},"excerpt":{"rendered":"<p>\u015eaziment s\u0131radan biri de\u011fil. \u0130smiyle, d\u00fc\u015f\u00fcnceleriyle, tepkileriyle fark\u0131n\u0131 her yerde belli ediyor. Bazen k\u00fc\u00e7\u00fck bir tekerleme, bazen g\u00f6z\u00fcn\u00fc k\u0131rpmadan s\u00f6yledi\u011fi bir \u201chay\u0131r\u201d ile herkesi \u015fa\u015f\u0131rtabiliyor. O,<span class=\"excerpt-hellip\"> [\u2026]<\/span><\/p>\n","protected":false},"featured_media":0,"template":"","meta":{"_monsterinsights_skip_tracking":false,"_monsterinsights_sitenote_active":false,"_monsterinsights_sitenote_note":"","_monsterinsights_sitenote_category":0},"product_brand":[],"product_cat":[12274,12284],"product_tag":[],"class_list":{"0":"post-772287","1":"product","2":"type-product","3":"status-publish","5":"product_cat-cocuk-ve-genclik-kitaplari","6":"product_cat-hikayeler","7":"pa_cilt-ciltsiz","8":"pa_tur-kitap","9":"pa_yayinevi-kronik-kitap","10":"pa_yazar-emine-sahin-tursun","12":"first","13":"instock","14":"sale","15":"shipping-taxable","16":"purchasable","17":"product-type-simple"},"_links":{"self":[{"href":"https:\/\/roveyayinevi.com.tr\/index.php\/wp-json\/wp\/v2\/product\/772287","targetHints":{"allow":["GET"]}}],"collection":[{"href":"https:\/\/roveyayinevi.com.tr\/index.php\/wp-json\/wp\/v2\/product"}],"about":[{"href":"https:\/\/roveyayinevi.com.tr\/index.php\/wp-json\/wp\/v2\/types\/product"}],"wp:attachment":[{"href":"https:\/\/roveyayinevi.com.tr\/index.php\/wp-json\/wp\/v2\/media?parent=772287"}],"wp:term":[{"taxonomy":"product_brand","embeddable":true,"href":"https:\/\/roveyayinevi.com.tr\/index.php\/wp-json\/wp\/v2\/product_brand?post=772287"},{"taxonomy":"product_cat","embeddable":true,"href":"https:\/\/roveyayinevi.com.tr\/index.php\/wp-json\/wp\/v2\/product_cat?post=772287"},{"taxonomy":"product_tag","embeddable":true,"href":"https:\/\/roveyayinevi.com.tr\/index.php\/wp-json\/wp\/v2\/product_tag?post=772287"}],"curies":[{"name":"wp","href":"https:\/\/api.w.org\/{rel}","templated":true}]}}