{"id":772285,"date":"2025-08-28T15:34:50","date_gmt":"2025-08-28T12:34:50","guid":{"rendered":"https:\/\/roveyayinevi.com.tr\/index.php\/urun\/insan-her-kosulda\/"},"modified":"2026-04-15T03:38:43","modified_gmt":"2026-04-15T00:38:43","slug":"insan-her-kosulda","status":"publish","type":"product","link":"https:\/\/roveyayinevi.com.tr\/index.php\/urun\/insan-her-kosulda\/","title":{"rendered":"\u0130nsan Her Ko\u015fulda"},"content":{"rendered":"<p>\u201c\u0130nsan\u0131 insan yapan akl\u0131 kadar kalbi de\u2026\u201d Ay\u015fe Bilge Sel\u00e7uk   \u0130nsan\u0131 insan yapan \u00f6zellikler neler?             Neyi neden yap\u0131yoruz?             Bebeklikten ba\u015flayan e\u011filimler geli\u015fimimizi nas\u0131l etkiliyor?             Olumsuz ya\u015fant\u0131lar\u0131n getirdi\u011fi d\u00f6ng\u00fc k\u0131r\u0131labilir mi? Kendimize ger\u00e7ekten bakabiliyor muyuz?               Psikoloji profes\u00f6r\u00fc Ay\u015fe Bilge Sel\u00e7uk, \u0130nsan Her Ko\u015fulda\u2019da t\u00fcm zay\u0131f yanlar\u0131na ra\u011fmen insan\u0131n \u201cinsan olmak\u201d i\u00e7in g\u00f6sterdi\u011fi m\u00fcthi\u015f \u00e7abay\u0131 anlat\u0131yor.    Yer yer bilimsel \u00e7al\u0131\u015fmalara, bazen edebiyata, sinemaya bak\u0131yor. Ba\u011f\u0131ml\u0131 olmadan ba\u011fl\u0131 kalmay\u0131, toplum i\u00e7inde ya\u015famas\u0131 gerekirken kendi olabilmeyi, b\u00fcy\u00fcmekten \u00f6te yeti\u015fmeyi, hayatta kalmay\u0131 de\u011fil ya\u015famay\u0131 tarif eden, hem akla hem kalbe yaslanarak k\u0131s\u0131r d\u00f6ng\u00fclerden \u00e7\u0131k\u0131\u015f bulunabilece\u011fini anlatan bu kitap, kendisinden ba\u015flayarak insan\u0131 anlamaya ve yine kendisinden ba\u015flayarak \u00e7ocu\u011funu yeti\u015ftirmeye y\u00f6nelen herkes i\u00e7in bir rehber niteli\u011finde.   \u201cAy\u015fe Bilge Sel\u00e7uk\u2019un \u0130NSAN HER KO\u015eULDA kitab\u0131n\u0131 okuyorum. Anne-babalar\u0131n ve \u00e7ocukla ilgilenen e\u011fitimcilerin zevkle okuyup rahat anlayabilecekleri bir kitap. Okurken hem kendimi buluyorum hem de zenginle\u015fip yenileniyorum. Sayfa kenarlar\u0131na s\u00fcrekli notlar al\u0131yorum. \u00c7ok zevkli bir s\u00fcre\u00e7, acele etmiyorum, tad\u0131n\u0131 \u00e7\u0131kar\u0131yorum. Akademisyenlerimizi Ay\u015fe Bilge Sel\u00e7uk gibi kitaplar yazmaya te\u015fvik etmek istiyorum. Bilimi halk\u0131n diliyle anlatman\u0131n k\u00fclt\u00fcr\u00fcm\u00fcz\u00fc zenginle\u015ftirip demokrasimizi kuvvetlendirece\u011fine inan\u0131yorum. Kendisini tebrik ediyor ve daha nice kitaplar yazmaya davet ediyor ve diyorum ki; &#8211; De\u011ferli Ay\u015fe Bilge Sel\u00e7uk, iyi ki vars\u0131n, iyi ki yaz\u0131yorsun. Ara\u015ft\u0131rmalar\u0131nla ve kitaplar\u0131nla insanlar\u0131m\u0131z\u0131n hayat\u0131na \u00f6nemli katk\u0131lar yapt\u0131\u011f\u0131na inan\u0131yor ve sana \u00fclkemin gelece\u011fi ad\u0131na te\u015fekk\u00fcr ediyorum. Selamlar, sevgiler.\u201d Do\u011fan C\u00fccelo\u011flu 23 Ocak 2020 <\/p>\n","protected":false},"excerpt":{"rendered":"<p>\u201c\u0130nsan\u0131 insan yapan akl\u0131 kadar kalbi de\u2026\u201d Ay\u015fe Bilge Sel\u00e7uk \u0130nsan\u0131 insan yapan \u00f6zellikler neler? Neyi neden yap\u0131yoruz? Bebeklikten ba\u015flayan e\u011filimler geli\u015fimimizi nas\u0131l etkiliyor? Olumsuz ya\u015fant\u0131lar\u0131n<span class=\"excerpt-hellip\"> [\u2026]<\/span><\/p>\n","protected":false},"featured_media":0,"template":"","meta":{"_monsterinsights_skip_tracking":false,"_monsterinsights_sitenote_active":false,"_monsterinsights_sitenote_note":"","_monsterinsights_sitenote_category":0},"product_brand":[],"product_cat":[20502,12357],"product_tag":[],"class_list":{"0":"post-772285","1":"product","2":"type-product","3":"status-publish","5":"product_cat-basvuru-kitaplari-psikoloji","6":"product_cat-psikoloji","7":"pa_cilt-ciltsiz","8":"pa_tur-kitap","9":"pa_yayinevi-kronik-kitap","10":"pa_yazar-ayse-bilge-selcuk","12":"first","13":"instock","14":"sale","15":"shipping-taxable","16":"purchasable","17":"product-type-simple"},"_links":{"self":[{"href":"https:\/\/roveyayinevi.com.tr\/index.php\/wp-json\/wp\/v2\/product\/772285","targetHints":{"allow":["GET"]}}],"collection":[{"href":"https:\/\/roveyayinevi.com.tr\/index.php\/wp-json\/wp\/v2\/product"}],"about":[{"href":"https:\/\/roveyayinevi.com.tr\/index.php\/wp-json\/wp\/v2\/types\/product"}],"wp:attachment":[{"href":"https:\/\/roveyayinevi.com.tr\/index.php\/wp-json\/wp\/v2\/media?parent=772285"}],"wp:term":[{"taxonomy":"product_brand","embeddable":true,"href":"https:\/\/roveyayinevi.com.tr\/index.php\/wp-json\/wp\/v2\/product_brand?post=772285"},{"taxonomy":"product_cat","embeddable":true,"href":"https:\/\/roveyayinevi.com.tr\/index.php\/wp-json\/wp\/v2\/product_cat?post=772285"},{"taxonomy":"product_tag","embeddable":true,"href":"https:\/\/roveyayinevi.com.tr\/index.php\/wp-json\/wp\/v2\/product_tag?post=772285"}],"curies":[{"name":"wp","href":"https:\/\/api.w.org\/{rel}","templated":true}]}}