{"id":772279,"date":"2025-08-28T15:34:39","date_gmt":"2025-08-28T12:34:39","guid":{"rendered":"https:\/\/roveyayinevi.com.tr\/index.php\/urun\/iskandinav-mitolojisi-4\/"},"modified":"2026-04-15T03:38:43","modified_gmt":"2026-04-15T00:38:43","slug":"iskandinav-mitolojisi-4","status":"publish","type":"product","link":"https:\/\/roveyayinevi.com.tr\/index.php\/urun\/iskandinav-mitolojisi-4\/","title":{"rendered":"\u0130skandinav Mitolojisi"},"content":{"rendered":"<p>\u00b7         T\u00fcm Babalar\u0131n Babas\u0131 ve G\u00f6klerin H\u00fck\u00fcmdar\u0131; Odin \u00b7         Y\u0131ld\u0131r\u0131mlar\u0131n ve Sava\u015f\u0131n Tanr\u0131s\u0131; Thor \u00b7         Hilelerin ve De\u011fi\u015fimin Tanr\u0131s\u0131; Loki \u00b7         A\u015fk\u0131n ve Bereketin Tanr\u0131\u00e7as\u0131; Freyja \u00b7         \u00d6l\u00fcm\u00fcn ve \u00d6teki \u00c2lemin Han\u0131m\u0131; Hel \u00b7         Avc\u0131lar\u0131n ve Do\u011fan\u0131n Koruyucusu; Skadi \u00b7         Kaderin \u00d6r\u00fcc\u00fcs\u00fc Kadim Tanr\u0131\u00e7alar; Nornlar\u00b7         Tanr\u0131lar \u00b7         Jotunlar (Devler) \u00b7         Kahramanlar \u00b7         Canavarlar \u00b7         Rit\u00fceller \u00b7         Destanlar \u00b7         Kehanetler \u00b7         Mistik Varl\u0131klar \u00b7         K\u0131yamet: Ragnar\u00f6k Kronik Kitap\u2019\u0131n Mitoloji Serisi\u2019nin \u00fc\u00e7\u00fcnc\u00fc halkas\u0131 olan \u0130skandinav Mitolojisi, 180\u2019den fazla g\u00f6rseliyle sizi karlarla kapl\u0131 topraklarda ba\u015flayan efsanevi bir yolculu\u011fa \u00e7\u0131kar\u0131yor. Valhalla\u2019n\u0131n g\u00f6rkeminden Yggdrasil\u2019in dallar\u0131na, Mj\u00f6lnir\u2019in g\u00f6kleri sarsan g\u00fcc\u00fcnden Loki\u2019nin kurnaz oyunlar\u0131na uzanan bu kitap, \u0130skandinav d\u00fcnyas\u0131n\u0131n derinliklerine dal\u0131yor. Buz ve ate\u015fin \u00e7arp\u0131\u015ft\u0131\u011f\u0131 ilk yarat\u0131l\u0131\u015f an\u0131ndan tanr\u0131lar\u0131n son sava\u015f\u0131 Ragnar\u00f6k\u2019e kadar uzanan bu mitolojik ser\u00fcven, sadece hik\u00e2yeleri de\u011fil, bir k\u00fclt\u00fcr\u00fcn d\u00fc\u015f\u00fcnce yap\u0131s\u0131n\u0131 ve do\u011fayla olan kadim ba\u011f\u0131n\u0131 da g\u00f6zler \u00f6n\u00fcne seriyor. Her bir g\u00f6rsel, anlat\u0131lanlar\u0131 ete kemi\u011fe b\u00fcr\u00fcnd\u00fcrerek sizi Asgard&#8217;\u0131n kap\u0131lar\u0131na davet ediyor. Antik \u0130skandinav d\u00fcnyas\u0131n\u0131 ve onun kahramanlar\u0131n\u0131 tan\u0131mak isteyenler i\u00e7in \u0130skandinav Mitolojisi, sadece bir anlat\u0131 de\u011fil, ayn\u0131 zamanda kadim bilgeli\u011fin izini s\u00fcrenler i\u00e7in e\u015fsiz bir kaynak. Mitolojiyi ya\u015famak, hissetmek ve anlamak isteyen her okurun k\u00fct\u00fcphanesinde bulunmas\u0131 gereken bir ba\u015fyap\u0131t. <\/p>\n","protected":false},"excerpt":{"rendered":"<p>\u00b7 T\u00fcm Babalar\u0131n Babas\u0131 ve G\u00f6klerin H\u00fck\u00fcmdar\u0131; Odin \u00b7 Y\u0131ld\u0131r\u0131mlar\u0131n ve Sava\u015f\u0131n Tanr\u0131s\u0131; Thor \u00b7 Hilelerin ve De\u011fi\u015fimin Tanr\u0131s\u0131; Loki \u00b7 A\u015fk\u0131n ve Bereketin Tanr\u0131\u00e7as\u0131; Freyja<span class=\"excerpt-hellip\"> [\u2026]<\/span><\/p>\n","protected":false},"featured_media":0,"template":"","meta":{"_monsterinsights_skip_tracking":false,"_monsterinsights_sitenote_active":false,"_monsterinsights_sitenote_note":"","_monsterinsights_sitenote_category":0},"product_brand":[],"product_cat":[12718,12858],"product_tag":[],"class_list":{"0":"post-772279","1":"product","2":"type-product","3":"status-publish","5":"product_cat-din","6":"product_cat-mitolojiler","7":"pa_cilt-ciltsiz","8":"pa_tur-kitap","9":"pa_yayinevi-kronik-kitap","10":"pa_yazar-martin-j-dougherty","12":"first","13":"instock","14":"sale","15":"shipping-taxable","16":"purchasable","17":"product-type-simple"},"_links":{"self":[{"href":"https:\/\/roveyayinevi.com.tr\/index.php\/wp-json\/wp\/v2\/product\/772279","targetHints":{"allow":["GET"]}}],"collection":[{"href":"https:\/\/roveyayinevi.com.tr\/index.php\/wp-json\/wp\/v2\/product"}],"about":[{"href":"https:\/\/roveyayinevi.com.tr\/index.php\/wp-json\/wp\/v2\/types\/product"}],"wp:attachment":[{"href":"https:\/\/roveyayinevi.com.tr\/index.php\/wp-json\/wp\/v2\/media?parent=772279"}],"wp:term":[{"taxonomy":"product_brand","embeddable":true,"href":"https:\/\/roveyayinevi.com.tr\/index.php\/wp-json\/wp\/v2\/product_brand?post=772279"},{"taxonomy":"product_cat","embeddable":true,"href":"https:\/\/roveyayinevi.com.tr\/index.php\/wp-json\/wp\/v2\/product_cat?post=772279"},{"taxonomy":"product_tag","embeddable":true,"href":"https:\/\/roveyayinevi.com.tr\/index.php\/wp-json\/wp\/v2\/product_tag?post=772279"}],"curies":[{"name":"wp","href":"https:\/\/api.w.org\/{rel}","templated":true}]}}