{"id":772278,"date":"2025-08-28T15:34:37","date_gmt":"2025-08-28T12:34:37","guid":{"rendered":"https:\/\/roveyayinevi.com.tr\/index.php\/urun\/justinyen\/"},"modified":"2026-04-15T03:38:43","modified_gmt":"2026-04-15T00:38:43","slug":"justinyen","status":"publish","type":"product","link":"https:\/\/roveyayinevi.com.tr\/index.php\/urun\/justinyen\/","title":{"rendered":"J\u00fcstinyen"},"content":{"rendered":"<p>YASANIN, \u0130NANCIN VE \u0130MPARATORLU\u011eUN M\u0130MARI: J\u00dcST\u0130NYEN \u201cTarihin en \u00f6nemli h\u00fck\u00fcmdarlar\u0131ndan birinin g\u00f6rkemli, \u0131\u015f\u0131lt\u0131l\u0131 bir anlat\u0131m\u0131. Titizlikle ara\u015ft\u0131r\u0131lm\u0131\u015f, g\u00fczel yaz\u0131lm\u0131\u015f, i\u00e7g\u00f6r\u00fclerle dolu, modern tarih yaz\u0131m\u0131n\u0131n en iyi \u00f6rneklerinden.\u201d -Peter Frankopan K\u00f6yl\u00fc bir ailede do\u011fdu ancak bir imparator, asker ve aziz olarak \u00f6ld\u00fc&#8230; Roma\u2019y\u0131 yeniden birle\u015ftirme hayaliyle yola \u00e7\u0131kan J\u00fcstinyen, yaln\u0131zca bir h\u00fck\u00fcmdar de\u011fil; bir \u00e7a\u011f\u0131n mimar\u0131, bir medeniyetin kurucusuydu. Onun saltanat\u0131, antik d\u00fcnyan\u0131n son b\u00fcy\u00fck temsili ve Orta \u00c7a\u011f\u2019\u0131n habercisiydi. Peter Sarris, Roma \u0130mparatorlu\u011fu\u2019nu ihya eden adam\u0131n renkli hayat\u0131n\u0131 sunarken bizi imparatorluk \u00e7at\u0131\u015fmalar\u0131, dini paranoya, salg\u0131n hastal\u0131klar ve iklim de\u011fi\u015fikli\u011finin ya\u015fand\u0131\u011f\u0131 bir d\u00fcnyaya g\u00f6t\u00fcr\u00fcyor. Titiz ara\u015ft\u0131rmalara dayanan bu biyografide \u00e7ok y\u00f6nl\u00fc portre \u00e7iziyor: J\u00fcstinyen hem kat\u0131 bir reformcu, hukuk tarihinde devrim yaratan bir yasa koyucu, Ayasofya gibi g\u00f6rkemli an\u0131tlarla kudretini mimariye yans\u0131tan bir imparator hem de Theodora\u2019ya \u00e2\u015f\u0131k bir adam, imparatorlu\u011funu sarssa da y\u0131kamayan isyanlar\u0131n muhatab\u0131 ve d\u00fcnyay\u0131 kas\u0131p kavuran veban\u0131n ortas\u0131nda yol arayan bir liderdi. J\u00fcstinyen\u2019in d\u00fcnyas\u0131; dini \u00e7eki\u015fmelerin, siyasi entrikalar\u0131n, do\u011fa afetlerin ve k\u00fcresel hastal\u0131klar\u0131n g\u00f6lgesinde \u015fekillendi ve 6. y\u00fczy\u0131ldan g\u00fcn\u00fcm\u00fcze uzanan bir miras b\u0131rakt\u0131. Sarris, bu ola\u011fan\u00fcst\u00fc anlat\u0131da yaln\u0131zca bir h\u00fck\u00fcmdar\u0131n de\u011fil; tarih boyunca kar\u015f\u0131la\u015f\u0131lan en b\u00fcy\u00fck krizleri bile y\u00f6netme g\u00fcc\u00fcn\u00fc g\u00f6steren, zamana direnen bir vizyonerin hik\u00e2yesini sunuyor. BBC History Dergisi taraf\u0131ndan \u201cY\u0131l\u0131n Kitab\u0131\u201d se\u00e7ilen J\u00fcstinyen, yaln\u0131zca ge\u00e7mi\u015fi de\u011fil, g\u00fcn\u00fcm\u00fcz\u00fc de anlamak i\u00e7in okunmas\u0131 gereken bir ba\u015fyap\u0131t.<\/p>\n","protected":false},"excerpt":{"rendered":"<p>YASANIN, \u0130NANCIN VE \u0130MPARATORLU\u011eUN M\u0130MARI: J\u00dcST\u0130NYEN \u201cTarihin en \u00f6nemli h\u00fck\u00fcmdarlar\u0131ndan birinin g\u00f6rkemli, \u0131\u015f\u0131lt\u0131l\u0131 bir anlat\u0131m\u0131. Titizlikle ara\u015ft\u0131r\u0131lm\u0131\u015f, g\u00fczel yaz\u0131lm\u0131\u015f, i\u00e7g\u00f6r\u00fclerle dolu, modern tarih yaz\u0131m\u0131n\u0131n en iyi<span class=\"excerpt-hellip\"> [\u2026]<\/span><\/p>\n","protected":false},"featured_media":0,"template":"","meta":{"_monsterinsights_skip_tracking":false,"_monsterinsights_sitenote_active":false,"_monsterinsights_sitenote_note":"","_monsterinsights_sitenote_category":0},"product_brand":[],"product_cat":[12305,12304],"product_tag":[],"class_list":{"0":"post-772278","1":"product","2":"type-product","3":"status-publish","5":"product_cat-dunya-tarihi","6":"product_cat-tarih","7":"pa_cilt-ciltsiz","8":"pa_tur-kitap","9":"pa_yayinevi-kronik-kitap","10":"pa_yazar-peter-sarris","12":"first","13":"instock","14":"sale","15":"shipping-taxable","16":"purchasable","17":"product-type-simple"},"_links":{"self":[{"href":"https:\/\/roveyayinevi.com.tr\/index.php\/wp-json\/wp\/v2\/product\/772278","targetHints":{"allow":["GET"]}}],"collection":[{"href":"https:\/\/roveyayinevi.com.tr\/index.php\/wp-json\/wp\/v2\/product"}],"about":[{"href":"https:\/\/roveyayinevi.com.tr\/index.php\/wp-json\/wp\/v2\/types\/product"}],"wp:attachment":[{"href":"https:\/\/roveyayinevi.com.tr\/index.php\/wp-json\/wp\/v2\/media?parent=772278"}],"wp:term":[{"taxonomy":"product_brand","embeddable":true,"href":"https:\/\/roveyayinevi.com.tr\/index.php\/wp-json\/wp\/v2\/product_brand?post=772278"},{"taxonomy":"product_cat","embeddable":true,"href":"https:\/\/roveyayinevi.com.tr\/index.php\/wp-json\/wp\/v2\/product_cat?post=772278"},{"taxonomy":"product_tag","embeddable":true,"href":"https:\/\/roveyayinevi.com.tr\/index.php\/wp-json\/wp\/v2\/product_tag?post=772278"}],"curies":[{"name":"wp","href":"https:\/\/api.w.org\/{rel}","templated":true}]}}