{"id":772276,"date":"2025-08-28T15:34:34","date_gmt":"2025-08-28T12:34:34","guid":{"rendered":"https:\/\/roveyayinevi.com.tr\/index.php\/urun\/gecmise-bay-bay-gelecege-hay-hay\/"},"modified":"2026-04-15T03:38:43","modified_gmt":"2026-04-15T00:38:43","slug":"gecmise-bay-bay-gelecege-hay-hay","status":"publish","type":"product","link":"https:\/\/roveyayinevi.com.tr\/index.php\/urun\/gecmise-bay-bay-gelecege-hay-hay\/","title":{"rendered":"Ge\u00e7mi\u015fe Bay Bay, Gelece\u011fe Hay Hay"},"content":{"rendered":"<p>Baz\u0131 yan\u0131\u015flar yok olmak i\u00e7in de\u011fil, yeniden do\u011fmak i\u00e7indir\u2026 T\u0131pk\u0131 Anka ku\u015fu gibi\u2026 Hayat\u0131n i\u00e7inde biriktirdi\u011fimiz k\u0131rg\u0131nl\u0131klar\u0131, yorgunluklar\u0131, sustuklar\u0131m\u0131z\u0131 bir yuvaya d\u00f6n\u00fc\u015ft\u00fcr\u00fcp, sonra o yuvay\u0131 yakarak yeniden do\u011fan bir ruhun hik\u00e2yesi bu. Cesaretin, affetmenin, umutlar\u0131n ve aya\u011fa kalkman\u0131n hik\u00e2yesi\u2026 Ac\u0131lar\u0131n\u0131 d\u00f6n\u00fc\u015ft\u00fcrenlerin; K\u0131r\u0131ld\u0131\u011f\u0131 yerden g\u00fc\u00e7lenenlerin; \u201cBittim,\u201d dese de yeniden aya\u011fa kalkmay\u0131 ba\u015faranlar\u0131n hik\u00e2yesi\u2026 Bazen ger\u00e7ekten kim oldu\u011fumuzu ancak karanl\u0131\u011f\u0131n en yo\u011fun oldu\u011fu anda hat\u0131rlar\u0131z. \u0130\u015fte o an bir k\u0131v\u0131lc\u0131m belirir i\u00e7imizde. Bir umut, bir nefes, bir \u201cyeniden\u201d\u2026 T\u0131pk\u0131 Anka ku\u015fu gibi\u2026 * Ge\u00e7mi\u015fe Bay Bay, Gelece\u011fe Hay Hay, Yorgun kalbine dokunuyor, i\u00e7ini \u0131s\u0131t\u0131yor ve s\u00f6nm\u00fc\u015f umutlar\u0131n\u0131 canland\u0131r\u0131yor. Dilek Cesur\u2019un s\u0131cac\u0131k anlat\u0131m\u0131yla yaz\u0131lm\u0131\u015f bu sayfalarda, kendini yeniden sevmeyi, ge\u00e7mi\u015fin y\u00fck\u00fcn\u00fc b\u0131rakmay\u0131 ve, \u201cBen de yeniden ba\u015flayabilirim,\u201d demeyi \u00f6\u011freneceksin. Haydi, daha g\u00fc\u00e7l\u00fc, daha bilge, daha cesur ve daha mutlu olmak i\u00e7in, kendin i\u00e7in bir ad\u0131m at!<\/p>\n","protected":false},"excerpt":{"rendered":"<p>Baz\u0131 yan\u0131\u015flar yok olmak i\u00e7in de\u011fil, yeniden do\u011fmak i\u00e7indir\u2026 T\u0131pk\u0131 Anka ku\u015fu gibi\u2026 Hayat\u0131n i\u00e7inde biriktirdi\u011fimiz k\u0131rg\u0131nl\u0131klar\u0131, yorgunluklar\u0131, sustuklar\u0131m\u0131z\u0131 bir yuvaya d\u00f6n\u00fc\u015ft\u00fcr\u00fcp, sonra o yuvay\u0131 yakarak<span class=\"excerpt-hellip\"> [\u2026]<\/span><\/p>\n","protected":false},"featured_media":0,"template":"","meta":{"_monsterinsights_skip_tracking":false,"_monsterinsights_sitenote_active":false,"_monsterinsights_sitenote_note":"","_monsterinsights_sitenote_category":0},"product_brand":[],"product_cat":[13835],"product_tag":[],"class_list":{"0":"post-772276","1":"product","2":"type-product","3":"status-publish","5":"product_cat-cok-satanlar","6":"pa_cilt-ciltsiz","7":"pa_tur-kitap","8":"pa_yayinevi-kronik-kitap","9":"pa_yazar-dilek-cesur","11":"first","12":"instock","13":"sale","14":"shipping-taxable","15":"purchasable","16":"product-type-simple"},"_links":{"self":[{"href":"https:\/\/roveyayinevi.com.tr\/index.php\/wp-json\/wp\/v2\/product\/772276","targetHints":{"allow":["GET"]}}],"collection":[{"href":"https:\/\/roveyayinevi.com.tr\/index.php\/wp-json\/wp\/v2\/product"}],"about":[{"href":"https:\/\/roveyayinevi.com.tr\/index.php\/wp-json\/wp\/v2\/types\/product"}],"wp:attachment":[{"href":"https:\/\/roveyayinevi.com.tr\/index.php\/wp-json\/wp\/v2\/media?parent=772276"}],"wp:term":[{"taxonomy":"product_brand","embeddable":true,"href":"https:\/\/roveyayinevi.com.tr\/index.php\/wp-json\/wp\/v2\/product_brand?post=772276"},{"taxonomy":"product_cat","embeddable":true,"href":"https:\/\/roveyayinevi.com.tr\/index.php\/wp-json\/wp\/v2\/product_cat?post=772276"},{"taxonomy":"product_tag","embeddable":true,"href":"https:\/\/roveyayinevi.com.tr\/index.php\/wp-json\/wp\/v2\/product_tag?post=772276"}],"curies":[{"name":"wp","href":"https:\/\/api.w.org\/{rel}","templated":true}]}}