{"id":772275,"date":"2025-08-28T15:34:32","date_gmt":"2025-08-28T12:34:32","guid":{"rendered":"https:\/\/roveyayinevi.com.tr\/index.php\/urun\/uza-ve-genisle\/"},"modified":"2026-04-15T03:38:43","modified_gmt":"2026-04-15T00:38:43","slug":"uza-ve-genisle","status":"publish","type":"product","link":"https:\/\/roveyayinevi.com.tr\/index.php\/urun\/uza-ve-genisle\/","title":{"rendered":"Uza ve Geni\u015fle"},"content":{"rendered":"<p>YOGA ASLA SADECE YOGA DE\u011e\u0130LD\u0130R   Uza ve Geni\u015fle, sizlere hareketin \u00f6tesinde bir deneyim sunuyor. Uzaman\u0131n dikkat, geni\u015flemenin ise fark\u0131ndal\u0131k hali oldu\u011funu vurguluyor. Bu kitap, yogay\u0131 yaln\u0131zca hareketlerden ibaret g\u00f6rmeyip bilgiyle \u00f6z\u00fcmseyebilmeniz i\u00e7in yaz\u0131ld\u0131. Sayfalar aras\u0131nda, sab\u0131rla \u00f6r\u00fclm\u00fc\u015f bir d\u00f6n\u00fc\u015f\u00fcm\u00fcn izlerini ke\u015ffetmeye, ad\u0131m ad\u0131m yoga ile tan\u0131\u015fmaya haz\u0131r olun&#8230; \u201cG\u00fcn\u00fcm\u00fczde \u2018zihin ve bedeni\u2019 birbirine ba\u011flamaktan bahsedilir. Onlar zaten ba\u011fl\u0131lar. Yap\u0131lmas\u0131 gereken bu ba\u011flant\u0131y\u0131 hissetmeye engel olan t\u0131kan\u0131kl\u0131klar\u0131 a\u00e7mak! Yoga yolu do\u011frusal de\u011fildir. Bilinen y\u00fcz\u00fc, ba\u015fkalar\u0131n\u0131n deneyimlerinin anlat\u0131mlar\u0131d\u0131r. Bunlar yaln\u0131zca her birimizin alg\u0131lamas\u0131 i\u00e7in ara\u00e7lard\u0131r. Yoga ki\u015fiye \u00f6zel bir \u00e7al\u0131\u015fma olmal\u0131d\u0131r. Her bireyin farkl\u0131 ve biricik oldu\u011fu bilinciyle, fiziksel yap\u0131s\u0131na, ruhuna, ya\u015fam yolculu\u011funa g\u00f6re \u015fekillenmelidir.   Yoga fizikseldir ama ba\u015far\u0131s\u0131 sonunda zihne ba\u011fl\u0131d\u0131r.   Beyninizin geli\u015fimine hizmet etmelidir.\u201d <\/p>\n","protected":false},"excerpt":{"rendered":"<p>YOGA ASLA SADECE YOGA DE\u011e\u0130LD\u0130R Uza ve Geni\u015fle, sizlere hareketin \u00f6tesinde bir deneyim sunuyor. Uzaman\u0131n dikkat, geni\u015flemenin ise fark\u0131ndal\u0131k hali oldu\u011funu vurguluyor. Bu kitap, yogay\u0131 yaln\u0131zca<span class=\"excerpt-hellip\"> [\u2026]<\/span><\/p>\n","protected":false},"featured_media":0,"template":"","meta":{"_monsterinsights_skip_tracking":false,"_monsterinsights_sitenote_active":false,"_monsterinsights_sitenote_note":"","_monsterinsights_sitenote_category":0},"product_brand":[],"product_cat":[13365,19822],"product_tag":[],"class_list":{"0":"post-772275","1":"product","2":"type-product","3":"status-publish","5":"product_cat-saglik","6":"product_cat-yoga-meditasyon","7":"pa_cilt-ciltsiz","8":"pa_tur-kitap","9":"pa_yayinevi-destek-yayinlari","10":"pa_yazar-canan-ozgur","12":"first","13":"instock","14":"sale","15":"shipping-taxable","16":"purchasable","17":"product-type-simple"},"_links":{"self":[{"href":"https:\/\/roveyayinevi.com.tr\/index.php\/wp-json\/wp\/v2\/product\/772275","targetHints":{"allow":["GET"]}}],"collection":[{"href":"https:\/\/roveyayinevi.com.tr\/index.php\/wp-json\/wp\/v2\/product"}],"about":[{"href":"https:\/\/roveyayinevi.com.tr\/index.php\/wp-json\/wp\/v2\/types\/product"}],"wp:attachment":[{"href":"https:\/\/roveyayinevi.com.tr\/index.php\/wp-json\/wp\/v2\/media?parent=772275"}],"wp:term":[{"taxonomy":"product_brand","embeddable":true,"href":"https:\/\/roveyayinevi.com.tr\/index.php\/wp-json\/wp\/v2\/product_brand?post=772275"},{"taxonomy":"product_cat","embeddable":true,"href":"https:\/\/roveyayinevi.com.tr\/index.php\/wp-json\/wp\/v2\/product_cat?post=772275"},{"taxonomy":"product_tag","embeddable":true,"href":"https:\/\/roveyayinevi.com.tr\/index.php\/wp-json\/wp\/v2\/product_tag?post=772275"}],"curies":[{"name":"wp","href":"https:\/\/api.w.org\/{rel}","templated":true}]}}