{"id":772274,"date":"2025-08-28T15:34:30","date_gmt":"2025-08-28T12:34:30","guid":{"rendered":"https:\/\/roveyayinevi.com.tr\/index.php\/urun\/bir-sans-daha-verseler\/"},"modified":"2026-04-15T03:38:43","modified_gmt":"2026-04-15T00:38:43","slug":"bir-sans-daha-verseler","status":"publish","type":"product","link":"https:\/\/roveyayinevi.com.tr\/index.php\/urun\/bir-sans-daha-verseler\/","title":{"rendered":"Bir \u015eans Daha Verseler"},"content":{"rendered":"<p>\u201cHayat bir de\u011fil pek \u00e7ok \u015fans daha verse, yan\u0131ndan y\u00fcr\u00fcy\u00fcp ge\u00e7er fark\u0131ndal\u0131\u011f\u0131 olmayan\u201d   Elbette istisnalar kaideyi bozmaz ama c\u00f6mert hayat, \u00e7o\u011fu zaman en az bir \u015fans daha verir insana.   Evet yapar bunu, g\u00f6rmeyi bilmek gerek. Peki tecr\u00fcbelerle yo\u011frulmu\u015f ve dersini alm\u0131\u015f ki\u015fi, o yana yak\u0131la istedi\u011fi ikinci \u015fans\u0131 nas\u0131l kullan\u0131r? Defalarca ayn\u0131 hatay\u0131 yapan insan\u0131n davran\u0131\u015f\u0131 nas\u0131l a\u00e7\u0131klan\u0131r?   Sahi size bir \u015fans daha verseler?&#8230;   \u201cFark\u0131ndal\u0131k ve K\u0131ymet Bilmek\u201d temal\u0131 \u00f6yk\u00fclerde bulu\u015fuyoruz bu defa. <\/p>\n","protected":false},"excerpt":{"rendered":"<p>\u201cHayat bir de\u011fil pek \u00e7ok \u015fans daha verse, yan\u0131ndan y\u00fcr\u00fcy\u00fcp ge\u00e7er fark\u0131ndal\u0131\u011f\u0131 olmayan\u201d Elbette istisnalar kaideyi bozmaz ama c\u00f6mert hayat, \u00e7o\u011fu zaman en az bir \u015fans<span class=\"excerpt-hellip\"> [\u2026]<\/span><\/p>\n","protected":false},"featured_media":0,"template":"","meta":{"_monsterinsights_skip_tracking":false,"_monsterinsights_sitenote_active":false,"_monsterinsights_sitenote_note":"","_monsterinsights_sitenote_category":0},"product_brand":[],"product_cat":[12291,18202],"product_tag":[],"class_list":{"0":"post-772274","1":"product","2":"type-product","3":"status-publish","5":"product_cat-edebiyat","6":"product_cat-hikaye","7":"pa_cilt-ciltsiz","8":"pa_tur-kitap","9":"pa_yayinevi-destek-yayinlari","10":"pa_yazar-kolektif","12":"first","13":"instock","14":"sale","15":"shipping-taxable","16":"purchasable","17":"product-type-simple"},"_links":{"self":[{"href":"https:\/\/roveyayinevi.com.tr\/index.php\/wp-json\/wp\/v2\/product\/772274","targetHints":{"allow":["GET"]}}],"collection":[{"href":"https:\/\/roveyayinevi.com.tr\/index.php\/wp-json\/wp\/v2\/product"}],"about":[{"href":"https:\/\/roveyayinevi.com.tr\/index.php\/wp-json\/wp\/v2\/types\/product"}],"wp:attachment":[{"href":"https:\/\/roveyayinevi.com.tr\/index.php\/wp-json\/wp\/v2\/media?parent=772274"}],"wp:term":[{"taxonomy":"product_brand","embeddable":true,"href":"https:\/\/roveyayinevi.com.tr\/index.php\/wp-json\/wp\/v2\/product_brand?post=772274"},{"taxonomy":"product_cat","embeddable":true,"href":"https:\/\/roveyayinevi.com.tr\/index.php\/wp-json\/wp\/v2\/product_cat?post=772274"},{"taxonomy":"product_tag","embeddable":true,"href":"https:\/\/roveyayinevi.com.tr\/index.php\/wp-json\/wp\/v2\/product_tag?post=772274"}],"curies":[{"name":"wp","href":"https:\/\/api.w.org\/{rel}","templated":true}]}}