{"id":772270,"date":"2025-08-28T15:34:21","date_gmt":"2025-08-28T12:34:21","guid":{"rendered":"https:\/\/roveyayinevi.com.tr\/index.php\/urun\/firtinadaki-cocuk-suzan-orto\/"},"modified":"2025-09-25T11:26:24","modified_gmt":"2025-09-25T08:26:24","slug":"firtinadaki-cocuk-suzan-orto","status":"publish","type":"product","link":"https:\/\/roveyayinevi.com.tr\/index.php\/urun\/firtinadaki-cocuk-suzan-orto\/","title":{"rendered":"F\u0131rt\u0131nadaki \u00c7ocuk Suzan Orto"},"content":{"rendered":"<p>Ait oldu\u011fu yeri buldu\u011funa inanan Suzan, k\u00f6yl\u00fclerin de yard\u0131m\u0131yla Ortok\u00f6y\u2019deki hayat\u0131n\u0131 ilmek ilmek i\u015fler. Fakat hi\u00e7 ummad\u0131k bir anda k\u00f6yde bir f\u0131rt\u0131na ba\u015flar. G\u00fcnlerce dinmeyen ve k\u00f6y\u00fc yerle bir eden bu f\u0131rt\u0131nan\u0131n tek bir sebebi olabilir: k\u00f6ydeki tek yabanc\u0131, Suzan. Suzan \u015fimdi hem k\u00f6y\u00fc kurtarmak hem de kendini kabul ettirmek zorundad\u0131r. B\u00fct\u00fcn cesaretini toplar ve bu kez yeni bir bilinmeyene, daima korkulana, Yasakl\u0131 Orman\u2019a do\u011fru yola \u00e7\u0131kar. Suzan oldu\u011funa inand\u0131\u011f\u0131 m\u0131, yoksa k\u00f6yl\u00fclerin sand\u0131\u011f\u0131 ki\u015fi mi? Kim oldu\u011funu arad\u0131\u011f\u0131 bu yolculukta buldu\u011fu cevaplar onu mutlu edecek mi? Suzan\u2019\u0131n soluk kesen maceras\u0131 devam ediyor! <\/p>\n","protected":false},"excerpt":{"rendered":"<p>Ait oldu\u011fu yeri buldu\u011funa inanan Suzan, k\u00f6yl\u00fclerin de yard\u0131m\u0131yla Ortok\u00f6y\u2019deki hayat\u0131n\u0131 ilmek ilmek i\u015fler. Fakat hi\u00e7 ummad\u0131k bir anda k\u00f6yde bir f\u0131rt\u0131na ba\u015flar. G\u00fcnlerce dinmeyen ve<span class=\"excerpt-hellip\"> [\u2026]<\/span><\/p>\n","protected":false},"featured_media":0,"template":"","meta":{"_monsterinsights_skip_tracking":false,"_monsterinsights_sitenote_active":false,"_monsterinsights_sitenote_note":"","_monsterinsights_sitenote_category":0},"product_brand":[],"product_cat":[12274,12284],"product_tag":[],"class_list":{"0":"post-772270","1":"product","2":"type-product","3":"status-publish","5":"product_cat-cocuk-ve-genclik-kitaplari","6":"product_cat-hikayeler","7":"pa_cilt-ciltsiz","8":"pa_tur-kitap","9":"pa_yayinevi-mona-kitap","10":"pa_yazar-sibel-kircadere-uslu","12":"first","13":"instock","14":"sale","15":"shipping-taxable","16":"purchasable","17":"product-type-simple"},"_links":{"self":[{"href":"https:\/\/roveyayinevi.com.tr\/index.php\/wp-json\/wp\/v2\/product\/772270","targetHints":{"allow":["GET"]}}],"collection":[{"href":"https:\/\/roveyayinevi.com.tr\/index.php\/wp-json\/wp\/v2\/product"}],"about":[{"href":"https:\/\/roveyayinevi.com.tr\/index.php\/wp-json\/wp\/v2\/types\/product"}],"wp:attachment":[{"href":"https:\/\/roveyayinevi.com.tr\/index.php\/wp-json\/wp\/v2\/media?parent=772270"}],"wp:term":[{"taxonomy":"product_brand","embeddable":true,"href":"https:\/\/roveyayinevi.com.tr\/index.php\/wp-json\/wp\/v2\/product_brand?post=772270"},{"taxonomy":"product_cat","embeddable":true,"href":"https:\/\/roveyayinevi.com.tr\/index.php\/wp-json\/wp\/v2\/product_cat?post=772270"},{"taxonomy":"product_tag","embeddable":true,"href":"https:\/\/roveyayinevi.com.tr\/index.php\/wp-json\/wp\/v2\/product_tag?post=772270"}],"curies":[{"name":"wp","href":"https:\/\/api.w.org\/{rel}","templated":true}]}}