{"id":772268,"date":"2025-08-28T15:34:19","date_gmt":"2025-08-28T12:34:19","guid":{"rendered":"https:\/\/roveyayinevi.com.tr\/index.php\/urun\/ikinci-sanslar\/"},"modified":"2026-04-15T03:38:43","modified_gmt":"2026-04-15T00:38:43","slug":"ikinci-sanslar","status":"publish","type":"product","link":"https:\/\/roveyayinevi.com.tr\/index.php\/urun\/ikinci-sanslar\/","title":{"rendered":"\u0130kinci \u015eanslar"},"content":{"rendered":"<p>Oyun oynamay\u0131 bilenlerin bildi\u011fi bir s\u0131r vard\u0131r: Her oyun, oyuncunun yenilgi ihtimalini, ko\u015fullardan ba\u011f\u0131ms\u0131z olarak, kendi i\u00e7inde ta\u015f\u0131r. \u00c7\u00fcnk\u00fc oyunun ba\u015f\u0131 da sonu da daima \u015fansa ba\u011fl\u0131d\u0131r. \u0130lk \u015fans ailedir- daha do\u011frusu, insan\u0131n i\u00e7ine f\u0131rlat\u0131ld\u0131\u011f\u0131 \u00e7evreyle kurdu\u011fu ili\u015fkilerden ne\u015fet eden zoraki oyundur. \u0130kinci \u015fans ise kayb\u0131n ve yenilginin telafisini; ge\u00e7mi\u015fe ve gelece\u011fe e\u015f zamanl\u0131 duyulan bir \u00f6zlemin doyumunu i\u00e7erir. \u0130kinci \u015eanslar\u2019\u0131n anlatt\u0131\u011f\u0131 hik\u00e2yenin sahiden ba\u015flad\u0131\u011f\u0131 nokta buras\u0131d\u0131r: D\u00fcnyam\u0131z neredeyse b\u00fct\u00fcn\u00fcyle ikinci \u015fanslardan \u00f6r\u00fclm\u00fc\u015f gibidir. Phillips ve Greenblatt ikinci \u015fans\u0131 bu \u015fekilde kavramsalla\u015ft\u0131rabilmek i\u00e7in Shakespeare edebiyat\u0131ndan ve Freudcu psikanaliz gelene\u011finden yararlan\u0131r. Shakespeare birinci ve ikinci \u015fanslar\u0131n yazar\u0131d\u0131r: Komedyalar\u0131nda mucizevi bir imk\u00e2n\u0131n ger\u00e7ekli\u011fini, ilk \u015fansa geri d\u00f6n\u00fc\u015f\u00fcn yine \u015fansa ba\u011flanan \u015fark\u0131s\u0131n\u0131 s\u00f6ylerken; tragedyalar\u0131nda ise insan\u0131n hem birinci hem de ikinci \u015fanslar\u0131n\u0131 yitirmesinin ibret verici hikayesini anlat\u0131r. Freud ve takip\u00e7ileri d\u00fc\u015f\u00fcnce sahnesine tam da buradan giri\u015f yapar: \u00c7ocuk geli\u015fimi ba\u015fl\u0131 ba\u015f\u0131na birbirini takip eden ikinci \u015fanslardan ibaret de\u011fil midir? Sonsuzlu\u011fun uzam\u0131nda ka\u00e7 kez \u00e7\u0131nlarsa \u00e7\u0131nlas\u0131n, yeniden denemek daima ikinci \u015fans gibi hissettirmeyecek midir? Acaba ba\u015f\u0131na ne gelir de insan kendi ikinci \u015fanslar\u0131na d\u00fc\u015fman kesilir? Ama i\u015fte iyi oyuncunun bildi\u011fi s\u0131r da budur zaten: Marifet oynamakta de\u011fil, her seferinde oyuna geri d\u00f6nebilecek g\u00fcc\u00fc bulabilmektedir. <\/p>\n","protected":false},"excerpt":{"rendered":"<p>Oyun oynamay\u0131 bilenlerin bildi\u011fi bir s\u0131r vard\u0131r: Her oyun, oyuncunun yenilgi ihtimalini, ko\u015fullardan ba\u011f\u0131ms\u0131z olarak, kendi i\u00e7inde ta\u015f\u0131r. \u00c7\u00fcnk\u00fc oyunun ba\u015f\u0131 da sonu da daima \u015fansa<span class=\"excerpt-hellip\"> [\u2026]<\/span><\/p>\n","protected":false},"featured_media":0,"template":"","meta":{"_monsterinsights_skip_tracking":false,"_monsterinsights_sitenote_active":false,"_monsterinsights_sitenote_note":"","_monsterinsights_sitenote_category":0},"product_brand":[],"product_cat":[12358,12357],"product_tag":[],"class_list":{"0":"post-772268","1":"product","2":"type-product","3":"status-publish","5":"product_cat-genel-psikoloji","6":"product_cat-psikoloji","7":"pa_cilt-ciltsiz","8":"pa_tur-kitap","9":"pa_yayinevi-livera-yayinevi","10":"pa_yazar-stephen-greenblatt-adam-phillips","12":"first","13":"instock","14":"sale","15":"shipping-taxable","16":"purchasable","17":"product-type-simple"},"_links":{"self":[{"href":"https:\/\/roveyayinevi.com.tr\/index.php\/wp-json\/wp\/v2\/product\/772268","targetHints":{"allow":["GET"]}}],"collection":[{"href":"https:\/\/roveyayinevi.com.tr\/index.php\/wp-json\/wp\/v2\/product"}],"about":[{"href":"https:\/\/roveyayinevi.com.tr\/index.php\/wp-json\/wp\/v2\/types\/product"}],"wp:attachment":[{"href":"https:\/\/roveyayinevi.com.tr\/index.php\/wp-json\/wp\/v2\/media?parent=772268"}],"wp:term":[{"taxonomy":"product_brand","embeddable":true,"href":"https:\/\/roveyayinevi.com.tr\/index.php\/wp-json\/wp\/v2\/product_brand?post=772268"},{"taxonomy":"product_cat","embeddable":true,"href":"https:\/\/roveyayinevi.com.tr\/index.php\/wp-json\/wp\/v2\/product_cat?post=772268"},{"taxonomy":"product_tag","embeddable":true,"href":"https:\/\/roveyayinevi.com.tr\/index.php\/wp-json\/wp\/v2\/product_tag?post=772268"}],"curies":[{"name":"wp","href":"https:\/\/api.w.org\/{rel}","templated":true}]}}