{"id":772267,"date":"2025-08-28T15:34:17","date_gmt":"2025-08-28T12:34:17","guid":{"rendered":"https:\/\/roveyayinevi.com.tr\/index.php\/urun\/alacakaranlik-3\/"},"modified":"2026-04-15T03:38:43","modified_gmt":"2026-04-15T00:38:43","slug":"alacakaranlik-3","status":"publish","type":"product","link":"https:\/\/roveyayinevi.com.tr\/index.php\/urun\/alacakaranlik-3\/","title":{"rendered":"Alacakaranl\u0131k"},"content":{"rendered":"<p>Alacakaranl\u0131k. \u2014 Gerek duyulan ideolojiler ne denli sallant\u0131l\u0131ysa o denli vah\u015fice y\u00f6ntemlerle korunmalar\u0131 gerekir. Sallanan putlar\u0131n korunmas\u0131ndaki \u00e7aba ve deh\u015fetin d\u00fczeyi alacakaranl\u0131\u011f\u0131n ne \u00f6l\u00e7\u00fcde bast\u0131rm\u0131\u015f oldu\u011funun g\u00f6stergesidir. Avrupa\u2019da end\u00fcstrinin geli\u015fimiyle birlikte kitlelerin kavray\u0131\u015f\u0131 \u00f6ylesine geli\u015fmi\u015ftir ki, en kutsal m\u00fclklerin bundan korunmas\u0131 gerekir. Bunlar\u0131 iyi koruyanlar kariyerlerini yapm\u0131\u015f demektir; basit s\u00f6zlerle ger\u00e7e\u011fi dile getireninse vay haline: Genel, sistemli aptalla\u015ft\u0131rman\u0131n yan\u0131 s\u0131ra ekonomik y\u0131k\u0131m, toplumsal d\u0131\u015flanma, hapis ve \u00f6l\u00fcm tehdidi bu kavray\u0131\u015f\u0131n temel kavramsal iktidar ara\u00e7lar\u0131na eri\u015fmesini engelleyecektir. Avrupa\u2019daki b\u00fcy\u00fck devletlerin emperyalizminin Orta\u00e7a\u011f\u0131n odun y\u0131\u011f\u0131nlar\u0131n\u0131 k\u0131skanmas\u0131 gerekmez, onun sembolleri Orta\u00e7a\u011f kilisesinin azizlerininkinden daha incelikli d\u00fczenekler ve daha \u00fcrk\u00fct\u00fcc\u00fc muhaf\u0131zlarla korunur. Engizisyon kar\u015f\u0131tlar\u0131 o d\u00f6nemin alacakaranl\u0131\u011f\u0131n\u0131 bir g\u00fcndo\u011fumu haline getirmi\u015fti, kapitalizmin bug\u00fcn t\u00fcm insanl\u0131\u011f\u0131 tehdit eden alacakaranl\u0131\u011f\u0131n\u0131n da insanl\u0131\u011f\u0131n gecesine d\u00f6n\u00fc\u015fmesi bir zorunluluk de\u011fil. \u2014 Max Horkheimer Horkheimer\u2019in 1933 tarihli kitab\u0131 g\u00fcn\u00fcm\u00fcze hem \u00e7ok uzak hem \u015fa\u015f\u0131rt\u0131c\u0131 \u00f6l\u00e7\u00fcde yak\u0131n. Art\u0131k anla\u015f\u0131lm\u0131\u015f olmal\u0131: Burjuva demokrasisi ile fa\u015fizm aras\u0131ndaki mesafe, varsayd\u0131\u011f\u0131m\u0131zdan \u00e7ok daha k\u00fc\u00e7\u00fck.     <\/p>\n","protected":false},"excerpt":{"rendered":"<p>Alacakaranl\u0131k. \u2014 Gerek duyulan ideolojiler ne denli sallant\u0131l\u0131ysa o denli vah\u015fice y\u00f6ntemlerle korunmalar\u0131 gerekir. Sallanan putlar\u0131n korunmas\u0131ndaki \u00e7aba ve deh\u015fetin d\u00fczeyi alacakaranl\u0131\u011f\u0131n ne \u00f6l\u00e7\u00fcde bast\u0131rm\u0131\u015f oldu\u011funun<span class=\"excerpt-hellip\"> [\u2026]<\/span><\/p>\n","protected":false},"featured_media":0,"template":"","meta":{"_monsterinsights_skip_tracking":false,"_monsterinsights_sitenote_active":false,"_monsterinsights_sitenote_note":"","_monsterinsights_sitenote_category":0},"product_brand":[],"product_cat":[12325,12324],"product_tag":[],"class_list":{"0":"post-772267","1":"product","2":"type-product","3":"status-publish","5":"product_cat-diger-sosyoloji","6":"product_cat-sosyoloji","7":"pa_cilt-ciltsiz","8":"pa_tur-kitap","9":"pa_yayinevi-metis-yayinlari","10":"pa_yazar-max-horkheimer","12":"first","13":"instock","14":"sale","15":"shipping-taxable","16":"purchasable","17":"product-type-simple"},"_links":{"self":[{"href":"https:\/\/roveyayinevi.com.tr\/index.php\/wp-json\/wp\/v2\/product\/772267","targetHints":{"allow":["GET"]}}],"collection":[{"href":"https:\/\/roveyayinevi.com.tr\/index.php\/wp-json\/wp\/v2\/product"}],"about":[{"href":"https:\/\/roveyayinevi.com.tr\/index.php\/wp-json\/wp\/v2\/types\/product"}],"wp:attachment":[{"href":"https:\/\/roveyayinevi.com.tr\/index.php\/wp-json\/wp\/v2\/media?parent=772267"}],"wp:term":[{"taxonomy":"product_brand","embeddable":true,"href":"https:\/\/roveyayinevi.com.tr\/index.php\/wp-json\/wp\/v2\/product_brand?post=772267"},{"taxonomy":"product_cat","embeddable":true,"href":"https:\/\/roveyayinevi.com.tr\/index.php\/wp-json\/wp\/v2\/product_cat?post=772267"},{"taxonomy":"product_tag","embeddable":true,"href":"https:\/\/roveyayinevi.com.tr\/index.php\/wp-json\/wp\/v2\/product_tag?post=772267"}],"curies":[{"name":"wp","href":"https:\/\/api.w.org\/{rel}","templated":true}]}}