{"id":772266,"date":"2025-08-28T15:34:16","date_gmt":"2025-08-28T12:34:16","guid":{"rendered":"https:\/\/roveyayinevi.com.tr\/index.php\/urun\/alemler-ve-elementler\/"},"modified":"2026-04-15T03:38:43","modified_gmt":"2026-04-15T00:38:43","slug":"alemler-ve-elementler","status":"publish","type":"product","link":"https:\/\/roveyayinevi.com.tr\/index.php\/urun\/alemler-ve-elementler\/","title":{"rendered":"Alemler ve Elementler"},"content":{"rendered":"<p>Kelimeler gelir ge\u00e7er \u00f6m\u00fcrden. S\u00f6zc\u00fckler d\u00f6k\u00fcl\u00fcr \u00e2lemlerin dilinden ve anla\u015f\u0131lmayan lisan\u0131 ise gelir elementlerin \u00f6z\u00fcnden. Olmaz olsun \u015fu insan \u015fayet uzaksa g\u00f6n\u00fclden. Konu\u015fmak i\u00e7in dil gerekmez, kalbin varsa \u00e7\u00f6zer her \u015feyi, bulur kendili\u011finden. Yol ge\u00e7er, g\u00f6r\u00fcnenle g\u00f6r\u00fcnmeyen bir olur kendi dura\u011f\u0131na gelmeden. Duraklara ayr\u0131lm\u0131\u015ft\u0131r \u00e2lemler \u00f6l\u00e7\u00fcleri ayr\u0131 elementleri ayr\u0131d\u0131r. Zehri tan\u0131madan ila\u00e7 bulabilir mi insan hi\u00e7. S\u0131rr\u0131 bilmek isteyen, giyer yanan g\u00f6mle\u011fi hi\u00e7 d\u00fc\u015f\u00fcnmeden. Bu d\u00fcnyan\u0131n derdi bitmez, var olabildin mi ki yok olas\u0131n varl\u0131k denizinden. Yolculu\u011fumuz boyunca bir damla hakikate ula\u015fmakt\u0131r amac\u0131m\u0131z. Bu y\u00fczden Kurgusal Ba\u015flang\u0131\u00e7 ile hayat\u0131n kurgusunu tan\u0131mlamaya \u00e7al\u0131\u015ft\u0131k. Kalem ile G\u00fcm\u00fc\u015f Levhada ak\u0131l ile olas\u0131l\u0131klar denizine bakt\u0131k. \u00c2lemler ve Elementlerde ise ilmin \u00e2lemlerle olan ili\u015fkisini ve elementlerin ruhumuzla olan ba\u011flant\u0131s\u0131n\u0131 aral\u0131yoruz. <\/p>\n","protected":false},"excerpt":{"rendered":"<p>Kelimeler gelir ge\u00e7er \u00f6m\u00fcrden. S\u00f6zc\u00fckler d\u00f6k\u00fcl\u00fcr \u00e2lemlerin dilinden ve anla\u015f\u0131lmayan lisan\u0131 ise gelir elementlerin \u00f6z\u00fcnden. Olmaz olsun \u015fu insan \u015fayet uzaksa g\u00f6n\u00fclden. Konu\u015fmak i\u00e7in dil gerekmez,<span class=\"excerpt-hellip\"> [\u2026]<\/span><\/p>\n","protected":false},"featured_media":0,"template":"","meta":{"_monsterinsights_skip_tracking":false,"_monsterinsights_sitenote_active":false,"_monsterinsights_sitenote_note":"","_monsterinsights_sitenote_category":0},"product_brand":[],"product_cat":[12357],"product_tag":[],"class_list":{"0":"post-772266","1":"product","2":"type-product","3":"status-publish","5":"product_cat-psikoloji","6":"pa_cilt-ciltsiz","7":"pa_tur-kitap","8":"pa_yayinevi-astana-yayinlari","9":"pa_yazar-murat-koyun","11":"first","12":"instock","13":"sale","14":"shipping-taxable","15":"purchasable","16":"product-type-simple"},"_links":{"self":[{"href":"https:\/\/roveyayinevi.com.tr\/index.php\/wp-json\/wp\/v2\/product\/772266","targetHints":{"allow":["GET"]}}],"collection":[{"href":"https:\/\/roveyayinevi.com.tr\/index.php\/wp-json\/wp\/v2\/product"}],"about":[{"href":"https:\/\/roveyayinevi.com.tr\/index.php\/wp-json\/wp\/v2\/types\/product"}],"wp:attachment":[{"href":"https:\/\/roveyayinevi.com.tr\/index.php\/wp-json\/wp\/v2\/media?parent=772266"}],"wp:term":[{"taxonomy":"product_brand","embeddable":true,"href":"https:\/\/roveyayinevi.com.tr\/index.php\/wp-json\/wp\/v2\/product_brand?post=772266"},{"taxonomy":"product_cat","embeddable":true,"href":"https:\/\/roveyayinevi.com.tr\/index.php\/wp-json\/wp\/v2\/product_cat?post=772266"},{"taxonomy":"product_tag","embeddable":true,"href":"https:\/\/roveyayinevi.com.tr\/index.php\/wp-json\/wp\/v2\/product_tag?post=772266"}],"curies":[{"name":"wp","href":"https:\/\/api.w.org\/{rel}","templated":true}]}}