{"id":772265,"date":"2025-08-28T15:34:14","date_gmt":"2025-08-28T12:34:14","guid":{"rendered":"https:\/\/roveyayinevi.com.tr\/index.php\/urun\/kurulustan-ii-dunya-savasina-abd-tarihi\/"},"modified":"2026-04-14T03:36:08","modified_gmt":"2026-04-14T00:36:08","slug":"kurulustan-ii-dunya-savasina-abd-tarihi","status":"publish","type":"product","link":"https:\/\/roveyayinevi.com.tr\/index.php\/urun\/kurulustan-ii-dunya-savasina-abd-tarihi\/","title":{"rendered":"Kurulu\u015ftan II. D\u00fcnya Sava\u015f\u0131\u2019na ABD Tarihi"},"content":{"rendered":"<p>Amerika Birle\u015fik Devletleri (ABD) koloniler d\u00f6nemine kadar uzanan karma bir toplumun yans\u0131mas\u0131d\u0131r. 1776 y\u0131l\u0131 Ba\u011f\u0131ms\u0131zl\u0131k Bildirgesi ile Amerikan ulusu kavram\u0131n\u0131 ortaya atan devlet iradesi, \u00e7ok k\u0131sa s\u00fcrede emperyalist bir devlet olmu\u015ftur. ABD Monroe Doktrini ile her ne kadar Avrupa\u2019n\u0131n i\u00e7 i\u015flerine kar\u0131\u015fmayaca\u011f\u0131n\u0131 ve yaln\u0131zl\u0131k politikas\u0131n\u0131 benimseyece\u011fini s\u00f6ylese de I. D\u00fcnya Sava\u015f\u0131\u2019nda belirleyici unsur olmu\u015f ve sava\u015fa kat\u0131lm\u0131\u015ft\u0131r. ABD 1929 D\u00fcnya Ekonomik Buhran\u0131ndan ve ard\u0131ndan gelen k\u0131tl\u0131ktan olumsuz etkilenmi\u015ftir. II. D\u00fcnya Sava\u015f\u0131\u2019nda Hiro\u015fima ve Nagazaki\u2019ye att\u0131\u011f\u0131 atom bombalar\u0131 ile n\u00fckleer silahlar\u0131n tetikleyicisi olmu\u015ftur. Bu s\u00fcre\u00e7ten sonra d\u00fcnya bar\u0131\u015f\u0131n\u0131 korudu\u011funu iddia ederek t\u00fcm d\u00fcnyay\u0131 tehdit etmeye ba\u015flam\u0131\u015ft\u0131r. Kaleme ald\u0131\u011f\u0131m eserde; ABD\u2019nin k\u0131sa tarih\u00e7esi koloni \u00f6ncesi yerle\u015fimlerden ba\u015flay\u0131p, II. D\u00fcnya Sava\u015f\u0131\u2019na kadar de\u011ferlendirilmi\u015ftir. ABD\u2019nin d\u00fcnya devleti olma yolundaki ad\u0131mlar\u0131, sava\u015flar\u0131, sosyal tarihi, skandallar\u0131 ve ba\u015fkanlar\u0131n\u0131n \u00f6nemli olaylar\u0131na eserde de\u011finilmi\u015ftir. Raflarda de\u011fil g\u00f6n\u00fcllerde kalmak dile\u011fiyle\u2026 <\/p>\n","protected":false},"excerpt":{"rendered":"<p>Amerika Birle\u015fik Devletleri (ABD) koloniler d\u00f6nemine kadar uzanan karma bir toplumun yans\u0131mas\u0131d\u0131r. 1776 y\u0131l\u0131 Ba\u011f\u0131ms\u0131zl\u0131k Bildirgesi ile Amerikan ulusu kavram\u0131n\u0131 ortaya atan devlet iradesi, \u00e7ok k\u0131sa<span class=\"excerpt-hellip\"> [\u2026]<\/span><\/p>\n","protected":false},"featured_media":0,"template":"","meta":{"_monsterinsights_skip_tracking":false,"_monsterinsights_sitenote_active":false,"_monsterinsights_sitenote_note":"","_monsterinsights_sitenote_category":0},"product_brand":[],"product_cat":[12305,12304],"product_tag":[],"class_list":{"0":"post-772265","1":"product","2":"type-product","3":"status-publish","5":"product_cat-dunya-tarihi","6":"product_cat-tarih","7":"pa_cilt-ciltsiz","8":"pa_tur-kitap","9":"pa_yayinevi-astana-yayinlari","10":"pa_yazar-ozgur-yildiz","12":"first","13":"instock","14":"sale","15":"shipping-taxable","16":"purchasable","17":"product-type-simple"},"_links":{"self":[{"href":"https:\/\/roveyayinevi.com.tr\/index.php\/wp-json\/wp\/v2\/product\/772265","targetHints":{"allow":["GET"]}}],"collection":[{"href":"https:\/\/roveyayinevi.com.tr\/index.php\/wp-json\/wp\/v2\/product"}],"about":[{"href":"https:\/\/roveyayinevi.com.tr\/index.php\/wp-json\/wp\/v2\/types\/product"}],"wp:attachment":[{"href":"https:\/\/roveyayinevi.com.tr\/index.php\/wp-json\/wp\/v2\/media?parent=772265"}],"wp:term":[{"taxonomy":"product_brand","embeddable":true,"href":"https:\/\/roveyayinevi.com.tr\/index.php\/wp-json\/wp\/v2\/product_brand?post=772265"},{"taxonomy":"product_cat","embeddable":true,"href":"https:\/\/roveyayinevi.com.tr\/index.php\/wp-json\/wp\/v2\/product_cat?post=772265"},{"taxonomy":"product_tag","embeddable":true,"href":"https:\/\/roveyayinevi.com.tr\/index.php\/wp-json\/wp\/v2\/product_tag?post=772265"}],"curies":[{"name":"wp","href":"https:\/\/api.w.org\/{rel}","templated":true}]}}