{"id":772264,"date":"2025-08-28T15:34:12","date_gmt":"2025-08-28T12:34:12","guid":{"rendered":"https:\/\/roveyayinevi.com.tr\/index.php\/urun\/karanligin-gunesi\/"},"modified":"2026-04-15T03:38:43","modified_gmt":"2026-04-15T00:38:43","slug":"karanligin-gunesi","status":"publish","type":"product","link":"https:\/\/roveyayinevi.com.tr\/index.php\/urun\/karanligin-gunesi\/","title":{"rendered":"Karanl\u0131\u011f\u0131n G\u00fcne\u015fi"},"content":{"rendered":"<p>G\u00fcne\u015f, ge\u00e7mi\u015findeki ya\u015fanm\u0131\u015fl\u0131klar\u0131 atlatamam\u0131\u015f ve geli\u015ftirdi\u011fi oyuncu ki\u015fili\u011fi ile ba\u015fta kendisi olmak \u00fczere \u00e7evresindeki herkesi kendisini oldu\u011fu ki\u015fiden \u00e7ok daha ba\u015fka biri olarak g\u00f6stererek kand\u0131rmaktad\u0131r. Ruhunda iyile\u015ftiremedi\u011fi g\u00f6lge yanlar\u0131 her bir yeni olayda karanl\u0131\u011f\u0131n\u0131 koyula\u015ft\u0131rmakta ve derinle\u015ftirmektedir.   Deniz\u2019le tan\u0131\u015fmak ve h\u0131zl\u0131 ba\u015flayan ili\u015fkileri ilk ba\u015flarda ona iyi gelip hayat\u0131n\u0131 bir anlamda yoluna sokmu\u015fken ve hayalini kurdu\u011fu yazarl\u0131k kariyerine giri\u015f yapm\u0131\u015fken bir s\u00fcre sonra kontrol edemedi\u011fi g\u00f6lgeli do\u011fas\u0131n\u0131n hakimiyetine girer.   G\u00fcne\u015f\u2019in karanl\u0131\u011f\u0131 onu ele ge\u00e7irirken bunun bedelini de \u00e7evresindeki insanlar \u00f6demektedir. <\/p>\n","protected":false},"excerpt":{"rendered":"<p>G\u00fcne\u015f, ge\u00e7mi\u015findeki ya\u015fanm\u0131\u015fl\u0131klar\u0131 atlatamam\u0131\u015f ve geli\u015ftirdi\u011fi oyuncu ki\u015fili\u011fi ile ba\u015fta kendisi olmak \u00fczere \u00e7evresindeki herkesi kendisini oldu\u011fu ki\u015fiden \u00e7ok daha ba\u015fka biri olarak g\u00f6stererek kand\u0131rmaktad\u0131r. Ruhunda<span class=\"excerpt-hellip\"> [\u2026]<\/span><\/p>\n","protected":false},"featured_media":0,"template":"","meta":{"_monsterinsights_skip_tracking":false,"_monsterinsights_sitenote_active":false,"_monsterinsights_sitenote_note":"","_monsterinsights_sitenote_category":0},"product_brand":[],"product_cat":[12291,12711],"product_tag":[],"class_list":{"0":"post-772264","1":"product","2":"type-product","3":"status-publish","5":"product_cat-edebiyat","6":"product_cat-roman-oyku","7":"pa_cilt-ciltsiz","8":"pa_tur-kitap","9":"pa_yayinevi-perseus","10":"pa_yazar-ali-nihat-sensan","12":"first","13":"instock","14":"sale","15":"shipping-taxable","16":"purchasable","17":"product-type-simple"},"_links":{"self":[{"href":"https:\/\/roveyayinevi.com.tr\/index.php\/wp-json\/wp\/v2\/product\/772264","targetHints":{"allow":["GET"]}}],"collection":[{"href":"https:\/\/roveyayinevi.com.tr\/index.php\/wp-json\/wp\/v2\/product"}],"about":[{"href":"https:\/\/roveyayinevi.com.tr\/index.php\/wp-json\/wp\/v2\/types\/product"}],"wp:attachment":[{"href":"https:\/\/roveyayinevi.com.tr\/index.php\/wp-json\/wp\/v2\/media?parent=772264"}],"wp:term":[{"taxonomy":"product_brand","embeddable":true,"href":"https:\/\/roveyayinevi.com.tr\/index.php\/wp-json\/wp\/v2\/product_brand?post=772264"},{"taxonomy":"product_cat","embeddable":true,"href":"https:\/\/roveyayinevi.com.tr\/index.php\/wp-json\/wp\/v2\/product_cat?post=772264"},{"taxonomy":"product_tag","embeddable":true,"href":"https:\/\/roveyayinevi.com.tr\/index.php\/wp-json\/wp\/v2\/product_tag?post=772264"}],"curies":[{"name":"wp","href":"https:\/\/api.w.org\/{rel}","templated":true}]}}