{"id":772260,"date":"2025-08-28T15:34:03","date_gmt":"2025-08-28T12:34:03","guid":{"rendered":"https:\/\/roveyayinevi.com.tr\/index.php\/urun\/evliya-cikmazi\/"},"modified":"2026-04-15T03:38:43","modified_gmt":"2026-04-15T00:38:43","slug":"evliya-cikmazi","status":"publish","type":"product","link":"https:\/\/roveyayinevi.com.tr\/index.php\/urun\/evliya-cikmazi\/","title":{"rendered":"Evliya \u00c7\u0131kmaz\u0131"},"content":{"rendered":"<p>\u0130stanbul sadece bir \u015fehir de\u011fil, bir gizemdir de\u2026   Bu gizemin i\u00e7inde pek \u00e7ok ger\u00e7ek \u00f6yk\u00fcler ya\u015fan\u0131rken, ayn\u0131 zamanda masallar ve hayaller de var olur. Yazar\u0131n bu \u00f6yk\u00fcs\u00fcnde, belki de \u0130stanbul\u2019un t\u00fcm \u00f6yk\u00fclerinin ba\u015flang\u0131c\u0131n\u0131 ve sonunu bulabilirsiniz.   Evliya \u00c7\u0131kmaz\u0131, ger\u00e7e\u011fi ve hayali birlikte anlatan bir \u00f6yk\u00fcd\u00fcr. Ama bunu yaln\u0131zca o gizemi ya\u015fayanlar ve bu \u00f6yk\u00fcy\u00fc okuyanlar anlayabilir.   Bu \u00f6yk\u00fcde, \u0130stanbul evliyalar\u0131 ile k\u00f6t\u00fcl\u00fck aras\u0131nda y\u00fczy\u0131llard\u0131r s\u00fcren sava\u015fa ve gizemli g\u00fc\u00e7leri olan \u00fc\u00e7 karde\u015fin bu m\u00fccadeleye ortak olu\u015funa tan\u0131k olaca\u011f\u0131z.   \u201cGer\u00e7ekle d\u00fc\u015f aras\u0131nda bir hayal ya\u015f\u0131yoruz. Hayat ger\u00e7ek, \u00f6l\u00fcm gizemli ve ya\u015fad\u0131klar\u0131m\u0131z bir masald\u0131r\u201d <\/p>\n","protected":false},"excerpt":{"rendered":"<p>\u0130stanbul sadece bir \u015fehir de\u011fil, bir gizemdir de\u2026 Bu gizemin i\u00e7inde pek \u00e7ok ger\u00e7ek \u00f6yk\u00fcler ya\u015fan\u0131rken, ayn\u0131 zamanda masallar ve hayaller de var olur. Yazar\u0131n bu<span class=\"excerpt-hellip\"> [\u2026]<\/span><\/p>\n","protected":false},"featured_media":0,"template":"","meta":{"_monsterinsights_skip_tracking":false,"_monsterinsights_sitenote_active":false,"_monsterinsights_sitenote_note":"","_monsterinsights_sitenote_category":0},"product_brand":[],"product_cat":[12291,12711],"product_tag":[],"class_list":{"0":"post-772260","1":"product","2":"type-product","3":"status-publish","5":"product_cat-edebiyat","6":"product_cat-roman-oyku","7":"pa_cilt-ciltsiz","8":"pa_tur-kitap","9":"pa_yayinevi-perseus","10":"pa_yazar-ali-nihat-sensan","12":"first","13":"instock","14":"sale","15":"shipping-taxable","16":"purchasable","17":"product-type-simple"},"_links":{"self":[{"href":"https:\/\/roveyayinevi.com.tr\/index.php\/wp-json\/wp\/v2\/product\/772260","targetHints":{"allow":["GET"]}}],"collection":[{"href":"https:\/\/roveyayinevi.com.tr\/index.php\/wp-json\/wp\/v2\/product"}],"about":[{"href":"https:\/\/roveyayinevi.com.tr\/index.php\/wp-json\/wp\/v2\/types\/product"}],"wp:attachment":[{"href":"https:\/\/roveyayinevi.com.tr\/index.php\/wp-json\/wp\/v2\/media?parent=772260"}],"wp:term":[{"taxonomy":"product_brand","embeddable":true,"href":"https:\/\/roveyayinevi.com.tr\/index.php\/wp-json\/wp\/v2\/product_brand?post=772260"},{"taxonomy":"product_cat","embeddable":true,"href":"https:\/\/roveyayinevi.com.tr\/index.php\/wp-json\/wp\/v2\/product_cat?post=772260"},{"taxonomy":"product_tag","embeddable":true,"href":"https:\/\/roveyayinevi.com.tr\/index.php\/wp-json\/wp\/v2\/product_tag?post=772260"}],"curies":[{"name":"wp","href":"https:\/\/api.w.org\/{rel}","templated":true}]}}