{"id":772259,"date":"2025-08-28T15:34:01","date_gmt":"2025-08-28T12:34:01","guid":{"rendered":"https:\/\/roveyayinevi.com.tr\/index.php\/urun\/herregard-atesin-kizi\/"},"modified":"2026-04-15T03:38:43","modified_gmt":"2026-04-15T00:38:43","slug":"herregard-atesin-kizi","status":"publish","type":"product","link":"https:\/\/roveyayinevi.com.tr\/index.php\/urun\/herregard-atesin-kizi\/","title":{"rendered":"Herregard \u2013 Ate\u015f\u2019in K\u0131z\u0131"},"content":{"rendered":"<p>\u201cMasallar\u0131n ger\u00e7ek oldu\u011fu bir d\u00fcnyaya ho\u015f geldiniz.\u201d   Aidan Allen, Herregard\u2019a ilk ad\u0131m\u0131n\u0131 att\u0131\u011f\u0131nda bunun s\u0131radan bir yolculuk olmad\u0131\u011f\u0131n\u0131 hemen anlar. \u00c7\u00fcnk\u00fc buras\u0131, D\u00fcnya\u2019da yaln\u0131zca masallarda anlat\u0131lan her \u015feyin \u2013 b\u00fcy\u00fclerin, efsanevi yarat\u0131klar\u0131n ve kadim s\u0131rlar\u0131n \u2013 kanl\u0131 canl\u0131 ger\u00e7ek oldu\u011fu bir evrendir.   B\u00fcy\u00fcc\u00fc adaylar\u0131 aras\u0131nda yerini alan Aidan\u2019\u0131, sadece zorlu bir e\u011fitim de\u011fil, ayn\u0131 zamanda entrikalarla \u00f6r\u00fcl\u00fc karma\u015f\u0131k bir d\u00fcnya beklemektedir. Elli y\u0131l\u0131 a\u015fk\u0131n s\u00fcredir devam eden B\u00fcy\u00fck Sava\u015f geride kalm\u0131\u015f olsa da, Herregard h\u00e2l\u00e2 o sava\u015f\u0131n yaralar\u0131n\u0131 sarmaya \u00e7al\u0131\u015fmaktad\u0131r. G\u00fc\u00e7 dengeleri hassas, ittifaklar k\u0131r\u0131lgan ve her k\u00f6\u015fede yeni bir tehlike pusudad\u0131r.   Aidan, hem kendi i\u00e7indeki potansiyeli ke\u015ffetmek hem de bu b\u00fcy\u00fcl\u00fc evrende hayatta kalmak zorunda. Peki, bir masal\u0131n kahraman\u0131 olmak ne kadar kolay olabilir?   Kaderin, b\u00fcy\u00fcn\u00fcn ve ihanetin i\u00e7 i\u00e7e ge\u00e7ti\u011fi bu d\u00fcnyada, Aidan\u2019\u0131n yolculu\u011fu daha yeni ba\u015fl\u0131yor. <\/p>\n","protected":false},"excerpt":{"rendered":"<p>\u201cMasallar\u0131n ger\u00e7ek oldu\u011fu bir d\u00fcnyaya ho\u015f geldiniz.\u201d Aidan Allen, Herregard\u2019a ilk ad\u0131m\u0131n\u0131 att\u0131\u011f\u0131nda bunun s\u0131radan bir yolculuk olmad\u0131\u011f\u0131n\u0131 hemen anlar. \u00c7\u00fcnk\u00fc buras\u0131, D\u00fcnya\u2019da yaln\u0131zca masallarda anlat\u0131lan<span class=\"excerpt-hellip\"> [\u2026]<\/span><\/p>\n","protected":false},"featured_media":0,"template":"","meta":{"_monsterinsights_skip_tracking":false,"_monsterinsights_sitenote_active":false,"_monsterinsights_sitenote_note":"","_monsterinsights_sitenote_category":0},"product_brand":[],"product_cat":[12291,12711],"product_tag":[],"class_list":{"0":"post-772259","1":"product","2":"type-product","3":"status-publish","5":"product_cat-edebiyat","6":"product_cat-roman-oyku","7":"pa_cilt-ciltsiz","8":"pa_tur-kitap","9":"pa_yayinevi-perseus","10":"pa_yazar-e-tunca-ozar","12":"first","13":"instock","14":"sale","15":"shipping-taxable","16":"purchasable","17":"product-type-simple"},"_links":{"self":[{"href":"https:\/\/roveyayinevi.com.tr\/index.php\/wp-json\/wp\/v2\/product\/772259","targetHints":{"allow":["GET"]}}],"collection":[{"href":"https:\/\/roveyayinevi.com.tr\/index.php\/wp-json\/wp\/v2\/product"}],"about":[{"href":"https:\/\/roveyayinevi.com.tr\/index.php\/wp-json\/wp\/v2\/types\/product"}],"wp:attachment":[{"href":"https:\/\/roveyayinevi.com.tr\/index.php\/wp-json\/wp\/v2\/media?parent=772259"}],"wp:term":[{"taxonomy":"product_brand","embeddable":true,"href":"https:\/\/roveyayinevi.com.tr\/index.php\/wp-json\/wp\/v2\/product_brand?post=772259"},{"taxonomy":"product_cat","embeddable":true,"href":"https:\/\/roveyayinevi.com.tr\/index.php\/wp-json\/wp\/v2\/product_cat?post=772259"},{"taxonomy":"product_tag","embeddable":true,"href":"https:\/\/roveyayinevi.com.tr\/index.php\/wp-json\/wp\/v2\/product_tag?post=772259"}],"curies":[{"name":"wp","href":"https:\/\/api.w.org\/{rel}","templated":true}]}}