{"id":772257,"date":"2025-08-28T15:33:57","date_gmt":"2025-08-28T12:33:57","guid":{"rendered":"https:\/\/roveyayinevi.com.tr\/index.php\/urun\/hayati-ve-eserleriyle-raffaello\/"},"modified":"2026-04-15T03:38:42","modified_gmt":"2026-04-15T00:38:42","slug":"hayati-ve-eserleriyle-raffaello","status":"publish","type":"product","link":"https:\/\/roveyayinevi.com.tr\/index.php\/urun\/hayati-ve-eserleriyle-raffaello\/","title":{"rendered":"Hayat\u0131 ve Eserleriyle  Raffaello"},"content":{"rendered":"<p>\u201cBu kitab\u0131 yaln\u0131zca bir sanat\u00e7\u0131n\u0131n ya\u015fam \u00f6yk\u00fcs\u00fcn\u00fc anlatmak i\u00e7in de\u011fil, sanat\u0131na i\u015flemi\u015f ruhu da g\u00fcn y\u00fcz\u00fcne \u00e7\u0131karmak umuduyla yazd\u0131m. Raffaello\u2019yu ilahi bir yetenek olarak g\u00f6rmekten \u00e7ok, s\u0131radan bir insan\u0131n zaman\u0131n yok edicili\u011fine nas\u0131l kafa tutabilece\u011fini konusunda hepimize yol g\u00f6sterici olmas\u0131n\u0131 diledim. Yetene\u011fi ve zek\u00e2s\u0131yla, tecr\u00fcbesizli\u011fi ve k\u0131skan\u00e7l\u0131\u011f\u0131yla, hayranl\u0131klar\u0131 ve \u00f6zlemleriyle, ba\u015far\u0131s\u0131 ve ba\u015far\u0131s\u0131zl\u0131klar\u0131yla ad\u0131n\u0131 tarihe nas\u0131l kaz\u0131d\u0131\u011f\u0131n\u0131 hep birlikte g\u00f6relim istedim. Tabii bunu yaparken k\u0131sac\u0131k \u00f6mr\u00fcne s\u0131\u011fd\u0131rd\u0131\u011f\u0131 e\u015fsiz eserleri ve sanat tarihindeki yerini inceleme zevkinden de mahrum kalamazd\u0131k. Ancak unutmamak laz\u0131m ki bir sanat\u00e7\u0131y\u0131 anlamak, onun eserlerini \u00e7\u00f6z\u00fcmlemekten ibaret de\u011fildir. F\u0131r\u00e7a darbelerinin neden o \u015fekilde hareket etti\u011fini, hangi duygunun hangi \u00e7izgiye s\u0131\u011f\u0131nd\u0131\u011f\u0131n\u0131 da g\u00f6rmek gerekir.   \u201cSayfalar ilerledik\u00e7e Raffaello\u2019nun Roma saraylar\u0131nda, at\u00f6lyelerinin lo\u015f \u0131\u015f\u0131\u011f\u0131nda ve Vatikan\u2019\u0131n tarihi duvarlar\u0131 aras\u0131nda b\u0131rakt\u0131\u011f\u0131 izleri takip edecek, b\u00fcy\u00fck ustan\u0131n sadece kendi \u00e7a\u011f\u0131n\u0131n de\u011fil, t\u00fcm zamanlar\u0131n en b\u00fcy\u00fck sanat\u00e7\u0131lar\u0131ndan biri oldu\u011funu an\u0131msayaca\u011f\u0131z. \u00d6yleyse gelin, Urbino\u2019dan yola \u00e7\u0131kan k\u00fc\u00e7\u00fck bir \u00e7ocu\u011fun ilahi dilin terc\u00fcman\u0131na d\u00f6n\u00fc\u015fme ser\u00fcvenine hep birlikte tan\u0131k olal\u0131m.\u201d   \u2013 Celil Sad\u0131k <\/p>\n","protected":false},"excerpt":{"rendered":"<p>\u201cBu kitab\u0131 yaln\u0131zca bir sanat\u00e7\u0131n\u0131n ya\u015fam \u00f6yk\u00fcs\u00fcn\u00fc anlatmak i\u00e7in de\u011fil, sanat\u0131na i\u015flemi\u015f ruhu da g\u00fcn y\u00fcz\u00fcne \u00e7\u0131karmak umuduyla yazd\u0131m. Raffaello\u2019yu ilahi bir yetenek olarak g\u00f6rmekten \u00e7ok,<span class=\"excerpt-hellip\"> [\u2026]<\/span><\/p>\n","protected":false},"featured_media":0,"template":"","meta":{"_monsterinsights_skip_tracking":false,"_monsterinsights_sitenote_active":false,"_monsterinsights_sitenote_note":"","_monsterinsights_sitenote_category":0},"product_brand":[],"product_cat":[12408,14197],"product_tag":[],"class_list":{"0":"post-772257","1":"product","2":"type-product","3":"status-publish","5":"product_cat-sanat","6":"product_cat-sanat-tarihi","7":"pa_cilt-ciltsiz","8":"pa_tur-kitap","9":"pa_yayinevi-kafka-yayinevi","10":"pa_yazar-celil-sadik","12":"first","13":"instock","14":"sale","15":"shipping-taxable","16":"purchasable","17":"product-type-simple"},"_links":{"self":[{"href":"https:\/\/roveyayinevi.com.tr\/index.php\/wp-json\/wp\/v2\/product\/772257","targetHints":{"allow":["GET"]}}],"collection":[{"href":"https:\/\/roveyayinevi.com.tr\/index.php\/wp-json\/wp\/v2\/product"}],"about":[{"href":"https:\/\/roveyayinevi.com.tr\/index.php\/wp-json\/wp\/v2\/types\/product"}],"wp:attachment":[{"href":"https:\/\/roveyayinevi.com.tr\/index.php\/wp-json\/wp\/v2\/media?parent=772257"}],"wp:term":[{"taxonomy":"product_brand","embeddable":true,"href":"https:\/\/roveyayinevi.com.tr\/index.php\/wp-json\/wp\/v2\/product_brand?post=772257"},{"taxonomy":"product_cat","embeddable":true,"href":"https:\/\/roveyayinevi.com.tr\/index.php\/wp-json\/wp\/v2\/product_cat?post=772257"},{"taxonomy":"product_tag","embeddable":true,"href":"https:\/\/roveyayinevi.com.tr\/index.php\/wp-json\/wp\/v2\/product_tag?post=772257"}],"curies":[{"name":"wp","href":"https:\/\/api.w.org\/{rel}","templated":true}]}}