{"id":772252,"date":"2025-08-28T15:33:45","date_gmt":"2025-08-28T12:33:45","guid":{"rendered":"https:\/\/roveyayinevi.com.tr\/index.php\/urun\/kalbinin-korsani\/"},"modified":"2026-04-15T03:38:42","modified_gmt":"2026-04-15T00:38:42","slug":"kalbinin-korsani","status":"publish","type":"product","link":"https:\/\/roveyayinevi.com.tr\/index.php\/urun\/kalbinin-korsani\/","title":{"rendered":"Kalbinin Korsan\u0131"},"content":{"rendered":"<p>\u201cRoza ona hi\u00e7 inanm\u0131yordu, olmad\u0131\u011f\u0131n\u0131 s\u00f6yl\u00fcyordu ama o korsan\u0131n bir kalbi olabilir miydi?  \u00c7\u00fcnk\u00fc Roza\u2019n\u0131nki gibi cesur bir y\u00fcrek bir kalpsizin u\u011fruna harcanmazd\u0131 ya&#8230;\u201d   Roza ve ailesi, su k\u0131tl\u0131\u011f\u0131n\u0131n ya\u015fand\u0131\u011f\u0131 Mo\u011fala b\u00f6lgesinden uzakla\u015fmak i\u00e7in Eros isimli gemiyi se\u00e7mi\u015ftir. Tatl\u0131 suyun oldu\u011fu b\u00f6lgeye gitmek i\u00e7in ba\u015flad\u0131klar\u0131 gizli seyahat, umulmad\u0131k bir gecenin perdesini aralar. Ans\u0131z\u0131n ortaya \u00e7\u0131kan korsanlar t\u00fcm konuklar\u0131 esareti alt\u0131na almak i\u00e7in bu gemiye binmi\u015ftir. Ya\u015fanan bu kar\u015f\u0131la\u015fma, yolculu\u011fun k\u00f6t\u00fc niyetlerle g\u00f6lgelendi\u011finin habercisidir. Kalbi kadar b\u00fcy\u00fck cesaretiyle Roza, bu korsanlara meydan okudu\u011funda gemideki yolculu\u011fu hayal edemedi\u011fi bir noktaya s\u00fcr\u00fcklenir. Ailesini g\u00f6rmeyi bile elinden alan bu korsanlara kar\u015f\u0131 Roza\u2019n\u0131n tek istedi\u011fi sava\u015fmakt\u0131r fakat i\u00e7lerinden birisi vard\u0131r ki okyanusun ortas\u0131nda o korsana kar\u015f\u0131 Roza\u2019n\u0131n kalbi g\u00fcnden g\u00fcne erimektedir. Kalpsiz oldu\u011funu d\u00fc\u015f\u00fcnd\u00fc\u011f\u00fc korsan Elvis, ona baz\u0131 f\u0131rsatlar tan\u0131r ve Roza i\u00e7in iyilikle k\u00f6t\u00fcl\u00fck tan\u0131m\u0131 de\u011fi\u015fmeye ba\u015flar.  Kendisi i\u00e7in esaret, art\u0131k gemide ge\u00e7irdi\u011fi bu g\u00fcnler de\u011fil, akl\u0131 ile kalbi aras\u0131ndaki bulan\u0131kl\u0131kt\u0131r.      \u201cSen b\u00f6yle, oldu\u011fun gibiyken, kusursuzken ama buna ra\u011fmen g\u00fcn gelecek insanlar sende bir kusur aramak i\u00e7in \u00e7abalayacakken bu gemideki kimsenin senin yapt\u0131klar\u0131n\u0131 yapma cesareti olmad\u0131\u011f\u0131n\u0131 hat\u0131rla. Sen kusursuzdun, benim aksime.\u201d <\/p>\n","protected":false},"excerpt":{"rendered":"<p>\u201cRoza ona hi\u00e7 inanm\u0131yordu, olmad\u0131\u011f\u0131n\u0131 s\u00f6yl\u00fcyordu ama o korsan\u0131n bir kalbi olabilir miydi? \u00c7\u00fcnk\u00fc Roza\u2019n\u0131nki gibi cesur bir y\u00fcrek bir kalpsizin u\u011fruna harcanmazd\u0131 ya&#8230;\u201d Roza ve<span class=\"excerpt-hellip\"> [\u2026]<\/span><\/p>\n","protected":false},"featured_media":0,"template":"","meta":{"_monsterinsights_skip_tracking":false,"_monsterinsights_sitenote_active":false,"_monsterinsights_sitenote_note":"","_monsterinsights_sitenote_category":0},"product_brand":[],"product_cat":[12291,12711],"product_tag":[],"class_list":{"0":"post-772252","1":"product","2":"type-product","3":"status-publish","5":"product_cat-edebiyat","6":"product_cat-roman-oyku","7":"pa_cilt-ciltsiz","8":"pa_tur-kitap","9":"pa_yayinevi-indigo-kitap","10":"pa_yazar-emine-tavuz","12":"first","13":"instock","14":"sale","15":"shipping-taxable","16":"purchasable","17":"product-type-simple"},"_links":{"self":[{"href":"https:\/\/roveyayinevi.com.tr\/index.php\/wp-json\/wp\/v2\/product\/772252","targetHints":{"allow":["GET"]}}],"collection":[{"href":"https:\/\/roveyayinevi.com.tr\/index.php\/wp-json\/wp\/v2\/product"}],"about":[{"href":"https:\/\/roveyayinevi.com.tr\/index.php\/wp-json\/wp\/v2\/types\/product"}],"wp:attachment":[{"href":"https:\/\/roveyayinevi.com.tr\/index.php\/wp-json\/wp\/v2\/media?parent=772252"}],"wp:term":[{"taxonomy":"product_brand","embeddable":true,"href":"https:\/\/roveyayinevi.com.tr\/index.php\/wp-json\/wp\/v2\/product_brand?post=772252"},{"taxonomy":"product_cat","embeddable":true,"href":"https:\/\/roveyayinevi.com.tr\/index.php\/wp-json\/wp\/v2\/product_cat?post=772252"},{"taxonomy":"product_tag","embeddable":true,"href":"https:\/\/roveyayinevi.com.tr\/index.php\/wp-json\/wp\/v2\/product_tag?post=772252"}],"curies":[{"name":"wp","href":"https:\/\/api.w.org\/{rel}","templated":true}]}}