{"id":772245,"date":"2025-08-28T15:33:29","date_gmt":"2025-08-28T12:33:29","guid":{"rendered":"https:\/\/roveyayinevi.com.tr\/index.php\/urun\/beni-seyret-yeni-cumhuriyet-1-ciltli\/"},"modified":"2026-04-15T03:38:42","modified_gmt":"2026-04-15T00:38:42","slug":"beni-seyret-yeni-cumhuriyet-1-ciltli","status":"publish","type":"product","link":"https:\/\/roveyayinevi.com.tr\/index.php\/urun\/beni-seyret-yeni-cumhuriyet-1-ciltli\/","title":{"rendered":"Beni Seyret &#8211; Yeni Cumhuriyet-1 (Ciltli)"},"content":{"rendered":"<p>D\u00fcnyada f\u0131rt\u0131nalar koparan Bana Dokunma evrenine geri d\u00f6nmeye haz\u0131r ol!   Yeniden Kurulu\u015f\u2019un \u00e7\u00f6k\u00fc\u015f\u00fcnden on y\u0131l sonras\u0131n\u0131 anlatan Yeni Cumhuriyet serisinin ilk kitab\u0131, sizi nefes nefese kalaca\u011f\u0131n\u0131z bir maceraya s\u00fcr\u00fckl\u00fcyor.   D\u00fcnyay\u0131 de\u011fi\u015ftiren o devrimin \u00fcst\u00fcnden on y\u0131l ge\u00e7mi\u015fti. Juliette Ferrars ve Aaron Warner Anderson \u00f6nderli\u011finde kurulan Yeni Cumhuriyet, umut vadediyormu\u015f gibi g\u00f6r\u00fcn\u00fcyordu. Ama \u015fimdi, eski d\u00fc\u015fman yeniden ortaya \u00e7\u0131kmaya haz\u0131rlan\u0131rken, en tehlikeli silahlar devreye girmek \u00fczereydi. Ark Adas\u0131\u2019nda izlenmeyen hi\u00e7bir \u015fey yoktu. E\u011fitimli bir suikast\u00e7\u0131 olan Rosabelle Wolff\u2019un hayat\u0131 da planlarla doluydu. Her ad\u0131m\u0131 hesapl\u0131, her duygusu kontroll\u00fcyd\u00fc.   James Anderson\u2019\u0131n da bir plan\u0131 vard\u0131&#8230; ya da en az\u0131ndan \u00f6yle oldu\u011funu umuyordu. Sonu\u00e7ta abisi Aaron Warner Anderson\u2019\u0131n bile ba\u015faramad\u0131\u011f\u0131 bir \u015feyi yapm\u0131\u015f, Yeniden Kurulu\u015f\u2019un son kalesi olan Ark Adas\u0131\u2019na s\u0131zm\u0131\u015ft\u0131. Rosabelle\u2019le tan\u0131\u015fmas\u0131 ise t\u00fcm planlar\u0131n\u0131 alt\u00fcst edecekti.   Yeni Cumhuriyet d\u00f6nemi ba\u015fl\u0131yor! <\/p>\n","protected":false},"excerpt":{"rendered":"<p>D\u00fcnyada f\u0131rt\u0131nalar koparan Bana Dokunma evrenine geri d\u00f6nmeye haz\u0131r ol! Yeniden Kurulu\u015f\u2019un \u00e7\u00f6k\u00fc\u015f\u00fcnden on y\u0131l sonras\u0131n\u0131 anlatan Yeni Cumhuriyet serisinin ilk kitab\u0131, sizi nefes nefese kalaca\u011f\u0131n\u0131z<span class=\"excerpt-hellip\"> [\u2026]<\/span><\/p>\n","protected":false},"featured_media":0,"template":"","meta":{"_monsterinsights_skip_tracking":false,"_monsterinsights_sitenote_active":false,"_monsterinsights_sitenote_note":"","_monsterinsights_sitenote_category":0},"product_brand":[],"product_cat":[12291,14777],"product_tag":[],"class_list":{"0":"post-772245","1":"product","2":"type-product","3":"status-publish","5":"product_cat-edebiyat","6":"product_cat-fantastik","7":"pa_cilt-ciltli","8":"pa_tur-kitap","9":"pa_yayinevi-dex-yayinevi","10":"pa_yazar-tahereh-mafi","12":"first","13":"instock","14":"sale","15":"shipping-taxable","16":"purchasable","17":"product-type-simple"},"_links":{"self":[{"href":"https:\/\/roveyayinevi.com.tr\/index.php\/wp-json\/wp\/v2\/product\/772245","targetHints":{"allow":["GET"]}}],"collection":[{"href":"https:\/\/roveyayinevi.com.tr\/index.php\/wp-json\/wp\/v2\/product"}],"about":[{"href":"https:\/\/roveyayinevi.com.tr\/index.php\/wp-json\/wp\/v2\/types\/product"}],"wp:attachment":[{"href":"https:\/\/roveyayinevi.com.tr\/index.php\/wp-json\/wp\/v2\/media?parent=772245"}],"wp:term":[{"taxonomy":"product_brand","embeddable":true,"href":"https:\/\/roveyayinevi.com.tr\/index.php\/wp-json\/wp\/v2\/product_brand?post=772245"},{"taxonomy":"product_cat","embeddable":true,"href":"https:\/\/roveyayinevi.com.tr\/index.php\/wp-json\/wp\/v2\/product_cat?post=772245"},{"taxonomy":"product_tag","embeddable":true,"href":"https:\/\/roveyayinevi.com.tr\/index.php\/wp-json\/wp\/v2\/product_tag?post=772245"}],"curies":[{"name":"wp","href":"https:\/\/api.w.org\/{rel}","templated":true}]}}