{"id":772242,"date":"2025-08-28T15:33:22","date_gmt":"2025-08-28T12:33:22","guid":{"rendered":"https:\/\/roveyayinevi.com.tr\/index.php\/urun\/isim-sehir-hayvan-bitki-esya-2\/"},"modified":"2026-04-15T03:38:42","modified_gmt":"2026-04-15T00:38:42","slug":"isim-sehir-hayvan-bitki-esya-2","status":"publish","type":"product","link":"https:\/\/roveyayinevi.com.tr\/index.php\/urun\/isim-sehir-hayvan-bitki-esya-2\/","title":{"rendered":"\u0130sim \u015eehir Hayvan Bitki E\u015fya"},"content":{"rendered":"<p>YAZ, \u00c7\u0130Z, ARA\u015eTIR, TASARLA!    \u0130sim \u015eehir Hayvan Bitki E\u015fya kitab\u0131yla e\u011flenceli bir macera seni bekliyor! Arkada\u015flar\u0131nla, ailenle veya tek ba\u015f\u0131na oynayabilece\u011fin bu oyunla harflerin ve kelimelerin sihirli d\u00fcnyas\u0131nda bir gezintiye \u00e7\u0131kacaks\u0131n. Her harfte yeni bir maceraya at\u0131l\u0131p yeni ke\u015fifler yapacaks\u0131n.   \u2022 Yeni isimler \u00f6\u011fren. \u2022 Bilmedi\u011fin \u015fehirleri ara\u015ft\u0131r. \u2022 \u0130lgin\u00e7 hayvanlar\u0131 ke\u015ffet ve s\u00f6zl\u00fckten \u0130ngilizcelerini bul. \u2022 Birbirinden \u00e7e\u015fitli bitkileri renklendir. \u2022 E\u015fyalar\u0131 istedi\u011fin gibi tasarla.   Hayal g\u00fcc\u00fcn\u00fc serbest b\u0131rak, boya kalemlerini kap, e\u011flenmeye ba\u015fla! <\/p>\n","protected":false},"excerpt":{"rendered":"<p>YAZ, \u00c7\u0130Z, ARA\u015eTIR, TASARLA! \u0130sim \u015eehir Hayvan Bitki E\u015fya kitab\u0131yla e\u011flenceli bir macera seni bekliyor! Arkada\u015flar\u0131nla, ailenle veya tek ba\u015f\u0131na oynayabilece\u011fin bu oyunla harflerin ve kelimelerin<span class=\"excerpt-hellip\"> [\u2026]<\/span><\/p>\n","protected":false},"featured_media":0,"template":"","meta":{"_monsterinsights_skip_tracking":false,"_monsterinsights_sitenote_active":false,"_monsterinsights_sitenote_note":"","_monsterinsights_sitenote_category":0},"product_brand":[],"product_cat":[12274,15842],"product_tag":[],"class_list":{"0":"post-772242","1":"product","2":"type-product","3":"status-publish","5":"product_cat-cocuk-ve-genclik-kitaplari","6":"product_cat-egitici-kitaplar","7":"pa_cilt-ciltsiz","8":"pa_tur-kitap","9":"pa_yayinevi-dogan-cocuk","10":"pa_yazar-alp-gokalp","12":"first","13":"instock","14":"sale","15":"shipping-taxable","16":"purchasable","17":"product-type-simple"},"_links":{"self":[{"href":"https:\/\/roveyayinevi.com.tr\/index.php\/wp-json\/wp\/v2\/product\/772242","targetHints":{"allow":["GET"]}}],"collection":[{"href":"https:\/\/roveyayinevi.com.tr\/index.php\/wp-json\/wp\/v2\/product"}],"about":[{"href":"https:\/\/roveyayinevi.com.tr\/index.php\/wp-json\/wp\/v2\/types\/product"}],"wp:attachment":[{"href":"https:\/\/roveyayinevi.com.tr\/index.php\/wp-json\/wp\/v2\/media?parent=772242"}],"wp:term":[{"taxonomy":"product_brand","embeddable":true,"href":"https:\/\/roveyayinevi.com.tr\/index.php\/wp-json\/wp\/v2\/product_brand?post=772242"},{"taxonomy":"product_cat","embeddable":true,"href":"https:\/\/roveyayinevi.com.tr\/index.php\/wp-json\/wp\/v2\/product_cat?post=772242"},{"taxonomy":"product_tag","embeddable":true,"href":"https:\/\/roveyayinevi.com.tr\/index.php\/wp-json\/wp\/v2\/product_tag?post=772242"}],"curies":[{"name":"wp","href":"https:\/\/api.w.org\/{rel}","templated":true}]}}