{"id":772241,"date":"2025-08-28T15:33:20","date_gmt":"2025-08-28T12:33:20","guid":{"rendered":"https:\/\/roveyayinevi.com.tr\/index.php\/urun\/hansel-ve-gretel-bildigin-masallardan-degil\/"},"modified":"2026-04-15T03:38:42","modified_gmt":"2026-04-15T00:38:42","slug":"hansel-ve-gretel-bildigin-masallardan-degil","status":"publish","type":"product","link":"https:\/\/roveyayinevi.com.tr\/index.php\/urun\/hansel-ve-gretel-bildigin-masallardan-degil\/","title":{"rendered":"Hansel ve Gretel &#8211; Bildi\u011fin Masallardan De\u011fil"},"content":{"rendered":"<p>HANSEL VE GRETEL ama&#8230; B\u0130LD\u0130\u011e\u0130N MASALLARDAN DE\u011e\u0130L! Bu masal kahramanlar\u0131n\u0131n masal anlat\u0131c\u0131s\u0131n\u0131 dinlemeye hi\u00e7 niyetleri yok! \u00d6ncelikle, \u00fclkede k\u0131tl\u0131k varken kim ekmek k\u0131r\u0131nt\u0131lar\u0131n\u0131 soka\u011fa atar ki? Ormandaki pastadan evinde tek ba\u015f\u0131na ya\u015fayan her ya\u015fl\u0131 teyze cad\u0131 m\u0131 olmal\u0131 yani? Peki, masal\u0131n ad\u0131 neden Gretel ve Hansel de\u011fil?! S\u00fct ve kurabiyeler haz\u0131rsa masal saati ba\u015fl\u0131yor. Birbirinden komik kahramanlar\u0131 ve e\u011flenceli \u00e7izimleriyle bu Hansel ve Gretel masal\u0131, bug\u00fcne dek dinlediklerinizden \u00e7ok farkl\u0131. Arkan\u0131za yaslan\u0131n ve kahkahalarla g\u00fclmeye haz\u0131rlan\u0131n! <\/p>\n","protected":false},"excerpt":{"rendered":"<p>HANSEL VE GRETEL ama&#8230; B\u0130LD\u0130\u011e\u0130N MASALLARDAN DE\u011e\u0130L! Bu masal kahramanlar\u0131n\u0131n masal anlat\u0131c\u0131s\u0131n\u0131 dinlemeye hi\u00e7 niyetleri yok! \u00d6ncelikle, \u00fclkede k\u0131tl\u0131k varken kim ekmek k\u0131r\u0131nt\u0131lar\u0131n\u0131 soka\u011fa atar ki?<span class=\"excerpt-hellip\"> [\u2026]<\/span><\/p>\n","protected":false},"featured_media":0,"template":"","meta":{"_monsterinsights_skip_tracking":false,"_monsterinsights_sitenote_active":false,"_monsterinsights_sitenote_note":"","_monsterinsights_sitenote_category":0},"product_brand":[],"product_cat":[12274,12518],"product_tag":[],"class_list":{"0":"post-772241","1":"product","2":"type-product","3":"status-publish","5":"product_cat-cocuk-ve-genclik-kitaplari","6":"product_cat-okul-oncesi-kitaplar","7":"pa_cilt-ciltsiz","8":"pa_tur-kitap","9":"pa_yayinevi-dogan-cocuk","10":"pa_yazar-josh-funk","12":"first","13":"instock","14":"sale","15":"shipping-taxable","16":"purchasable","17":"product-type-simple"},"_links":{"self":[{"href":"https:\/\/roveyayinevi.com.tr\/index.php\/wp-json\/wp\/v2\/product\/772241","targetHints":{"allow":["GET"]}}],"collection":[{"href":"https:\/\/roveyayinevi.com.tr\/index.php\/wp-json\/wp\/v2\/product"}],"about":[{"href":"https:\/\/roveyayinevi.com.tr\/index.php\/wp-json\/wp\/v2\/types\/product"}],"wp:attachment":[{"href":"https:\/\/roveyayinevi.com.tr\/index.php\/wp-json\/wp\/v2\/media?parent=772241"}],"wp:term":[{"taxonomy":"product_brand","embeddable":true,"href":"https:\/\/roveyayinevi.com.tr\/index.php\/wp-json\/wp\/v2\/product_brand?post=772241"},{"taxonomy":"product_cat","embeddable":true,"href":"https:\/\/roveyayinevi.com.tr\/index.php\/wp-json\/wp\/v2\/product_cat?post=772241"},{"taxonomy":"product_tag","embeddable":true,"href":"https:\/\/roveyayinevi.com.tr\/index.php\/wp-json\/wp\/v2\/product_tag?post=772241"}],"curies":[{"name":"wp","href":"https:\/\/api.w.org\/{rel}","templated":true}]}}