{"id":772239,"date":"2025-08-28T15:33:17","date_gmt":"2025-08-28T12:33:17","guid":{"rendered":"https:\/\/roveyayinevi.com.tr\/index.php\/urun\/hayat-yeniden\/"},"modified":"2026-04-15T03:38:42","modified_gmt":"2026-04-15T00:38:42","slug":"hayat-yeniden","status":"publish","type":"product","link":"https:\/\/roveyayinevi.com.tr\/index.php\/urun\/hayat-yeniden\/","title":{"rendered":"Hayat Yeniden"},"content":{"rendered":"<p>\u201cOlan\u0131 sevelim\u201d   Adana\u2019da, varl\u0131kl\u0131 bir anne ile idealist ve dar gelirli bir baban\u0131n k\u0131z\u0131 olarak d\u00fcnyaya gelen Dr. Ay\u00e7a Kaya, zorluklarla \u00f6r\u00fcl\u00fc bir \u00e7ocukluktan doktorluk mesle\u011fine uzanan yolculu\u011funu anlat\u0131rken, azmin, eme\u011fin ve inanc\u0131n g\u00fcc\u00fcn\u00fc g\u00f6zler \u00f6n\u00fcne seriyor. Hayat\u0131n ini\u015f \u00e7\u0131k\u0131\u015flar\u0131na ra\u011fmen, \u201cKe\u015fkelerim yok\u201d diyen Kaya, her ya\u015fanan\u0131n bir anlam\u0131 oldu\u011funa inan\u0131yor: \u201cGeriye d\u00f6n\u00fcp bakt\u0131\u011f\u0131mda \u2018ke\u015fkem\u2019 yok. Ya\u015fad\u0131\u011f\u0131m her \u015fey i\u00e7in minnettar\u0131m. Gen\u00e7ken, \u2018Ke\u015fke ba\u015fka bir \u00fcniversiteye gitseydim\u2019 diye d\u00fc\u015f\u00fcnd\u00fc\u011f\u00fcm zamanlar oldu. Ama sonunda anlad\u0131m ki her \u015fey olmas\u0131 gerekti\u011fi gibi olmu\u015f. Olan\u0131 sevelim, \u00e7\u00fcnk\u00fc hayat biz fark etmesek de bizi en do\u011fru yere g\u00f6t\u00fcr\u00fcr.\u201d   Hayat\u0131n ini\u015f \u00e7\u0131k\u0131\u015flar\u0131yla s\u0131nanan ve \u00e7ocukluk hayalini ger\u00e7ekle\u015ftirerek milyonlara rehberlik eden Dr. Ay\u00e7a Kaya, Hayat Yeniden\u2019de okuru bilimin \u0131\u015f\u0131\u011f\u0131nda sa\u011fl\u0131kl\u0131 bir ya\u015fama davet ediyor.   Sa\u011fl\u0131ks\u0131z g\u0131dalar, katk\u0131 maddeleri, b\u00fcy\u00fcyen porsiyonlar ve yanl\u0131\u015f beslenme al\u0131\u015fkanl\u0131klar\u0131 hayat\u0131m\u0131z\u0131 nas\u0131l etkiliyor? T\u00fcrkiye, adeta yava\u015f yava\u015f zehirleniyor mu? Kanser vakalar\u0131 neden art\u0131yor? Yanl\u0131\u015f diyet y\u00f6ntemleri, bilin\u00e7siz g\u0131da tercihleri ve modern ya\u015fam\u0131n getirdi\u011fi hatal\u0131 beslenme al\u0131\u015fkanl\u0131klar\u0131 bizi nas\u0131l hasta ediyor? Sa\u011fl\u0131kl\u0131 kalmak, ya\u015flanmay\u0131 geciktirmek ve zinde bir hayat s\u00fcrmek i\u00e7in neler yapmal\u0131y\u0131z? Ya\u011f yakt\u0131ran mucize besinler ger\u00e7ekten var m\u0131, yoksa bunlar birer pazarlama efsanesi mi? <\/p>\n","protected":false},"excerpt":{"rendered":"<p>\u201cOlan\u0131 sevelim\u201d Adana\u2019da, varl\u0131kl\u0131 bir anne ile idealist ve dar gelirli bir baban\u0131n k\u0131z\u0131 olarak d\u00fcnyaya gelen Dr. Ay\u00e7a Kaya, zorluklarla \u00f6r\u00fcl\u00fc bir \u00e7ocukluktan doktorluk mesle\u011fine<span class=\"excerpt-hellip\"> [\u2026]<\/span><\/p>\n","protected":false},"featured_media":0,"template":"","meta":{"_monsterinsights_skip_tracking":false,"_monsterinsights_sitenote_active":false,"_monsterinsights_sitenote_note":"","_monsterinsights_sitenote_category":0},"product_brand":[],"product_cat":[20313,13365],"product_tag":[],"class_list":{"0":"post-772239","1":"product","2":"type-product","3":"status-publish","5":"product_cat-basvuru-kitaplari-saglik","6":"product_cat-saglik","7":"pa_cilt-ciltsiz","8":"pa_tur-kitap","9":"pa_yayinevi-dogan-kitap","10":"pa_yazar-ayca-kaya","12":"first","13":"instock","14":"sale","15":"shipping-taxable","16":"purchasable","17":"product-type-simple"},"_links":{"self":[{"href":"https:\/\/roveyayinevi.com.tr\/index.php\/wp-json\/wp\/v2\/product\/772239","targetHints":{"allow":["GET"]}}],"collection":[{"href":"https:\/\/roveyayinevi.com.tr\/index.php\/wp-json\/wp\/v2\/product"}],"about":[{"href":"https:\/\/roveyayinevi.com.tr\/index.php\/wp-json\/wp\/v2\/types\/product"}],"wp:attachment":[{"href":"https:\/\/roveyayinevi.com.tr\/index.php\/wp-json\/wp\/v2\/media?parent=772239"}],"wp:term":[{"taxonomy":"product_brand","embeddable":true,"href":"https:\/\/roveyayinevi.com.tr\/index.php\/wp-json\/wp\/v2\/product_brand?post=772239"},{"taxonomy":"product_cat","embeddable":true,"href":"https:\/\/roveyayinevi.com.tr\/index.php\/wp-json\/wp\/v2\/product_cat?post=772239"},{"taxonomy":"product_tag","embeddable":true,"href":"https:\/\/roveyayinevi.com.tr\/index.php\/wp-json\/wp\/v2\/product_tag?post=772239"}],"curies":[{"name":"wp","href":"https:\/\/api.w.org\/{rel}","templated":true}]}}