{"id":772238,"date":"2025-08-28T15:33:15","date_gmt":"2025-08-28T12:33:15","guid":{"rendered":"https:\/\/roveyayinevi.com.tr\/index.php\/urun\/yeni-soguk-savas\/"},"modified":"2026-04-15T03:38:42","modified_gmt":"2026-04-15T00:38:42","slug":"yeni-soguk-savas","status":"publish","type":"product","link":"https:\/\/roveyayinevi.com.tr\/index.php\/urun\/yeni-soguk-savas\/","title":{"rendered":"Yeni So\u011fuk Sava\u015f"},"content":{"rendered":"<p>\u00d6NDE GELEN ULUSLARARASI \u0130L\u0130\u015eK\u0130LER UZMANI SO\u011eUK SAVA\u015e\u2019IN B\u0130T\u0130\u015e\u0130NDEN UKRAYNA\u2019DAK\u0130 SAVA\u015eA KADAR UZANAN K\u0130L\u0130T A\u015eAMALARI G\u00dcN I\u015eI\u011eINA \u00c7IKARMAKTADIR.Gilbert Achcar, 1999\u2019daki Kosova Sava\u015f\u0131\u2019n\u0131n akabinde d\u00fcnyan\u0131n Birle\u015fik Devletler, Rusya ve \u00c7in\u2019in sava\u015fa her daim haz\u0131rl\u0131kl\u0131 bulunmalar\u0131yla nitelenen bir Yeni So\u011fuk Sava\u015f\u2019a ad\u0131m att\u0131\u011f\u0131n\u0131 iddia etmi\u015fti. Achcar\u2019\u0131n analizinde dikkat \u00e7ekecek \u00f6l\u00e7\u00fcde ileri g\u00f6r\u00fc\u015fl\u00fc oldu\u011fu ortaya \u00e7\u0131km\u0131\u015ft\u0131. O g\u00fcn bug\u00fcnd\u00fcr ABD kendini bir k\u00fcresel egemen \u015feklinde konumland\u0131rm\u0131\u015f; \u00c7in Rusya\u2019yla ba\u011fla\u015f\u0131k bir ekonomik g\u00fc\u00e7 merkezi halini alm\u0131\u015f; Rusya da NATO\u2019yu engellemek i\u00e7in, Vladimir Putin\u2019in 2022\u2019de Ukrayna\u2019y\u0131 kanl\u0131 istilas\u0131yla doruk noktas\u0131na varan \u00f6nleyici sava\u015flar\u0131 a\u00e7m\u0131\u015ft\u0131.Buraya nas\u0131l geldik? Gilbert Achcar\u2019\u0131n Yeni So\u011fuk Sava\u015f\u2019ta ayr\u0131nt\u0131land\u0131rd\u0131\u011f\u0131 gibi, So\u011fuk Sava\u015f\u2019\u0131n \u00e7eki\u015fmeleri Sovyetler Birli\u011fi\u2019nin \u00e7\u00f6k\u00fc\u015f\u00fcyle ortadan kalkmam\u0131\u015ft\u0131; sadece mutasyona u\u011fray\u0131p yeni bi\u00e7imler alm\u0131\u015flard\u0131. Yeni So\u011fuk Sava\u015f h\u00e2l\u00e2 \u00fcst\u00fcnde durmam\u0131z gereken yollarla gerilimleri artt\u0131rarak Avrupa sahnesinde korkutucu bir \u015fekilde gitgide k\u0131z\u0131\u015fm\u0131\u015ft\u0131. Achcar, bilgi birikiminin \u00fcr\u00fcn\u00fc ve akla yatk\u0131n analizinde alternatif, daha bar\u0131\u015f\u00e7\u0131l bir d\u00fcnyan\u0131n \u00e7evre \u00e7izgisini ancak bu yeni manzaray\u0131 kavrarsak tasavvur edebilece\u011fimizi ileri s\u00fcrmektedir.\u201cYeni So\u011fuk Sava\u015f\u2019\u0131n \u2012onu ilk defa tan\u0131mlay\u0131p ele alan akademisyence yap\u0131lan\u2012 son otuz y\u0131l\u0131n\u0131n genel jeopolitik analizinden siyaset te\u015fkilinin ayr\u0131nt\u0131lar\u0131na kadar uzanan bu bilgi dolu, keskin ve a\u00e7\u0131k, ustal\u0131kl\u0131 incelemesi mevcut k\u00fcresel karga\u015fal\u0131\u011f\u0131n ve bunun hayra alamet olmayan delaletinin vazge\u00e7ilmez bir rehberidir.\u201dNOAM CHOMSKY\u201cGilbert Achcar uzun bir s\u00fcredir bir Yeni So\u011fuk Sava\u015f\u2019a dikkat \u00e7ekmekteydi. Bu eserin zamanlamas\u0131 da \u00e7at\u0131\u015fman\u0131n en son a\u015famas\u0131n\u0131 derinlemesine incelemek a\u00e7\u0131s\u0131ndan gayet isabetlidir. Kay\u0131ts\u0131zca belagatlerin ve sloganlar\u0131n \u00f6tesine ge\u00e7meyi uman hi\u00e7 kimse bu kitab\u0131 g\u00f6zden ka\u00e7\u0131rmay\u0131 kald\u0131ramaz.SAMUEL MOYN\/Yale \u00dcniversitesi Hukuk ve Tarih Profes\u00f6r\u00fc<\/p>\n","protected":false},"excerpt":{"rendered":"<p>\u00d6NDE GELEN ULUSLARARASI \u0130L\u0130\u015eK\u0130LER UZMANI SO\u011eUK SAVA\u015e\u2019IN B\u0130T\u0130\u015e\u0130NDEN UKRAYNA\u2019DAK\u0130 SAVA\u015eA KADAR UZANAN K\u0130L\u0130T A\u015eAMALARI G\u00dcN I\u015eI\u011eINA \u00c7IKARMAKTADIR.Gilbert Achcar, 1999\u2019daki Kosova Sava\u015f\u0131\u2019n\u0131n akabinde d\u00fcnyan\u0131n Birle\u015fik Devletler, Rusya<span class=\"excerpt-hellip\"> [\u2026]<\/span><\/p>\n","protected":false},"featured_media":0,"template":"","meta":{"_monsterinsights_skip_tracking":false,"_monsterinsights_sitenote_active":false,"_monsterinsights_sitenote_note":"","_monsterinsights_sitenote_category":0},"product_brand":[],"product_cat":[12534,12304],"product_tag":[],"class_list":{"0":"post-772238","1":"product","2":"type-product","3":"status-publish","5":"product_cat-referans-kitaplar","6":"product_cat-tarih","7":"pa_cilt-ciltsiz","8":"pa_tur-kitap","9":"pa_yayinevi-ayrinti-yayinlari","10":"pa_yazar-gilbert-achcar","12":"first","13":"instock","14":"sale","15":"shipping-taxable","16":"purchasable","17":"product-type-simple"},"_links":{"self":[{"href":"https:\/\/roveyayinevi.com.tr\/index.php\/wp-json\/wp\/v2\/product\/772238","targetHints":{"allow":["GET"]}}],"collection":[{"href":"https:\/\/roveyayinevi.com.tr\/index.php\/wp-json\/wp\/v2\/product"}],"about":[{"href":"https:\/\/roveyayinevi.com.tr\/index.php\/wp-json\/wp\/v2\/types\/product"}],"wp:attachment":[{"href":"https:\/\/roveyayinevi.com.tr\/index.php\/wp-json\/wp\/v2\/media?parent=772238"}],"wp:term":[{"taxonomy":"product_brand","embeddable":true,"href":"https:\/\/roveyayinevi.com.tr\/index.php\/wp-json\/wp\/v2\/product_brand?post=772238"},{"taxonomy":"product_cat","embeddable":true,"href":"https:\/\/roveyayinevi.com.tr\/index.php\/wp-json\/wp\/v2\/product_cat?post=772238"},{"taxonomy":"product_tag","embeddable":true,"href":"https:\/\/roveyayinevi.com.tr\/index.php\/wp-json\/wp\/v2\/product_tag?post=772238"}],"curies":[{"name":"wp","href":"https:\/\/api.w.org\/{rel}","templated":true}]}}