{"id":772236,"date":"2025-08-28T15:33:10","date_gmt":"2025-08-28T12:33:10","guid":{"rendered":"https:\/\/roveyayinevi.com.tr\/index.php\/urun\/tove-jansson\/"},"modified":"2026-04-15T03:38:42","modified_gmt":"2026-04-15T00:38:42","slug":"tove-jansson","status":"publish","type":"product","link":"https:\/\/roveyayinevi.com.tr\/index.php\/urun\/tove-jansson\/","title":{"rendered":"Tove Jansson"},"content":{"rendered":"<p>Tove Jansson\u2019un tan\u0131mlanm\u0131\u015f her \u015feyle \u015fiddetli ge\u00e7imsizli\u011fi vard\u0131r. Adlar\u0131n, s\u0131fatlar\u0131n bir \u015feyleri i\u015faret etmekten \u00e7ok \u015fekillendirdi\u011fini, kurumsalla\u015ft\u0131rd\u0131\u011f\u0131n\u0131 d\u00fc\u015f\u00fcn\u00fcr. \u201cTeselli etmek, hayranl\u0131k duymak, boyun e\u011fmek, sere serpe bir erke\u011fe ba\u011flanmamak ve sava\u015fa yem olacak bir \u00e7ocuk yapmamak i\u00e7in\u201d evlenmez. Nazi Almanya\u2019s\u0131n\u0131 ele\u015ftirdi\u011fi sivri dilli karikat\u00fcrleri, Finlandiya devletiyle ba\u015f\u0131n\u0131 belaya sokar. \u201c\u00c7ocuklu\u011fun\u201d imal edildi\u011fini, \u00e7ocuklar\u0131 terbiye etmek i\u00e7in s\u00fcr\u00fc misali i\u00e7ine kapatan bir \u00e7it oldu\u011funu d\u00fc\u015f\u00fcn\u00fcr. \u00c7ocukluk de\u011fil, \u00e7ocuklar vard\u0131r kitaplar\u0131nda. Bakt\u0131klar\u0131 her \u015feyde bir \u00e7atlak bulup i\u00e7ine dalarlar, \u00e7atla\u011f\u0131 b\u00fcy\u00fct\u00fcr, o \u015feyin bir \u015feyi g\u00f6stermekten \u00e7ok bir \u015feyi \u00f6rtt\u00fc\u011f\u00fcn\u00fc g\u00f6sterirler. Ve bu \u00e7ocuklar, b\u00fcy\u00fcklerin dil ve davran\u0131\u015flar\u0131n\u0131 taklit ederek, \u201cyeti\u015fkinli\u011fe\u201d ve \u201colgunlu\u011fa\u201d ba\u015fka bir ayna tutarlar. Bu ayna onlara en g\u00fczel sizsiniz demez, ne kadar sakil olduklar\u0131 yans\u0131r aynada. Heykelt\u0131ra\u015f\u0131n K\u0131z\u0131\u2019nda d\u00f6rt g\u00f6z vard\u0131r diyebiliriz, karakterlerin ve olaylar\u0131n kendi halleri, Tove\u2019nin ailesinin karakterleri ve olaylar\u0131 g\u00f6rme tarz\u0131, Tove\u2019nin ailenin (b\u00fcy\u00fcklerin) diliyle karakterleri ve olaylar\u0131 g\u00f6rme tarz\u0131 ve nihayet Tove\u2019nin bakt\u0131\u011f\u0131 her \u015feyde bir delik a\u00e7\u0131p paralel bir d\u00fcnyaya ge\u00e7mesi. Yazar d\u00fcnyalar aras\u0131nda kay\u0131p durur, bazen anlat\u0131 birden bildik bir \u015fark\u0131, \u015fiir yahut \u00f6yk\u00fcyle yamalan\u0131r, yahut bunlar\u0131n ucundan tutup ba\u015fka bir sona \u00e7ekilir. Tove, Baba ve Deniz\u2019de \u00e7atlatmaya ba\u015flad\u0131\u011f\u0131 Mumi Vadisini ve Ailesini, bu \u00f6yk\u00fclerle \u00fcnlenmi\u015f bir yazar i\u00e7in akla hayale s\u0131\u011fmayacak bir \u015fey yaparak, \u00f6yk\u00fcden \u00e7\u0131kar\u0131r.  Heykelt\u0131ra\u015f\u0131n K\u0131z\u0131\u2019nda bunun niye b\u00f6yle oldu\u011funu ve Tove Jansson\u2019u fantastik sahici yapan \u015feyin b\u00fct\u00fcn ipu\u00e7lar\u0131n\u0131 buluruz.<\/p>\n","protected":false},"excerpt":{"rendered":"<p>Tove Jansson\u2019un tan\u0131mlanm\u0131\u015f her \u015feyle \u015fiddetli ge\u00e7imsizli\u011fi vard\u0131r. Adlar\u0131n, s\u0131fatlar\u0131n bir \u015feyleri i\u015faret etmekten \u00e7ok \u015fekillendirdi\u011fini, kurumsalla\u015ft\u0131rd\u0131\u011f\u0131n\u0131 d\u00fc\u015f\u00fcn\u00fcr. \u201cTeselli etmek, hayranl\u0131k duymak, boyun e\u011fmek, sere serpe<span class=\"excerpt-hellip\"> [\u2026]<\/span><\/p>\n","protected":false},"featured_media":0,"template":"","meta":{"_monsterinsights_skip_tracking":false,"_monsterinsights_sitenote_active":false,"_monsterinsights_sitenote_note":"","_monsterinsights_sitenote_category":0},"product_brand":[],"product_cat":[12291,18202],"product_tag":[],"class_list":{"0":"post-772236","1":"product","2":"type-product","3":"status-publish","5":"product_cat-edebiyat","6":"product_cat-hikaye","7":"pa_cilt-ciltsiz","8":"pa_tur-kitap","9":"pa_yayinevi-ayrinti-yayinlari","10":"pa_yazar-tove-jansson","12":"first","13":"instock","14":"sale","15":"shipping-taxable","16":"purchasable","17":"product-type-simple"},"_links":{"self":[{"href":"https:\/\/roveyayinevi.com.tr\/index.php\/wp-json\/wp\/v2\/product\/772236","targetHints":{"allow":["GET"]}}],"collection":[{"href":"https:\/\/roveyayinevi.com.tr\/index.php\/wp-json\/wp\/v2\/product"}],"about":[{"href":"https:\/\/roveyayinevi.com.tr\/index.php\/wp-json\/wp\/v2\/types\/product"}],"wp:attachment":[{"href":"https:\/\/roveyayinevi.com.tr\/index.php\/wp-json\/wp\/v2\/media?parent=772236"}],"wp:term":[{"taxonomy":"product_brand","embeddable":true,"href":"https:\/\/roveyayinevi.com.tr\/index.php\/wp-json\/wp\/v2\/product_brand?post=772236"},{"taxonomy":"product_cat","embeddable":true,"href":"https:\/\/roveyayinevi.com.tr\/index.php\/wp-json\/wp\/v2\/product_cat?post=772236"},{"taxonomy":"product_tag","embeddable":true,"href":"https:\/\/roveyayinevi.com.tr\/index.php\/wp-json\/wp\/v2\/product_tag?post=772236"}],"curies":[{"name":"wp","href":"https:\/\/api.w.org\/{rel}","templated":true}]}}