{"id":772234,"date":"2025-08-28T15:33:07","date_gmt":"2025-08-28T12:33:07","guid":{"rendered":"https:\/\/roveyayinevi.com.tr\/index.php\/urun\/para-bagirir-servet-fisildar\/"},"modified":"2026-04-15T03:38:42","modified_gmt":"2026-04-15T00:38:42","slug":"para-bagirir-servet-fisildar","status":"publish","type":"product","link":"https:\/\/roveyayinevi.com.tr\/index.php\/urun\/para-bagirir-servet-fisildar\/","title":{"rendered":"Para Ba\u011f\u0131r\u0131r Servet F\u0131s\u0131ldar"},"content":{"rendered":"<p>Kitap Tan\u0131t\u0131m Yaz\u0131s\u0131 :   Bir insan nas\u0131l zengin olur? S\u0131f\u0131rdan ba\u015flay\u0131p milyon dolarl\u0131k \u015firketleri, markalar\u0131 nas\u0131l kurar? D\u00fcnyan\u0131n en zenginleri listelerine nas\u0131l girer? Bu kitab\u0131 elinize ald\u0131\u011f\u0131n\u0131za g\u00f6re muhtemelen siz de bu sorular\u0131n yan\u0131tlar\u0131n\u0131 merak ediyorsunuz. Ben size yan\u0131t\u0131 en kestirmeden vereyim mi? \u0130lk kural kitab\u0131m\u0131n isminde yat\u0131yor: Para ba\u011f\u0131r\u0131r servet f\u0131s\u0131ldar! Ne demek istiyorum anlatmak i\u00e7in \u00f6nce size zaman\u0131m\u0131z\u0131n \u015fip\u015fak bir foto\u011fraf\u0131n\u0131 sunay\u0131m. Zenginli\u011fin \u00f6n\u00fcnde engel olu\u015fturan en b\u00fcy\u00fck yanl\u0131\u015f nedir biliyor musunuz? Sahip oldu\u011fumuz paray\u0131, varl\u0131\u011f\u0131 onu b\u00fcy\u00fctmeye de\u011fil g\u00f6steri\u015fe harcamak. Yani paray\u0131 ba\u011f\u0131rtmak\u2026 Yani\u2026 S\u0131n\u0131f atlama \u00e7abam\u0131zdan dolay\u0131, hayran\u0131 oldu\u011fumuz ve onlarla ayn\u0131 ortamda bulunma \u00e7abas\u0131nda oldu\u011fumuz insanlar gibi olaca\u011f\u0131z diye ya da kendi \u00e7evremizdeki insanlara hava ataca\u011f\u0131z diye, \u00e7ok da zevkimize uymayan \u015feyleri, asl\u0131nda sahip bile olmad\u0131\u011f\u0131m\u0131z parayla sat\u0131n almaya \u00e7al\u0131\u015fmak ve dolay\u0131s\u0131yla kendimizi y\u0131llar boyunca bor\u00e7land\u0131rmak. \u0130\u015fte zenginli\u011fin \u00f6n\u00fcndeki en b\u00fcy\u00fck engel bu. Oysa ger\u00e7ek zengin 20 y\u0131ll\u0131k arabaya binmekten gocunmaz, sokakta g\u00f6rseniz k\u0131l\u0131k k\u0131yafetiyle onu s\u0131radan birinden ay\u0131rt edemezsiniz, olan paras\u0131n\u0131 ise hava atmaya de\u011fil o paray\u0131 b\u00fcy\u00fctmek i\u00e7in yat\u0131r\u0131ma kullan\u0131r. \u0130spat\u0131 m\u0131? Kitab\u0131mda anlatt\u0131\u011f\u0131m, neredeyse hepsi s\u0131f\u0131rdan ba\u015flay\u0131p d\u00fcnyan\u0131n, T\u00fcrkiye\u2019nin en zenginleri aras\u0131na giren isimlerin hik\u00e2yelerini okuyun i\u015fte. Ne demek istedi\u011fimi daha iyi anlayacaks\u0131n\u0131z. Y\u0131llar \u00f6nce Mavi B\u00f6lgeler diye bir belgesel izlemi\u015ftim. Bu belgeselde yap\u0131mc\u0131lar insanlar\u0131n uzun ve sa\u011fl\u0131kl\u0131 ya\u015fad\u0131\u011f\u0131 b\u00f6lgeleri mercek alt\u0131na al\u0131yor, oralarda ya\u015fayanlar\u0131n hik\u00e2yelerini payla\u015farak onlar\u0131n dediklerini yaparsak bizim de uzun ve sa\u011fl\u0131kl\u0131 bir \u00f6m\u00fcr s\u00fcrece\u011fimizi s\u00f6yl\u00fcyorlard\u0131. Bense size bu kitapla zenginlik vaat ediyorum. Zenginli\u011fin Mavi B\u00f6lgeleri\u2019nin sahipleri yani d\u00fcnyadan ve T\u00fcrkiye\u2019den ger\u00e7ek zenginlerin hik\u00e2yelerini, ba\u015far\u0131 s\u0131rlar\u0131n\u0131 anlat\u0131yorum. Umar\u0131m kitab\u0131m\u0131 severek okur, ilham al\u0131rs\u0131n\u0131z. Ve \u00f6\u011frendiklerinizi uygulayarak paran\u0131za para katar, bundan sonra yaz\u0131lacak kitaplarda hik\u00e2yesi anlat\u0131lacak zengin kahramanlardan biri de siz olursunuz. <\/p>\n","protected":false},"excerpt":{"rendered":"<p>Kitap Tan\u0131t\u0131m Yaz\u0131s\u0131 : Bir insan nas\u0131l zengin olur? S\u0131f\u0131rdan ba\u015flay\u0131p milyon dolarl\u0131k \u015firketleri, markalar\u0131 nas\u0131l kurar? D\u00fcnyan\u0131n en zenginleri listelerine nas\u0131l girer? Bu kitab\u0131 elinize<span class=\"excerpt-hellip\"> [\u2026]<\/span><\/p>\n","protected":false},"featured_media":0,"template":"","meta":{"_monsterinsights_skip_tracking":false,"_monsterinsights_sitenote_active":false,"_monsterinsights_sitenote_note":"","_monsterinsights_sitenote_category":0},"product_brand":[],"product_cat":[20333,13043],"product_tag":[],"class_list":{"0":"post-772234","1":"product","2":"type-product","3":"status-publish","5":"product_cat-diger-ekonomi","6":"product_cat-ekonomi","7":"pa_cilt-ciltsiz","8":"pa_tur-kitap","9":"pa_yayinevi-butik-yayinlari","10":"pa_yazar-mert-basaran","12":"first","13":"instock","14":"sale","15":"shipping-taxable","16":"purchasable","17":"product-type-simple"},"_links":{"self":[{"href":"https:\/\/roveyayinevi.com.tr\/index.php\/wp-json\/wp\/v2\/product\/772234","targetHints":{"allow":["GET"]}}],"collection":[{"href":"https:\/\/roveyayinevi.com.tr\/index.php\/wp-json\/wp\/v2\/product"}],"about":[{"href":"https:\/\/roveyayinevi.com.tr\/index.php\/wp-json\/wp\/v2\/types\/product"}],"wp:attachment":[{"href":"https:\/\/roveyayinevi.com.tr\/index.php\/wp-json\/wp\/v2\/media?parent=772234"}],"wp:term":[{"taxonomy":"product_brand","embeddable":true,"href":"https:\/\/roveyayinevi.com.tr\/index.php\/wp-json\/wp\/v2\/product_brand?post=772234"},{"taxonomy":"product_cat","embeddable":true,"href":"https:\/\/roveyayinevi.com.tr\/index.php\/wp-json\/wp\/v2\/product_cat?post=772234"},{"taxonomy":"product_tag","embeddable":true,"href":"https:\/\/roveyayinevi.com.tr\/index.php\/wp-json\/wp\/v2\/product_tag?post=772234"}],"curies":[{"name":"wp","href":"https:\/\/api.w.org\/{rel}","templated":true}]}}