{"id":772232,"date":"2025-08-28T15:33:04","date_gmt":"2025-08-28T12:33:04","guid":{"rendered":"https:\/\/roveyayinevi.com.tr\/index.php\/urun\/bilmekte-yarar-var\/"},"modified":"2026-04-15T03:38:42","modified_gmt":"2026-04-15T00:38:42","slug":"bilmekte-yarar-var","status":"publish","type":"product","link":"https:\/\/roveyayinevi.com.tr\/index.php\/urun\/bilmekte-yarar-var\/","title":{"rendered":"Bilmekte Yarar Var"},"content":{"rendered":"<p>Bilim s\u00fcrekli de\u011fi\u015fiyor. Bu de\u011fi\u015fim, geli\u015fmenin \u00f6nemli bir arac\u0131. \u0130\u00e7imden bir ses, de\u011fi\u015fecek bir \u015fey yok dedi\u011finde, i\u00e7imden ba\u015fka bir ses devreye giriyor ve \u201cSana yol g\u00f6sterece\u011fi kan\u0131s\u0131na vard\u0131\u011f\u0131n birisine, vard\u0131\u011f\u0131n bu, de\u011fi\u015fecek bir \u015fey kalmad\u0131, de\u011ferlendirmeni aktar, diyor. Ve sen de kendine, ben art\u0131k g\u00f6rememe durumunday\u0131m,\u201d de. Bu gidi\u015fi payla\u015fmak ve de uygulamaya rehberlik yapmaya \u00e7al\u0131\u015f\u0131yorum. Peki, rehberlik yapmaya \u00e7al\u0131\u015ft\u0131\u011f\u0131m gencin, m\u00fcdahale etti\u011fim organ\u0131n\u0131n yani beynin i\u015fleyi\u015finin uzmanlar\u0131 kimlerdir? Beyin uzmanlar\u0131d\u0131r. Anatomi, histoloji, fizyoloji ustalar\u0131 sa\u011fl\u0131kl\u0131 olarak bilinenlerin ustalar\u0131d\u0131r. N\u00f6rologlar ve beyin cerrahlar\u0131 beyindeki bozukluklar\u0131n tamirinin ustalar\u0131d\u0131rlar. Bu durumda psikolojik alandaki g\u00fcnl\u00fck uygulamalara \u00f6rnek olmas\u0131 amac\u0131yla, gen\u00e7lerin m\u00fcdahale etti\u011fim organ\u0131n\u0131n, beynin anatomik yap\u0131s\u0131n\u0131n uzman\u0131na ba\u015fvurmam gerekti\u011fi kan\u0131s\u0131na vard\u0131m: Ali Ta\u015f\u00e7\u0131o\u011flu\u2019na ba\u015fvurdum. Yazd\u0131klar\u0131m\u0131 g\u00f6sterdim ve psikolojik alanda m\u00fcdahale etti\u011fim organ\u0131n yani beyin denilen yap\u0131n\u0131n yap\u0131s\u0131n\u0131 yazmas\u0131n\u0131 \u00f6nerdim. Ve sonu\u00e7 \u015fu anda elinizdedir. Do\u00e7. Dr. M. Haluk \u00d6zbay Ph. D.   Beyin cerrahisinin hedefi sinir sistemi ve temel hedef organ\u0131 beyindir. Psikiyatrinin hedef organ\u0131 da beyindir. Bu ger\u00e7ek bundan 2300 y\u0131l evvel, t\u0131p biliminin babas\u0131 kabul edilen ve doktorlar\u0131n mezuniyetlerinde, \u00fczerine yemin ettikleri Hipokrat (M\u00d6 460-377) taraf\u0131ndan: \u201cKi\u015fi bilmelidir ki, kederimiz, yaslar\u0131m\u0131z, g\u00f6z ya\u015flar\u0131m\u0131z ve ac\u0131lar\u0131m\u0131z gibi, hazlar\u0131m\u0131z, ne\u015femiz ve jestlerimiz de beynimizden, yaln\u0131zca beynimizden kaynaklanmaktad\u0131r,\u201d diyerek ortaya kondu. Hipokrat\u2019tan sonra bu ger\u00e7ek, bir s\u00fcre unutuldu. T\u00fcrkiye\u2019de psikiyatri, bilim dal\u0131 olurken ruh hekimli\u011fi olarak T\u00fcrk\u00e7eye aktar\u0131ld\u0131. Hedef organ, bir noktada beyin olmaktan \u00e7\u0131k\u0131p, fiziksel varl\u0131\u011f\u0131 tart\u0131\u015fmal\u0131, yoklu\u011fu tart\u0131\u015fmas\u0131z bir kavrama y\u00f6neldi. G\u00fcn\u00fcm\u00fczden 70-80 y\u0131l \u00f6ncesinden ba\u015flayarak psikiyatrinin hedef organ\u0131n\u0131n beyin oldu\u011fu ger\u00e7e\u011fi tekrar g\u00fcndeme gelip, sonunda tart\u0131\u015fmas\u0131z kabul edilmi\u015ftir. Arkada\u015f\u0131m Haluk \u00d6zbay, bu noktay\u0131 \u00e7ok iyi bilip, benimsedi\u011fi i\u00e7in, benden hedef organla ilgili ger\u00e7ekleri yazmam\u0131 istedi. Severek kabullendi\u011fim bu konuda bir katk\u0131m olmu\u015fsa mutlu olurum. Dr. Ali Ta\u015f\u00e7\u0131o\u011flu <\/p>\n","protected":false},"excerpt":{"rendered":"<p>Bilim s\u00fcrekli de\u011fi\u015fiyor. Bu de\u011fi\u015fim, geli\u015fmenin \u00f6nemli bir arac\u0131. \u0130\u00e7imden bir ses, de\u011fi\u015fecek bir \u015fey yok dedi\u011finde, i\u00e7imden ba\u015fka bir ses devreye giriyor ve \u201cSana yol<span class=\"excerpt-hellip\"> [\u2026]<\/span><\/p>\n","protected":false},"featured_media":0,"template":"","meta":{"_monsterinsights_skip_tracking":false,"_monsterinsights_sitenote_active":false,"_monsterinsights_sitenote_note":"","_monsterinsights_sitenote_category":0},"product_brand":[],"product_cat":[12357],"product_tag":[],"class_list":{"0":"post-772232","1":"product","2":"type-product","3":"status-publish","5":"product_cat-psikoloji","6":"pa_cilt-ciltsiz","7":"pa_tur-kitap","8":"pa_yayinevi-luna-yayinlari","9":"pa_yazar-m-haluk-ozbay-ali-tascioglu","11":"first","12":"instock","13":"sale","14":"shipping-taxable","15":"purchasable","16":"product-type-simple"},"_links":{"self":[{"href":"https:\/\/roveyayinevi.com.tr\/index.php\/wp-json\/wp\/v2\/product\/772232","targetHints":{"allow":["GET"]}}],"collection":[{"href":"https:\/\/roveyayinevi.com.tr\/index.php\/wp-json\/wp\/v2\/product"}],"about":[{"href":"https:\/\/roveyayinevi.com.tr\/index.php\/wp-json\/wp\/v2\/types\/product"}],"wp:attachment":[{"href":"https:\/\/roveyayinevi.com.tr\/index.php\/wp-json\/wp\/v2\/media?parent=772232"}],"wp:term":[{"taxonomy":"product_brand","embeddable":true,"href":"https:\/\/roveyayinevi.com.tr\/index.php\/wp-json\/wp\/v2\/product_brand?post=772232"},{"taxonomy":"product_cat","embeddable":true,"href":"https:\/\/roveyayinevi.com.tr\/index.php\/wp-json\/wp\/v2\/product_cat?post=772232"},{"taxonomy":"product_tag","embeddable":true,"href":"https:\/\/roveyayinevi.com.tr\/index.php\/wp-json\/wp\/v2\/product_tag?post=772232"}],"curies":[{"name":"wp","href":"https:\/\/api.w.org\/{rel}","templated":true}]}}