{"id":772229,"date":"2025-08-28T15:32:52","date_gmt":"2025-08-28T12:32:52","guid":{"rendered":"https:\/\/roveyayinevi.com.tr\/index.php\/urun\/gizli-dunya-savaslari\/"},"modified":"2026-04-15T03:38:42","modified_gmt":"2026-04-15T00:38:42","slug":"gizli-dunya-savaslari","status":"publish","type":"product","link":"https:\/\/roveyayinevi.com.tr\/index.php\/urun\/gizli-dunya-savaslari\/","title":{"rendered":"Gizli D\u00fcnya Sava\u015flar\u0131"},"content":{"rendered":"<p>\u0130K\u0130 KARDE\u015e, \u0130K\u0130 G\u00dc\u00c7 MERKEZ\u0130 VE G\u0130ZL\u0130 SAVA\u015eLARLA \u015eEK\u0130LLENEN B\u0130R D\u00dcNYA!   New York Times gazetesinin eski \u0130stanbul b\u00fcro \u015fefi ve T\u00fcrkiye-Amerika ili\u015fkileri uzman\u0131 Kinzer\u2019den benzersiz bir hik\u00e2ye.   \u2022 So\u011fuk Sava\u015f\u2019\u0131n karanl\u0131k dehlizlerinde kimler, hangi oyunlar\u0131 oynad\u0131?   \u2022 ABD\u2019nin d\u0131\u015f politikas\u0131n\u0131 y\u00f6nlendiren John Foster Dulles ve CIA\u2019in ba\u015f\u0131ndaki Allen Dulles, d\u00fcnyay\u0131 kendi ideallerine g\u00f6re \u015fekillendirmek i\u00e7in nas\u0131l bir strateji izledi?   \u2022 Hangi h\u00fck\u00fcmetler devrildi, hangi sava\u015flar ba\u015flat\u0131ld\u0131, Dulles karde\u015flerin oyunlar\u0131na kimler kurban edildi?   Peki, bu g\u00fc\u00e7 sava\u015f\u0131n\u0131n perde arkas\u0131nda neler ya\u015fand\u0131?   Dulles karde\u015fler, \u0130ran\u2019dan Guatemala\u2019ya, K\u00fcba\u2019dan Vietnam\u2019a pek \u00e7ok \u00fclkede etkili m\u00fcdahalelerde bulundu. Karde\u015flerin, gizli operasyonlarla d\u00fcnya siyasetini yeniden tasarlad\u0131\u011f\u0131 oyunlar s\u0131ras\u0131nda Amerikan istisnac\u0131l\u0131\u011f\u0131na duyduklar\u0131 sars\u0131lmaz inan\u00e7, say\u0131s\u0131z trajediye yol a\u00e7t\u0131. G\u00fcc\u00fcn zirvesine \u00e7\u0131kan Dulles karde\u015fler, geride devrilmi\u015f h\u00fck\u00fcmetler, istikrars\u0131z rejimler ve uzun y\u0131llar s\u00fcrecek \u00e7at\u0131\u015fmalar b\u0131rakt\u0131.   Ger\u00e7eklerin karanl\u0131k y\u00fcz\u00fcn\u00fc g\u00f6rmeye haz\u0131r m\u0131s\u0131n\u0131z?   Stephen Kinzer, Gizli D\u00fcnya Sava\u015flar\u0131 kitab\u0131nda tarihe y\u00f6n veren istihbarat operasyonlar\u0131n\u0131 ve g\u00f6lgelerde y\u00fcr\u00fct\u00fclen gizli sava\u015flar\u0131 t\u00fcm \u00e7arp\u0131c\u0131l\u0131\u011f\u0131yla g\u00f6zler \u00f6n\u00fcne seriyor. Tarihi \u015fekillendiren Dulles karde\u015flerin hik\u00e2yesini okuduktan sonra, d\u00fcnyaya art\u0131k ayn\u0131 g\u00f6zle bakamayacaks\u0131n\u0131z! <\/p>\n","protected":false},"excerpt":{"rendered":"<p>\u0130K\u0130 KARDE\u015e, \u0130K\u0130 G\u00dc\u00c7 MERKEZ\u0130 VE G\u0130ZL\u0130 SAVA\u015eLARLA \u015eEK\u0130LLENEN B\u0130R D\u00dcNYA! New York Times gazetesinin eski \u0130stanbul b\u00fcro \u015fefi ve T\u00fcrkiye-Amerika ili\u015fkileri uzman\u0131 Kinzer\u2019den benzersiz bir<span class=\"excerpt-hellip\"> [\u2026]<\/span><\/p>\n","protected":false},"featured_media":0,"template":"","meta":{"_monsterinsights_skip_tracking":false,"_monsterinsights_sitenote_active":false,"_monsterinsights_sitenote_note":"","_monsterinsights_sitenote_category":0},"product_brand":[],"product_cat":[13590,12337],"product_tag":[],"class_list":{"0":"post-772229","1":"product","2":"type-product","3":"status-publish","5":"product_cat-arastirma-inceleme-politika-siyaset","6":"product_cat-politika-siyaset","7":"pa_cilt-ciltsiz","8":"pa_tur-kitap","9":"pa_yayinevi-destek-yayinlari","10":"pa_yazar-stephen-kinzer","12":"first","13":"instock","14":"sale","15":"shipping-taxable","16":"purchasable","17":"product-type-simple"},"_links":{"self":[{"href":"https:\/\/roveyayinevi.com.tr\/index.php\/wp-json\/wp\/v2\/product\/772229","targetHints":{"allow":["GET"]}}],"collection":[{"href":"https:\/\/roveyayinevi.com.tr\/index.php\/wp-json\/wp\/v2\/product"}],"about":[{"href":"https:\/\/roveyayinevi.com.tr\/index.php\/wp-json\/wp\/v2\/types\/product"}],"wp:attachment":[{"href":"https:\/\/roveyayinevi.com.tr\/index.php\/wp-json\/wp\/v2\/media?parent=772229"}],"wp:term":[{"taxonomy":"product_brand","embeddable":true,"href":"https:\/\/roveyayinevi.com.tr\/index.php\/wp-json\/wp\/v2\/product_brand?post=772229"},{"taxonomy":"product_cat","embeddable":true,"href":"https:\/\/roveyayinevi.com.tr\/index.php\/wp-json\/wp\/v2\/product_cat?post=772229"},{"taxonomy":"product_tag","embeddable":true,"href":"https:\/\/roveyayinevi.com.tr\/index.php\/wp-json\/wp\/v2\/product_tag?post=772229"}],"curies":[{"name":"wp","href":"https:\/\/api.w.org\/{rel}","templated":true}]}}