{"id":772227,"date":"2025-08-28T15:32:47","date_gmt":"2025-08-28T12:32:47","guid":{"rendered":"https:\/\/roveyayinevi.com.tr\/index.php\/urun\/kaguya-sama-ask-savastir-5\/"},"modified":"2026-04-15T03:38:42","modified_gmt":"2026-04-15T00:38:42","slug":"kaguya-sama-ask-savastir-5","status":"publish","type":"product","link":"https:\/\/roveyayinevi.com.tr\/index.php\/urun\/kaguya-sama-ask-savastir-5\/","title":{"rendered":"Kaguya-Sama \u2013 A\u015fk Sava\u015ft\u0131r 5"},"content":{"rendered":"<p>A\u015eKINI \u0130LK \u0130T\u0130RAF EDEN KAYBEDER!Elit \u00f6\u011frencilerin topland\u0131\u011f\u0131 Su\u00e7iin Akademesi \u00f6\u011frenci kurulunda tan\u0131\u015fan iki gen\u00e7! Ba\u015fkan Miyuki \u015eirogane ve ba\u015fkan yard\u0131mc\u0131s\u0131 Kaguya \u015einomiya\u2026Birbirlerine kar\u015f\u0131l\u0131kl\u0131 hisler besleyen bu iki dahinin, kar\u015f\u0131 taraf\u0131 kendine a\u015f\u0131k ettirmek ve ondan \u00e7\u0131kma teklifi almak i\u00e7in b\u00fct\u00fcn g\u00fcn tuzaklar kurdu\u011fu, son zamanlar\u0131n en sansasyonel romantik komedisi!Beyinlerin sava\u015f\u0131, be\u015finci ciltte de yaz bulu\u015fmalar\u0131, twitter, ramen, havai fi\u015fek g\u00f6sterisi, akrotim, se\u00e7meli dersler, kulak kabartma, al\u0131k do\u011frama ve benzeri bir s\u00fcr\u00fc macerayla devam ediyor! <\/p>\n","protected":false},"excerpt":{"rendered":"<p>A\u015eKINI \u0130LK \u0130T\u0130RAF EDEN KAYBEDER!Elit \u00f6\u011frencilerin topland\u0131\u011f\u0131 Su\u00e7iin Akademesi \u00f6\u011frenci kurulunda tan\u0131\u015fan iki gen\u00e7! Ba\u015fkan Miyuki \u015eirogane ve ba\u015fkan yard\u0131mc\u0131s\u0131 Kaguya \u015einomiya\u2026Birbirlerine kar\u015f\u0131l\u0131kl\u0131 hisler besleyen bu<span class=\"excerpt-hellip\"> [\u2026]<\/span><\/p>\n","protected":false},"featured_media":0,"template":"","meta":{"_monsterinsights_skip_tracking":false,"_monsterinsights_sitenote_active":false,"_monsterinsights_sitenote_note":"","_monsterinsights_sitenote_category":0},"product_brand":[],"product_cat":[12416,12291],"product_tag":[],"class_list":{"0":"post-772227","1":"product","2":"type-product","3":"status-publish","5":"product_cat-cizgi-roman","6":"product_cat-edebiyat","7":"pa_cilt-ciltsiz","8":"pa_tur-kitap","9":"pa_yayinevi-akil-celen-kitaplar","10":"pa_yazar-aka-akasaka","12":"first","13":"instock","14":"sale","15":"shipping-taxable","16":"purchasable","17":"product-type-simple"},"_links":{"self":[{"href":"https:\/\/roveyayinevi.com.tr\/index.php\/wp-json\/wp\/v2\/product\/772227","targetHints":{"allow":["GET"]}}],"collection":[{"href":"https:\/\/roveyayinevi.com.tr\/index.php\/wp-json\/wp\/v2\/product"}],"about":[{"href":"https:\/\/roveyayinevi.com.tr\/index.php\/wp-json\/wp\/v2\/types\/product"}],"wp:attachment":[{"href":"https:\/\/roveyayinevi.com.tr\/index.php\/wp-json\/wp\/v2\/media?parent=772227"}],"wp:term":[{"taxonomy":"product_brand","embeddable":true,"href":"https:\/\/roveyayinevi.com.tr\/index.php\/wp-json\/wp\/v2\/product_brand?post=772227"},{"taxonomy":"product_cat","embeddable":true,"href":"https:\/\/roveyayinevi.com.tr\/index.php\/wp-json\/wp\/v2\/product_cat?post=772227"},{"taxonomy":"product_tag","embeddable":true,"href":"https:\/\/roveyayinevi.com.tr\/index.php\/wp-json\/wp\/v2\/product_tag?post=772227"}],"curies":[{"name":"wp","href":"https:\/\/api.w.org\/{rel}","templated":true}]}}