{"id":772225,"date":"2025-08-28T15:32:43","date_gmt":"2025-08-28T12:32:43","guid":{"rendered":"https:\/\/roveyayinevi.com.tr\/index.php\/urun\/milas-ciltli\/"},"modified":"2026-04-15T03:38:42","modified_gmt":"2026-04-15T00:38:42","slug":"milas-ciltli","status":"publish","type":"product","link":"https:\/\/roveyayinevi.com.tr\/index.php\/urun\/milas-ciltli\/","title":{"rendered":"Milas (Ciltli)"},"content":{"rendered":"<p>Kendisi olman\u0131n sava\u015f\u0131n\u0131 vermeye haz\u0131rlanan Safir Rochelle, bir maskeli balonun tam ortas\u0131nda aylard\u0131r hayalini kurdu\u011fu soluk mavi g\u00f6zleri g\u00f6rd\u00fc\u011f\u00fcnde kendisini b\u00fcy\u00fck bir tuza\u011f\u0131n i\u00e7inde bulur. Bir av olup olmad\u0131\u011f\u0131 endi\u015fesi k\u00e2buslar\u0131n\u0131n ba\u015fkahraman\u0131 olmaya ba\u015flad\u0131\u011f\u0131nda o endi\u015fenin g\u00fcnden g\u00fcne yerini hayal k\u0131r\u0131kl\u0131\u011f\u0131na b\u0131rakaca\u011f\u0131ndan bihaberdir. Oyunlar\u0131 ve yalanlar\u0131yla kalbinin etraf\u0131n\u0131 \u00e7epe\u00e7evre saran ki\u015fiden ka\u00e7mak i\u00e7in her yolu denese de bu saklambac\u0131n sonunda yenilece\u011fi \u015feyin tek bir isim oldu\u011funun fark\u0131ndad\u0131r: Efes Milas \u00c7a\u011flayan. Safir, kendini hayat\u0131n\u0131n merkezinde birdenbire ba\u015flayan sava\u015f\u0131n tam ortas\u0131nda buldu\u011funda art\u0131k m\u00fccadele etmesi gereken \u00fc\u00e7 ayr\u0131 cephe vard\u0131r. Yara almamak i\u00e7in t\u00fcm cephelerden ka\u00e7maya karar verir ancak hesaba katmad\u0131\u011f\u0131 bir \u015fey vard\u0131r: t\u00fcm ka\u00e7\u0131\u015flar\u0131n\u0131n sonunda yakaland\u0131\u011f\u0131 serin ya\u011fmur, onu ka\u00e7t\u0131\u011f\u0131 sava\u015flardan daha \u00e7ok bertaraf edecektir. \u00d6yleyse korkma; kal, sava\u015f, ve inand\u0131\u011f\u0131n \u015fey u\u011fruna yara al. Yara ve silah. \u00d6zg\u00fcrl\u00fck ve esaret. Ahenk ve karma\u015fa.   \u201c\u0130NSAN EN DER\u0130N YARALARINI EN SEVD\u0130\u011e\u0130 S\u0130LAHLARLA A\u00c7AR. D\u0130K\u0130\u015e TUTMAYACAK KES\u0130KLERLE B\u0130R \u00d6M\u00dcR YA\u015eAR ANCAK TEK B\u0130R HAYAL KIRIKLI\u011eIYLA NABZI YAVA\u015eLAR.\u201d <\/p>\n","protected":false},"excerpt":{"rendered":"<p>Kendisi olman\u0131n sava\u015f\u0131n\u0131 vermeye haz\u0131rlanan Safir Rochelle, bir maskeli balonun tam ortas\u0131nda aylard\u0131r hayalini kurdu\u011fu soluk mavi g\u00f6zleri g\u00f6rd\u00fc\u011f\u00fcnde kendisini b\u00fcy\u00fck bir tuza\u011f\u0131n i\u00e7inde bulur. Bir<span class=\"excerpt-hellip\"> [\u2026]<\/span><\/p>\n","protected":false},"featured_media":0,"template":"","meta":{"_monsterinsights_skip_tracking":false,"_monsterinsights_sitenote_active":false,"_monsterinsights_sitenote_note":"","_monsterinsights_sitenote_category":0},"product_brand":[],"product_cat":[12291,12711],"product_tag":[],"class_list":{"0":"post-772225","1":"product","2":"type-product","3":"status-publish","5":"product_cat-edebiyat","6":"product_cat-roman-oyku","7":"pa_cilt-ciltli","8":"pa_tur-kitap","9":"pa_yayinevi-athica-yayinlari","10":"pa_yazar-cemal-latifoglu","12":"first","13":"instock","14":"sale","15":"shipping-taxable","16":"purchasable","17":"product-type-simple"},"_links":{"self":[{"href":"https:\/\/roveyayinevi.com.tr\/index.php\/wp-json\/wp\/v2\/product\/772225","targetHints":{"allow":["GET"]}}],"collection":[{"href":"https:\/\/roveyayinevi.com.tr\/index.php\/wp-json\/wp\/v2\/product"}],"about":[{"href":"https:\/\/roveyayinevi.com.tr\/index.php\/wp-json\/wp\/v2\/types\/product"}],"wp:attachment":[{"href":"https:\/\/roveyayinevi.com.tr\/index.php\/wp-json\/wp\/v2\/media?parent=772225"}],"wp:term":[{"taxonomy":"product_brand","embeddable":true,"href":"https:\/\/roveyayinevi.com.tr\/index.php\/wp-json\/wp\/v2\/product_brand?post=772225"},{"taxonomy":"product_cat","embeddable":true,"href":"https:\/\/roveyayinevi.com.tr\/index.php\/wp-json\/wp\/v2\/product_cat?post=772225"},{"taxonomy":"product_tag","embeddable":true,"href":"https:\/\/roveyayinevi.com.tr\/index.php\/wp-json\/wp\/v2\/product_tag?post=772225"}],"curies":[{"name":"wp","href":"https:\/\/api.w.org\/{rel}","templated":true}]}}