{"id":772224,"date":"2025-08-28T15:32:41","date_gmt":"2025-08-28T12:32:41","guid":{"rendered":"https:\/\/roveyayinevi.com.tr\/index.php\/urun\/milas\/"},"modified":"2026-04-15T03:38:42","modified_gmt":"2026-04-15T00:38:42","slug":"milas","status":"publish","type":"product","link":"https:\/\/roveyayinevi.com.tr\/index.php\/urun\/milas\/","title":{"rendered":"Milas"},"content":{"rendered":"<p>Ben Milas. Ka\u00e7t\u0131\u011f\u0131m t\u00fcm ger\u00e7eklerin sonunda, \u00fczeri y\u0131ld\u0131z tozlar\u0131yla kapl\u0131 bir tuza\u011fa kand\u0131m ve yara ald\u0131m. Sonra d\u00fc\u015ft\u00fc\u011f\u00fcm \u00e7ukurun en dibinde rastlad\u0131\u011f\u0131m bir hayal yaralar\u0131mdan \u00f6pt\u00fc. \u0130zi silindi yaran\u0131n ama unutamad\u0131m yerini. Kalbimi, seni sevmedi\u011fine inand\u0131ramad\u0131m. Kalbimi, senden nefret etti\u011fine inand\u0131ramad\u0131m. Maskeli bir baloda ans\u0131z\u0131n kar\u015f\u0131la\u015fan Safir ve Milas, art\u0131k sadece hayatlar\u0131n\u0131n de\u011fil birbirlerinin de d\u00f6n\u00fcm noktas\u0131ndalard\u0131r. Buna ra\u011fmen etraflar\u0131n\u0131 bir b\u00fcy\u00fc gibi saran o g\u00f6r\u00fcnmez ba\u011f, \u00fczerlerinde dola\u015fan kara bulutlar\u0131n y\u0131ld\u0131r\u0131mlar\u0131na inat, ayakta kalmak i\u00e7in bedenlerine \u0131srarla tutunur. Safir, ya\u015fad\u0131\u011f\u0131 hayal k\u0131r\u0131kl\u0131\u011f\u0131n\u0131n etkisiyle \u00f6fkesini bir t\u00fcrl\u00fc dizginleyemezken; Milas, ona bir nefes bo\u015flu\u011fu bile b\u0131rakmamak ad\u0131na \u00e7abalar, her yan\u0131n\u0131 varl\u0131\u011f\u0131yla doldurur. Ve sonunda ikisini de, kolay kolay s\u0131yr\u0131lamayacaklar\u0131 bir oyuna hapseder. Bu oyunun sonunda ya birbirlerinden nefret etmeye devam edecekler ya da bir zamanlar kurup y\u0131kt\u0131klar\u0131 t\u00fcm hayalleri yeniden in\u015fa edeceklerdir. Ra\u011fmenlere ra\u011fmen de\u011fil; ra\u011fmenlerle birlikte\u2026 Milas, Safir\u2019e att\u0131\u011f\u0131 her ad\u0131mda en \u00e7ok korktu\u011fu ger\u00e7eklere \u00e7ekildi\u011fini fark etti\u011finde; Safir, d\u00fc\u015fe kalka y\u00fcr\u00fcd\u00fc\u011f\u00fc tuzakl\u0131 yollar\u0131n sonundad\u0131r. Her defas\u0131nda ona ve yalanlar\u0131na kanmaktan yorgun d\u00fc\u015fen bedeni, Milas\u2019\u0131n kendine yaratt\u0131\u011f\u0131 korunakl\u0131 alan\u0131 birdenbire ku\u015fatt\u0131\u011f\u0131nda Milas ka\u00e7may\u0131 m\u0131 yoksa teslim olmay\u0131 m\u0131 se\u00e7ecektir?   \u201cKazand\u0131n, beni alt ettin. Art\u0131k seninim. Hep senindim. Seninleydim\u2026\u201d <\/p>\n","protected":false},"excerpt":{"rendered":"<p>Ben Milas. Ka\u00e7t\u0131\u011f\u0131m t\u00fcm ger\u00e7eklerin sonunda, \u00fczeri y\u0131ld\u0131z tozlar\u0131yla kapl\u0131 bir tuza\u011fa kand\u0131m ve yara ald\u0131m. Sonra d\u00fc\u015ft\u00fc\u011f\u00fcm \u00e7ukurun en dibinde rastlad\u0131\u011f\u0131m bir hayal yaralar\u0131mdan \u00f6pt\u00fc.<span class=\"excerpt-hellip\"> [\u2026]<\/span><\/p>\n","protected":false},"featured_media":0,"template":"","meta":{"_monsterinsights_skip_tracking":false,"_monsterinsights_sitenote_active":false,"_monsterinsights_sitenote_note":"","_monsterinsights_sitenote_category":0},"product_brand":[],"product_cat":[12291,12711],"product_tag":[],"class_list":{"0":"post-772224","1":"product","2":"type-product","3":"status-publish","5":"product_cat-edebiyat","6":"product_cat-roman-oyku","7":"pa_cilt-ciltsiz","8":"pa_tur-kitap","9":"pa_yayinevi-athica-yayinlari","10":"pa_yazar-cemal-latifoglu","12":"first","13":"instock","14":"sale","15":"shipping-taxable","16":"purchasable","17":"product-type-simple"},"_links":{"self":[{"href":"https:\/\/roveyayinevi.com.tr\/index.php\/wp-json\/wp\/v2\/product\/772224","targetHints":{"allow":["GET"]}}],"collection":[{"href":"https:\/\/roveyayinevi.com.tr\/index.php\/wp-json\/wp\/v2\/product"}],"about":[{"href":"https:\/\/roveyayinevi.com.tr\/index.php\/wp-json\/wp\/v2\/types\/product"}],"wp:attachment":[{"href":"https:\/\/roveyayinevi.com.tr\/index.php\/wp-json\/wp\/v2\/media?parent=772224"}],"wp:term":[{"taxonomy":"product_brand","embeddable":true,"href":"https:\/\/roveyayinevi.com.tr\/index.php\/wp-json\/wp\/v2\/product_brand?post=772224"},{"taxonomy":"product_cat","embeddable":true,"href":"https:\/\/roveyayinevi.com.tr\/index.php\/wp-json\/wp\/v2\/product_cat?post=772224"},{"taxonomy":"product_tag","embeddable":true,"href":"https:\/\/roveyayinevi.com.tr\/index.php\/wp-json\/wp\/v2\/product_tag?post=772224"}],"curies":[{"name":"wp","href":"https:\/\/api.w.org\/{rel}","templated":true}]}}