{"id":772220,"date":"2025-08-28T15:32:31","date_gmt":"2025-08-28T12:32:31","guid":{"rendered":"https:\/\/roveyayinevi.com.tr\/index.php\/urun\/imbikten-damlalar-sohbetler\/"},"modified":"2026-04-15T03:38:42","modified_gmt":"2026-04-15T00:38:42","slug":"imbikten-damlalar-sohbetler","status":"publish","type":"product","link":"https:\/\/roveyayinevi.com.tr\/index.php\/urun\/imbikten-damlalar-sohbetler\/","title":{"rendered":"\u0130mbikten Damlalar Sohbetler"},"content":{"rendered":"<p>Yakla\u015f\u0131k 10 y\u0131l T\u00fcrkiye Polis Radyosu\u2019nda canl\u0131 olarak haz\u0131rlay\u0131p sundu\u011fum \u0130mbikten Damlalar k\u00fclt\u00fcr sanat ve \u015fiir program\u0131 i\u00e7ersinde binlerce \u015fairin \u015fiirini okudum, binlerce \u015fair yazar ve k\u00fclt\u00fcr insan\u0131 programa ba\u011flanarak eser yazd\u0131klar\u0131 alanlarla ilgili konu\u015ftu veya eserini okudu, her hafta bir \u00f6zel konu belirleyerek ve de o \u00f6zel konu \u00fczerine konu\u015farak insanlar\u0131m\u0131za bilgi vermeye, onlara umut olmaya \u00e7al\u0131\u015ft\u0131m. Dile kolay 10 y\u0131l\u2026 Atalar\u0131m\u0131z\u0131n s\u00f6z\u00fc her devirde ge\u00e7erlili\u011fini koruyor. \u201cS\u00f6z u\u00e7ar, yaz\u0131 kal\u0131r\u201d. Ben de bu d\u00fcstur ile s\u00f6zlerin ve bu radyo program\u0131nda konu\u015fulanlar\u0131n hi\u00e7 olmazsa bir k\u0131sm\u0131n\u0131n kaybolmamas\u0131 i\u00e7in \u00f6nemli g\u00f6rd\u00fc\u011f\u00fcm \u015fair, yazar, edebiyat insan\u0131, akademisyen ve alan\u0131nda kendini tan\u0131tm\u0131\u015f bir\u00e7ok insanla radyo program\u0131m i\u00e7inde canl\u0131 olarak telefonda yapt\u0131\u011f\u0131m sohbetlerin kaybolmas\u0131n\u0131 istemedim. Sohbetlerin birebir de\u015fifresi yo\u011fun i\u015f tempom i\u00e7inde biraz uzun s\u00fcrse de, art\u0131k bu s\u00f6zlerin kal\u0131c\u0131 olarak bir kitapta toplanm\u0131\u015f olmas\u0131 benim i\u00e7in tarifi imk\u00e2ns\u0131z bir mutluluk. Bu sohbetlerin edebiyat ve k\u00fclt\u00fcr tarihimizin i\u00e7inde nihayet yer alacak olmas\u0131, bir\u00e7ok ara\u015ft\u0131rmac\u0131n\u0131n bu sohbetlerden zaman i\u00e7inde faydalanaca\u011f\u0131n\u0131 biliyorum. B\u00f6yle bir hizmete vesile olmu\u015f olmak bile beni huzurlu k\u0131l\u0131yor. \u0130mbikten Damlalar Sohbetler kitab\u0131 \u015fiirimizi, k\u00fclt\u00fcr\u00fcm\u00fcz\u00fc ve tarihimizi imbikten ge\u00e7irip sohbet etti\u011fimiz dostlarla \u00e7a\u011flar \u00f6tesine ula\u015f\u0131rsa, gelecekte do\u011facak insanlar\u0131m\u0131za, ara\u015ft\u0131rmac\u0131lar\u0131m\u0131za ses olursa ismindeki damlalar\u0131n birer derya olu\u015funa \u015fahit olmu\u015f olaca\u011f\u0131z. <\/p>\n","protected":false},"excerpt":{"rendered":"<p>Yakla\u015f\u0131k 10 y\u0131l T\u00fcrkiye Polis Radyosu\u2019nda canl\u0131 olarak haz\u0131rlay\u0131p sundu\u011fum \u0130mbikten Damlalar k\u00fclt\u00fcr sanat ve \u015fiir program\u0131 i\u00e7ersinde binlerce \u015fairin \u015fiirini okudum, binlerce \u015fair yazar ve<span class=\"excerpt-hellip\"> [\u2026]<\/span><\/p>\n","protected":false},"featured_media":0,"template":"","meta":{"_monsterinsights_skip_tracking":false,"_monsterinsights_sitenote_active":false,"_monsterinsights_sitenote_note":"","_monsterinsights_sitenote_category":0},"product_brand":[],"product_cat":[12291,30969],"product_tag":[],"class_list":{"0":"post-772220","1":"product","2":"type-product","3":"status-publish","5":"product_cat-edebiyat","6":"product_cat-soylesi-edebiyat","7":"pa_cilt-ciltsiz","8":"pa_tur-kitap","9":"pa_yayinevi-bilgekut-yayinlari","10":"pa_yazar-mehmet-nuri-parmaksiz","12":"first","13":"instock","14":"sale","15":"shipping-taxable","16":"purchasable","17":"product-type-simple"},"_links":{"self":[{"href":"https:\/\/roveyayinevi.com.tr\/index.php\/wp-json\/wp\/v2\/product\/772220","targetHints":{"allow":["GET"]}}],"collection":[{"href":"https:\/\/roveyayinevi.com.tr\/index.php\/wp-json\/wp\/v2\/product"}],"about":[{"href":"https:\/\/roveyayinevi.com.tr\/index.php\/wp-json\/wp\/v2\/types\/product"}],"wp:attachment":[{"href":"https:\/\/roveyayinevi.com.tr\/index.php\/wp-json\/wp\/v2\/media?parent=772220"}],"wp:term":[{"taxonomy":"product_brand","embeddable":true,"href":"https:\/\/roveyayinevi.com.tr\/index.php\/wp-json\/wp\/v2\/product_brand?post=772220"},{"taxonomy":"product_cat","embeddable":true,"href":"https:\/\/roveyayinevi.com.tr\/index.php\/wp-json\/wp\/v2\/product_cat?post=772220"},{"taxonomy":"product_tag","embeddable":true,"href":"https:\/\/roveyayinevi.com.tr\/index.php\/wp-json\/wp\/v2\/product_tag?post=772220"}],"curies":[{"name":"wp","href":"https:\/\/api.w.org\/{rel}","templated":true}]}}