{"id":772219,"date":"2025-08-28T15:32:29","date_gmt":"2025-08-28T12:32:29","guid":{"rendered":"https:\/\/roveyayinevi.com.tr\/index.php\/urun\/bilgenin-soyledigi-ismail-ozmel-ile-soylesiler\/"},"modified":"2026-04-15T03:38:42","modified_gmt":"2026-04-15T00:38:42","slug":"bilgenin-soyledigi-ismail-ozmel-ile-soylesiler","status":"publish","type":"product","link":"https:\/\/roveyayinevi.com.tr\/index.php\/urun\/bilgenin-soyledigi-ismail-ozmel-ile-soylesiler\/","title":{"rendered":"Bilgenin S\u00f6yledi\u011fi \u0130smail \u00d6zmel ile S\u00f6yle\u015filer"},"content":{"rendered":"<p>Edebiyat, bir milletin ruhunu, k\u00fclt\u00fcr\u00fcn\u00fc ve tarihini yans\u0131tan en \u00f6nemli aynalardan biridir. Bu aynaya bakt\u0131\u011f\u0131m\u0131zda, ge\u00e7mi\u015ften g\u00fcn\u00fcm\u00fcze uzanan bir yolculu\u011fun izlerini g\u00f6r\u00fcr\u00fcz. \u0130\u015fte bu yolculukta, \u0130smail \u00d6zmel gibi de\u011ferli kalemler hem kendi hayatlar\u0131n\u0131 hem de i\u00e7inde ya\u015fad\u0131klar\u0131 toplumun de\u011ferlerini eserlerine ta\u015f\u0131yarak k\u00fclt\u00fcr, sanat ve edebiyat\u0131m\u0131za k\u0131ymetli katk\u0131larda bulunmu\u015flard\u0131r. Bu kitap, \u0130smail \u00d6zmel\u2019in hayat\u0131, edeb\u00ee ki\u015fili\u011fi ve eserleri \u00fczerine yak\u0131n plandan bir tan\u0131ma ve de\u011ferlendirme imk\u00e2n\u0131 sunmaktad\u0131r. \u00d6zmel\u2019in \u015fiirleri, denemeleri, biyografik \u00e7al\u0131\u015fmalar\u0131, dergicili\u011fi sadece Ni\u011fde\u2019nin de\u011fil; \u00fclkemizin k\u00fclt\u00fcr, sanat ve edebiyat birikimine de \u0131\u015f\u0131k tutmaktad\u0131r. Bu s\u00f6yle\u015filer, \u015fair-yazar \u0130smail \u00d6zmel\u2019in edebiyat d\u00fcnyas\u0131na nas\u0131l ad\u0131m att\u0131\u011f\u0131n\u0131, hangi ilham kaynaklar\u0131ndan besledi\u011fini ve eserlerinde hangi temalar\u0131 i\u015fledi\u011fini anlamam\u0131za yard\u0131mc\u0131 oluyor. Ayn\u0131 zamanda, onun edebiyat anlay\u0131\u015f\u0131n\u0131n temelinde yatan felsefeyi ve topluma kar\u015f\u0131 duydu\u011fu sorumlulu\u011fu da g\u00f6zler \u00f6n\u00fcne seriyor. <\/p>\n","protected":false},"excerpt":{"rendered":"<p>Edebiyat, bir milletin ruhunu, k\u00fclt\u00fcr\u00fcn\u00fc ve tarihini yans\u0131tan en \u00f6nemli aynalardan biridir. Bu aynaya bakt\u0131\u011f\u0131m\u0131zda, ge\u00e7mi\u015ften g\u00fcn\u00fcm\u00fcze uzanan bir yolculu\u011fun izlerini g\u00f6r\u00fcr\u00fcz. \u0130\u015fte bu yolculukta, \u0130smail<span class=\"excerpt-hellip\"> [\u2026]<\/span><\/p>\n","protected":false},"featured_media":0,"template":"","meta":{"_monsterinsights_skip_tracking":false,"_monsterinsights_sitenote_active":false,"_monsterinsights_sitenote_note":"","_monsterinsights_sitenote_category":0},"product_brand":[],"product_cat":[13072,12291],"product_tag":[],"class_list":{"0":"post-772219","1":"product","2":"type-product","3":"status-publish","5":"product_cat-arastirma-inceleme-referans","6":"product_cat-edebiyat","7":"pa_cilt-ciltsiz","8":"pa_tur-kitap","9":"pa_yayinevi-bilgekut-yayinlari","10":"pa_yazar-murat-soyak","12":"first","13":"instock","14":"sale","15":"shipping-taxable","16":"purchasable","17":"product-type-simple"},"_links":{"self":[{"href":"https:\/\/roveyayinevi.com.tr\/index.php\/wp-json\/wp\/v2\/product\/772219","targetHints":{"allow":["GET"]}}],"collection":[{"href":"https:\/\/roveyayinevi.com.tr\/index.php\/wp-json\/wp\/v2\/product"}],"about":[{"href":"https:\/\/roveyayinevi.com.tr\/index.php\/wp-json\/wp\/v2\/types\/product"}],"wp:attachment":[{"href":"https:\/\/roveyayinevi.com.tr\/index.php\/wp-json\/wp\/v2\/media?parent=772219"}],"wp:term":[{"taxonomy":"product_brand","embeddable":true,"href":"https:\/\/roveyayinevi.com.tr\/index.php\/wp-json\/wp\/v2\/product_brand?post=772219"},{"taxonomy":"product_cat","embeddable":true,"href":"https:\/\/roveyayinevi.com.tr\/index.php\/wp-json\/wp\/v2\/product_cat?post=772219"},{"taxonomy":"product_tag","embeddable":true,"href":"https:\/\/roveyayinevi.com.tr\/index.php\/wp-json\/wp\/v2\/product_tag?post=772219"}],"curies":[{"name":"wp","href":"https:\/\/api.w.org\/{rel}","templated":true}]}}