{"id":772213,"date":"2025-08-28T15:32:17","date_gmt":"2025-08-28T12:32:17","guid":{"rendered":"https:\/\/roveyayinevi.com.tr\/index.php\/urun\/kul-3\/"},"modified":"2026-04-15T03:38:41","modified_gmt":"2026-04-15T00:38:41","slug":"kul-3","status":"publish","type":"product","link":"https:\/\/roveyayinevi.com.tr\/index.php\/urun\/kul-3\/","title":{"rendered":"K\u00fcl"},"content":{"rendered":"<p>A\u015eK   Dervi\u015f dervi\u015f olal\u0131 b\u00f6yle zikir g\u00f6rmedi, \u00c2lim kitap tutal\u0131 b\u00f6yle ilim bilmedi. Hangi can cand\u0131r ki kendinden ge\u00e7medi ? A\u015fk ile ibadet bile a\u015fka ibadete yetmedi\u2026                                                             -\u0130lahi A\u015fk\u2019a   G\u00f6r\u00fcyor musun sana boy atan \u015fu kalbimi T\u0131pk\u0131 kendine kapan\u0131k Vav\u2019\u0131n Elif gibi dirili\u015fi. Ah benim g\u00f6zleri bin k\u0131tal\u0131k \u015fiirim, Uyaklarda uyan\u0131\u015f\u0131m, m\u0131sralarda dinginli\u011fim.   Ah benim a\u015fka dair tek zikrim, \u00d6mr\u00fcme inzivam, d\u00fcnyaya restim. Ah benim kendimi kendimden \u00e7ekmi\u015fli\u011fim, Vaktine esir nasibimi bekleyi\u015fim\u2026                                                               -Fani A\u015fk\u2019a   Sevgili A\u015fk tapmak de\u011fildir kendini a\u015fmakt\u0131r, Kendini a\u015f\u0131p da a\u015fkta kendine varmakt\u0131r\u2026 <\/p>\n","protected":false},"excerpt":{"rendered":"<p>A\u015eK Dervi\u015f dervi\u015f olal\u0131 b\u00f6yle zikir g\u00f6rmedi, \u00c2lim kitap tutal\u0131 b\u00f6yle ilim bilmedi. Hangi can cand\u0131r ki kendinden ge\u00e7medi ? A\u015fk ile ibadet bile a\u015fka ibadete<span class=\"excerpt-hellip\"> [\u2026]<\/span><\/p>\n","protected":false},"featured_media":0,"template":"","meta":{"_monsterinsights_skip_tracking":false,"_monsterinsights_sitenote_active":false,"_monsterinsights_sitenote_note":"","_monsterinsights_sitenote_category":0},"product_brand":[],"product_cat":[12291,12509],"product_tag":[],"class_list":{"0":"post-772213","1":"product","2":"type-product","3":"status-publish","5":"product_cat-edebiyat","6":"product_cat-siir","7":"pa_cilt-ciltsiz","8":"pa_tur-kitap","9":"pa_yayinevi-zet-yayinlari","10":"pa_yazar-asli-ozgur","12":"first","13":"instock","14":"sale","15":"shipping-taxable","16":"purchasable","17":"product-type-simple"},"_links":{"self":[{"href":"https:\/\/roveyayinevi.com.tr\/index.php\/wp-json\/wp\/v2\/product\/772213","targetHints":{"allow":["GET"]}}],"collection":[{"href":"https:\/\/roveyayinevi.com.tr\/index.php\/wp-json\/wp\/v2\/product"}],"about":[{"href":"https:\/\/roveyayinevi.com.tr\/index.php\/wp-json\/wp\/v2\/types\/product"}],"wp:attachment":[{"href":"https:\/\/roveyayinevi.com.tr\/index.php\/wp-json\/wp\/v2\/media?parent=772213"}],"wp:term":[{"taxonomy":"product_brand","embeddable":true,"href":"https:\/\/roveyayinevi.com.tr\/index.php\/wp-json\/wp\/v2\/product_brand?post=772213"},{"taxonomy":"product_cat","embeddable":true,"href":"https:\/\/roveyayinevi.com.tr\/index.php\/wp-json\/wp\/v2\/product_cat?post=772213"},{"taxonomy":"product_tag","embeddable":true,"href":"https:\/\/roveyayinevi.com.tr\/index.php\/wp-json\/wp\/v2\/product_tag?post=772213"}],"curies":[{"name":"wp","href":"https:\/\/api.w.org\/{rel}","templated":true}]}}