{"id":772212,"date":"2025-08-28T15:32:15","date_gmt":"2025-08-28T12:32:15","guid":{"rendered":"https:\/\/roveyayinevi.com.tr\/index.php\/urun\/hayalhanem\/"},"modified":"2026-04-15T03:38:41","modified_gmt":"2026-04-15T00:38:41","slug":"hayalhanem","status":"publish","type":"product","link":"https:\/\/roveyayinevi.com.tr\/index.php\/urun\/hayalhanem\/","title":{"rendered":"Hayalhanem"},"content":{"rendered":"<p>K\u00d6T\u00dcL\u00dcK B\u0130LMEYEN A\u011eA\u00c7LAR Ba\u015f\u0131m\u0131 al\u0131p gitsem bu \u015fehirden, Yalan s\u00f6ylemeyen otlar K\u00f6t\u00fcl\u00fck bilmeyen a\u011fa\u00e7lar \u00e7a\u011f\u0131r\u0131yor beni \u00c7i\u00e7ekler gel diyor, Deniz gel diyor, Onlarda, insanlarda olan aldatmalar, Aldanmalar, ikiy\u00fczl\u00fcl\u00fck Ge\u00e7ici dostluklar, yalan yoktu\u2026 Nergiz Ar\u0131     AY Y\u00dcZ\u00dcNDE Ay y\u00fcz\u00fcnde g\u00fcne\u015fti gece Ad\u0131n dudaklar\u0131mdan d\u00f6k\u00fcl\u00fcr hece hece Ne \u015fim\u015fekler \u00e7akt\u0131, her d\u00fc\u015f\u00fcmde O bu\u011fulu g\u00f6zler dilindeki s\u00f6z\u00fcnde Kavu\u015fmak \u015fart m\u0131 kalpten sevince Il\u0131k nefesini r\u00fczgar getirince&#8230; Aynur Durmu\u015f <\/p>\n","protected":false},"excerpt":{"rendered":"<p>K\u00d6T\u00dcL\u00dcK B\u0130LMEYEN A\u011eA\u00c7LAR Ba\u015f\u0131m\u0131 al\u0131p gitsem bu \u015fehirden, Yalan s\u00f6ylemeyen otlar K\u00f6t\u00fcl\u00fck bilmeyen a\u011fa\u00e7lar \u00e7a\u011f\u0131r\u0131yor beni \u00c7i\u00e7ekler gel diyor, Deniz gel diyor, Onlarda, insanlarda olan aldatmalar,<span class=\"excerpt-hellip\"> [\u2026]<\/span><\/p>\n","protected":false},"featured_media":0,"template":"","meta":{"_monsterinsights_skip_tracking":false,"_monsterinsights_sitenote_active":false,"_monsterinsights_sitenote_note":"","_monsterinsights_sitenote_category":0},"product_brand":[],"product_cat":[12291,12509],"product_tag":[],"class_list":{"0":"post-772212","1":"product","2":"type-product","3":"status-publish","5":"product_cat-edebiyat","6":"product_cat-siir","7":"pa_cilt-ciltsiz","8":"pa_tur-kitap","9":"pa_yayinevi-zet-yayinlari","10":"pa_yazar-aynur-durmus-nergiz-ari","12":"first","13":"instock","14":"sale","15":"shipping-taxable","16":"purchasable","17":"product-type-simple"},"_links":{"self":[{"href":"https:\/\/roveyayinevi.com.tr\/index.php\/wp-json\/wp\/v2\/product\/772212","targetHints":{"allow":["GET"]}}],"collection":[{"href":"https:\/\/roveyayinevi.com.tr\/index.php\/wp-json\/wp\/v2\/product"}],"about":[{"href":"https:\/\/roveyayinevi.com.tr\/index.php\/wp-json\/wp\/v2\/types\/product"}],"wp:attachment":[{"href":"https:\/\/roveyayinevi.com.tr\/index.php\/wp-json\/wp\/v2\/media?parent=772212"}],"wp:term":[{"taxonomy":"product_brand","embeddable":true,"href":"https:\/\/roveyayinevi.com.tr\/index.php\/wp-json\/wp\/v2\/product_brand?post=772212"},{"taxonomy":"product_cat","embeddable":true,"href":"https:\/\/roveyayinevi.com.tr\/index.php\/wp-json\/wp\/v2\/product_cat?post=772212"},{"taxonomy":"product_tag","embeddable":true,"href":"https:\/\/roveyayinevi.com.tr\/index.php\/wp-json\/wp\/v2\/product_tag?post=772212"}],"curies":[{"name":"wp","href":"https:\/\/api.w.org\/{rel}","templated":true}]}}