{"id":772211,"date":"2025-08-28T15:32:13","date_gmt":"2025-08-28T12:32:13","guid":{"rendered":"https:\/\/roveyayinevi.com.tr\/index.php\/urun\/cocuk-gelisimi-ve-psikolojisi\/"},"modified":"2026-04-15T03:38:26","modified_gmt":"2026-04-15T00:38:26","slug":"cocuk-gelisimi-ve-psikolojisi","status":"publish","type":"product","link":"https:\/\/roveyayinevi.com.tr\/index.php\/urun\/cocuk-gelisimi-ve-psikolojisi\/","title":{"rendered":"\u00c7ocuk Geli\u015fimi ve Psikolojisi"},"content":{"rendered":"<p>Bu kitap, \u00e7ocuklar\u0131n d\u00fcnyas\u0131na ad\u0131m atan herkes i\u00e7in bir rehber olmay\u0131 ama\u00e7lamaktad\u0131r. \u00c7ocuk geli\u015fimi, sadece fiziksel b\u00fcy\u00fcme ve de\u011fi\u015fimle s\u0131n\u0131rl\u0131 de\u011fildir; ayn\u0131 zamanda bili\u015fsel, duygusal ve sosyal boyutlarda da \u00f6nemli bir yolculuktur. \u00c7ocuklar, her ge\u00e7en g\u00fcn yeni \u015feyler \u00f6\u011frenir, duygusal olarak olgunla\u015f\u0131r ve \u00e7evreleriyle daha anlaml\u0131 ili\u015fkiler kurar. Ancak, bu s\u00fcre\u00e7te kar\u015f\u0131la\u015ft\u0131klar\u0131 zorluklar ve geli\u015fimsel farkl\u0131l\u0131klar, onlar\u0131 anlayabilmek i\u00e7in derin bir fark\u0131ndal\u0131k gerektirir. Ebeveynler, \u00f6\u011fretmenler, psikologlar ve di\u011fer profesyoneller i\u00e7in bu kitap, \u00e7ocuklar\u0131n geli\u015fimsel ihtiya\u00e7lar\u0131na dair kapsaml\u0131 bir bak\u0131\u015f a\u00e7\u0131s\u0131 sunmay\u0131 hedefler. Her \u00e7ocu\u011fun benzersiz oldu\u011funu kabul ederek, farkl\u0131 geli\u015fim s\u00fcre\u00e7leri ve bu s\u00fcre\u00e7lerin desteklenmesi i\u00e7in etkili y\u00f6ntemler hakk\u0131nda bilgiler sunulur. \u00c7ocuk psikolojisi, bireylerin ya\u015famlar\u0131n\u0131n en kritik ve \u015fekillendirici d\u00f6nemlerinden biri olan \u00e7ocukluk d\u00f6nemi boyunca, zihinsel ve duygusal geli\u015fimlerini anlamak i\u00e7in vazge\u00e7ilmez bir alan sunmaktad\u0131r. Her \u00e7ocuk, i\u00e7sel d\u00fcnyas\u0131, duygusal deneyimleri ve d\u00fc\u015f\u00fcnme bi\u00e7imleriyle e\u015fsizdir. Bu kitap, \u00e7ocuklar\u0131n zihinsel geli\u015fimini, davran\u0131\u015flar\u0131n\u0131 ve duygusal tepkilerini anlamaya y\u00f6nelik derinlemesine bir ke\u015fif sunmay\u0131 ama\u00e7lamaktad\u0131r\u2026 \u00c7ocuk psikolojisi, sadece bozukluklar ve zorluklarla ilgili de\u011fildir; ayn\u0131 zamanda sa\u011fl\u0131kl\u0131 bir geli\u015fimin temellerini atmak, \u00e7ocuklar\u0131n g\u00fc\u00e7l\u00fc y\u00f6nlerini fark etmek ve onlar\u0131 duygusal olarak desteklemek i\u00e7in de kritik bilgiler sunar. Bu kitap, \u00e7ocuklar\u0131n psikolojik sa\u011fl\u0131\u011f\u0131n\u0131 desteklemek i\u00e7in gereken bilgileri, stratejileri ve y\u00f6ntemleri payla\u015farak, onlar\u0131 daha iyi anlayabilmek ad\u0131na bir kap\u0131 aralamaktad\u0131r. Bu eserin, \u00e7ocuklarla \u00e7al\u0131\u015fan herkesin, geli\u015fimsel s\u00fcre\u00e7lerin derinliklerine inerek, \u00e7ocuklar\u0131n psikolojik ihtiya\u00e7lar\u0131na nas\u0131l daha etkili cevaplar verebilece\u011fini ke\u015ffetmelerine katk\u0131 sa\u011flamas\u0131n\u0131 umuyorum. <\/p>\n","protected":false},"excerpt":{"rendered":"<p>Bu kitap, \u00e7ocuklar\u0131n d\u00fcnyas\u0131na ad\u0131m atan herkes i\u00e7in bir rehber olmay\u0131 ama\u00e7lamaktad\u0131r. \u00c7ocuk geli\u015fimi, sadece fiziksel b\u00fcy\u00fcme ve de\u011fi\u015fimle s\u0131n\u0131rl\u0131 de\u011fildir; ayn\u0131 zamanda bili\u015fsel, duygusal ve<span class=\"excerpt-hellip\"> [\u2026]<\/span><\/p>\n","protected":false},"featured_media":0,"template":"","meta":{"_monsterinsights_skip_tracking":false,"_monsterinsights_sitenote_active":false,"_monsterinsights_sitenote_note":"","_monsterinsights_sitenote_category":0},"product_brand":[],"product_cat":[12573,12566],"product_tag":[],"class_list":{"0":"post-772211","1":"product","2":"type-product","3":"status-publish","5":"product_cat-akademik-kitaplar","6":"product_cat-egitim","7":"pa_cilt-ciltsiz","8":"pa_tur-kitap","9":"pa_yayinevi-zet-akademi-yayinlari","10":"pa_yazar-yildirim-bayezit-deldal","12":"first","13":"instock","14":"sale","15":"shipping-taxable","16":"purchasable","17":"product-type-simple"},"_links":{"self":[{"href":"https:\/\/roveyayinevi.com.tr\/index.php\/wp-json\/wp\/v2\/product\/772211","targetHints":{"allow":["GET"]}}],"collection":[{"href":"https:\/\/roveyayinevi.com.tr\/index.php\/wp-json\/wp\/v2\/product"}],"about":[{"href":"https:\/\/roveyayinevi.com.tr\/index.php\/wp-json\/wp\/v2\/types\/product"}],"wp:attachment":[{"href":"https:\/\/roveyayinevi.com.tr\/index.php\/wp-json\/wp\/v2\/media?parent=772211"}],"wp:term":[{"taxonomy":"product_brand","embeddable":true,"href":"https:\/\/roveyayinevi.com.tr\/index.php\/wp-json\/wp\/v2\/product_brand?post=772211"},{"taxonomy":"product_cat","embeddable":true,"href":"https:\/\/roveyayinevi.com.tr\/index.php\/wp-json\/wp\/v2\/product_cat?post=772211"},{"taxonomy":"product_tag","embeddable":true,"href":"https:\/\/roveyayinevi.com.tr\/index.php\/wp-json\/wp\/v2\/product_tag?post=772211"}],"curies":[{"name":"wp","href":"https:\/\/api.w.org\/{rel}","templated":true}]}}