{"id":772209,"date":"2025-08-28T15:32:09","date_gmt":"2025-08-28T12:32:09","guid":{"rendered":"https:\/\/roveyayinevi.com.tr\/index.php\/urun\/babam\/"},"modified":"2026-04-03T03:30:22","modified_gmt":"2026-04-03T00:30:22","slug":"babam","status":"publish","type":"product","link":"https:\/\/roveyayinevi.com.tr\/index.php\/urun\/babam\/","title":{"rendered":"Babam"},"content":{"rendered":"<p>Babam\u0131n yak\u0131n zamandaki vefat\u0131 \u00fczerine kaleme ald\u0131\u011f\u0131m eseri meydana getirmek \u00e7ok ama \u00e7ok zor oldu. Babas\u0131 \u00f6lmeyen bilmez. Hatta babas\u0131 \u00f6len de bilmez. Babas\u0131ndan sonraya kalan her evlat i\u00e7in bu ka\u00e7\u0131n\u0131lmaz bir sondur. Herkesin b\u00f6yle ac\u0131 ve zor bir g\u00fcn\u00fc vard\u0131r. O g\u00fcn Allah herkese yard\u0131m etsin. Bu d\u00fcnyaya \u0130mtihan i\u00e7in g\u00f6nderildik. Her t\u00fcrl\u00fc ac\u0131, tatl\u0131 \u015feyle s\u0131nan\u0131yoruz. Toprak gibi olmak gerek. \u0130yi k\u00f6t\u00fc her \u015fey topra\u011fa at\u0131l\u0131r ancak ondan sadece iyi \u015feyler \u00e7\u0131kar. K\u0131sa da uzun da ya\u015fasak sonunda varaca\u011f\u0131m\u0131z yer toprakt\u0131r. Topa\u011f\u0131n \u00fcst\u00fcnde yap\u0131p etiklerimiz topa\u011f\u0131n alt\u0131nda bizi besleyecektir. \u00d6nceden g\u00f6nderdiklerimiz bizi kar\u015f\u0131layacakt\u0131r. \u00d6lmeden \u00f6nce \u00f6lmek gerekir. Babam rahmetli bunun i\u00e7in \u00e7ok gayret ederdi. <\/p>\n","protected":false},"excerpt":{"rendered":"<p>Babam\u0131n yak\u0131n zamandaki vefat\u0131 \u00fczerine kaleme ald\u0131\u011f\u0131m eseri meydana getirmek \u00e7ok ama \u00e7ok zor oldu. Babas\u0131 \u00f6lmeyen bilmez. Hatta babas\u0131 \u00f6len de bilmez. Babas\u0131ndan sonraya kalan<span class=\"excerpt-hellip\"> [\u2026]<\/span><\/p>\n","protected":false},"featured_media":0,"template":"","meta":{"_monsterinsights_skip_tracking":false,"_monsterinsights_sitenote_active":false,"_monsterinsights_sitenote_note":"","_monsterinsights_sitenote_category":0},"product_brand":[],"product_cat":[14009,12291],"product_tag":[],"class_list":{"0":"post-772209","1":"product","2":"type-product","3":"status-publish","5":"product_cat-biyografi-otobiyografi-edebiyat","6":"product_cat-edebiyat","7":"pa_cilt-ciltsiz","8":"pa_tur-kitap","9":"pa_yayinevi-zet-yayinlari","10":"pa_yazar-muhammed-mustafa-kocadag","12":"first","13":"instock","14":"sale","15":"shipping-taxable","16":"purchasable","17":"product-type-simple"},"_links":{"self":[{"href":"https:\/\/roveyayinevi.com.tr\/index.php\/wp-json\/wp\/v2\/product\/772209","targetHints":{"allow":["GET"]}}],"collection":[{"href":"https:\/\/roveyayinevi.com.tr\/index.php\/wp-json\/wp\/v2\/product"}],"about":[{"href":"https:\/\/roveyayinevi.com.tr\/index.php\/wp-json\/wp\/v2\/types\/product"}],"wp:attachment":[{"href":"https:\/\/roveyayinevi.com.tr\/index.php\/wp-json\/wp\/v2\/media?parent=772209"}],"wp:term":[{"taxonomy":"product_brand","embeddable":true,"href":"https:\/\/roveyayinevi.com.tr\/index.php\/wp-json\/wp\/v2\/product_brand?post=772209"},{"taxonomy":"product_cat","embeddable":true,"href":"https:\/\/roveyayinevi.com.tr\/index.php\/wp-json\/wp\/v2\/product_cat?post=772209"},{"taxonomy":"product_tag","embeddable":true,"href":"https:\/\/roveyayinevi.com.tr\/index.php\/wp-json\/wp\/v2\/product_tag?post=772209"}],"curies":[{"name":"wp","href":"https:\/\/api.w.org\/{rel}","templated":true}]}}