{"id":772206,"date":"2025-08-28T15:32:03","date_gmt":"2025-08-28T12:32:03","guid":{"rendered":"https:\/\/roveyayinevi.com.tr\/index.php\/urun\/arda\/"},"modified":"2026-04-15T03:38:26","modified_gmt":"2026-04-15T00:38:26","slug":"arda","status":"publish","type":"product","link":"https:\/\/roveyayinevi.com.tr\/index.php\/urun\/arda\/","title":{"rendered":"Arda"},"content":{"rendered":"<p>Futbolun B\u00fcy\u00fck Y\u0131ld\u0131zlar\u0131, topra\u011f\u0131n kokusunu, trib\u00fcnlerin co\u015fkusunu ve sahan\u0131n e\u015fsiz atmosferini sayfalara ta\u015f\u0131yor. Serinin her kitab\u0131nda; tutku, azim, hayaller ve oyunun s\u0131n\u0131rlar\u0131n\u0131 a\u015fan unutulmaz yolculuklar yer al\u0131yor. Futbolun yaln\u0131zca bir oyun olmad\u0131\u011f\u0131n\u0131; karakter, m\u00fccadele ve ilhamla \u00f6r\u00fcl\u00fc bir ya\u015fam \u00f6yk\u00fcs\u00fc oldu\u011funu hat\u0131rlatan Futbolun B\u00fcy\u00fck Y\u0131ld\u0131zlar\u0131, sahalar\u0131n y\u0131ld\u0131zlar\u0131n\u0131 yak\u0131ndan tan\u0131mak isteyenlere bir davet; hayallerin pe\u015finden gitmenin, engelleri a\u015fman\u0131n ve her \u015feye yeniden ba\u015flaman\u0131n evrensel hik\u00e2yesi.   Arda G\u00fcler, T\u00fcrk futbolunun yeni parlayan y\u0131ld\u0131z\u0131 olarak sahnede yerini ald\u0131. 19 Haziran 2023\u2019te, Samsun 19 May\u0131s Stadyumu\u2019nda Galler\u2019e att\u0131\u011f\u0131 golle ad\u0131n\u0131 tarihe yazd\u0131rd\u0131 ve milli tak\u0131mda gol atan en gen\u00e7 oyuncu oldu.   Bu ola\u011fan\u00fcst\u00fc yetenek, \u0131\u015f\u0131\u011f\u0131n\u0131 sadece T\u00fcrkiye\u2019de de\u011fil d\u00fcnya futbolunda da g\u00f6stermeye ba\u015flad\u0131. Real Madrid\u2019e rekor bir transferle ad\u0131m atan Arda, yetene\u011fi ve azmiyle gelece\u011fin b\u00fcy\u00fck y\u0131ld\u0131zlar\u0131ndan biri olaca\u011f\u0131n\u0131 kan\u0131tlad\u0131. Onun hik\u00e2yesi sadece bir futbolcunun de\u011fil bir hayalin y\u00fckseli\u015fi. <\/p>\n","protected":false},"excerpt":{"rendered":"<p>Futbolun B\u00fcy\u00fck Y\u0131ld\u0131zlar\u0131, topra\u011f\u0131n kokusunu, trib\u00fcnlerin co\u015fkusunu ve sahan\u0131n e\u015fsiz atmosferini sayfalara ta\u015f\u0131yor. Serinin her kitab\u0131nda; tutku, azim, hayaller ve oyunun s\u0131n\u0131rlar\u0131n\u0131 a\u015fan unutulmaz yolculuklar yer<span class=\"excerpt-hellip\"> [\u2026]<\/span><\/p>\n","protected":false},"featured_media":0,"template":"","meta":{"_monsterinsights_skip_tracking":false,"_monsterinsights_sitenote_active":false,"_monsterinsights_sitenote_note":"","_monsterinsights_sitenote_category":0},"product_brand":[],"product_cat":[12274,12631],"product_tag":[],"class_list":{"0":"post-772206","1":"product","2":"type-product","3":"status-publish","5":"product_cat-cocuk-ve-genclik-kitaplari","6":"product_cat-diger-cocuk-ve-genclik-kitaplari","7":"pa_cilt-ciltsiz","8":"pa_tur-kitap","9":"pa_yayinevi-ren-kitap","10":"pa_yazar-n-kabacam","12":"first","13":"instock","14":"sale","15":"shipping-taxable","16":"purchasable","17":"product-type-simple"},"_links":{"self":[{"href":"https:\/\/roveyayinevi.com.tr\/index.php\/wp-json\/wp\/v2\/product\/772206","targetHints":{"allow":["GET"]}}],"collection":[{"href":"https:\/\/roveyayinevi.com.tr\/index.php\/wp-json\/wp\/v2\/product"}],"about":[{"href":"https:\/\/roveyayinevi.com.tr\/index.php\/wp-json\/wp\/v2\/types\/product"}],"wp:attachment":[{"href":"https:\/\/roveyayinevi.com.tr\/index.php\/wp-json\/wp\/v2\/media?parent=772206"}],"wp:term":[{"taxonomy":"product_brand","embeddable":true,"href":"https:\/\/roveyayinevi.com.tr\/index.php\/wp-json\/wp\/v2\/product_brand?post=772206"},{"taxonomy":"product_cat","embeddable":true,"href":"https:\/\/roveyayinevi.com.tr\/index.php\/wp-json\/wp\/v2\/product_cat?post=772206"},{"taxonomy":"product_tag","embeddable":true,"href":"https:\/\/roveyayinevi.com.tr\/index.php\/wp-json\/wp\/v2\/product_tag?post=772206"}],"curies":[{"name":"wp","href":"https:\/\/api.w.org\/{rel}","templated":true}]}}