{"id":772204,"date":"2025-08-28T15:32:00","date_gmt":"2025-08-28T12:32:00","guid":{"rendered":"https:\/\/roveyayinevi.com.tr\/index.php\/urun\/sikayet\/"},"modified":"2026-04-15T03:38:26","modified_gmt":"2026-04-15T00:38:26","slug":"sikayet","status":"publish","type":"product","link":"https:\/\/roveyayinevi.com.tr\/index.php\/urun\/sikayet\/","title":{"rendered":"\u015eikayet!"},"content":{"rendered":"<p>\u00dcniversite koridorlar\u0131nda, amfilerde, ofislerde ve dersliklerde &#8220;oyunbozan feministlerin&#8221; susturulamayan sesleri yank\u0131lan\u0131yor&#8230;  Sara Ahmed, akademide ya\u015fanan ve sistemli bir \u015fekilde g\u00f6zard\u0131 edilen cinsel taciz, istismar, mobbing, \u0131rk ayr\u0131mc\u0131l\u0131\u011f\u0131, sakat d\u0131\u015flay\u0131c\u0131l\u0131\u011f\u0131 ve transfobi gibi yak\u0131c\u0131 sorunlar\u0131 bizzat \u00f6znelerin deneyimlerine dayanarak te\u015fhir ediyor; s\u00f6z konusu zorbal\u0131klar\u0131 kurum i\u00e7i kanallar\u0131 kullanarak \u015fik\u00e2yet edenlerin kar\u015f\u0131 kar\u015f\u0131ya kald\u0131\u011f\u0131 susturma, ku\u015fatma ve d\u0131\u015flama mekanizmalar\u0131na mercek tutuyor.\u015eik\u00e2yet! bu a\u00e7\u0131dan bir feminist pedagoji \u00e7al\u0131\u015fmas\u0131; yazar &#8220;\u015fik\u00e2yet biyografileri&#8221; ad\u0131n\u0131 verdi\u011fi m\u00fc\u015fterek deneyimleri derleyip analiz ederek bizi eyleme, \u00f6tekini dinlemeye, \u00f6rg\u00fctlenmeye ve kendi deyimiyle &#8220;feminist bir kulak olmaya&#8221; \u00e7a\u011f\u0131r\u0131yor. \u00dcniversitelerin Kafkaesk b\u00fcrokratik cenderesinde sessizli\u011fe mahk\u00fbm edilen resmi \u015fik\u00e2yetlerin kurumsal kaderini titizlikle takip ederken, nelerin duyulup nelerin ge\u00e7i\u015ftirilece\u011fini tayin eden g\u00fc\u00e7 ili\u015fkilerinin do\u011fas\u0131n\u0131 ve yeniden-\u00fcretim mekanizmalar\u0131n\u0131 da irdeliyor.\u015eik\u00e2yet! Sara Ahmed&#8217;in \u00fcniversiteden ayr\u0131lmas\u0131yla sonu\u00e7lanan kendi deneyimine ve \u00f6znelerin tan\u0131kl\u0131klar\u0131na yaslan\u0131p olmas\u0131 gerekenle var olan aras\u0131ndaki devasa u\u00e7uruma i\u015faret ederek; heteronormatif, beyaz-\u00fcst\u00fcnl\u00fck\u00e7\u00fc, erkek egemen k\u00f6hne kurum k\u00fclt\u00fcrlerini de\u011fi\u015ftirmek i\u00e7in herkesi oyunu bozmaya davet ediyor.<\/p>\n","protected":false},"excerpt":{"rendered":"<p>\u00dcniversite koridorlar\u0131nda, amfilerde, ofislerde ve dersliklerde &#8220;oyunbozan feministlerin&#8221; susturulamayan sesleri yank\u0131lan\u0131yor&#8230; Sara Ahmed, akademide ya\u015fanan ve sistemli bir \u015fekilde g\u00f6zard\u0131 edilen cinsel taciz, istismar, mobbing, \u0131rk<span class=\"excerpt-hellip\"> [\u2026]<\/span><\/p>\n","protected":false},"featured_media":0,"template":"","meta":{"_monsterinsights_skip_tracking":false,"_monsterinsights_sitenote_active":false,"_monsterinsights_sitenote_note":"","_monsterinsights_sitenote_category":0},"product_brand":[],"product_cat":[14741,13488],"product_tag":[],"class_list":{"0":"post-772204","1":"product","2":"type-product","3":"status-publish","5":"product_cat-kadin-sorunlari-feminizm","6":"product_cat-toplum-ve-insan","7":"pa_cilt-ciltsiz","8":"pa_tur-kitap","9":"pa_yayinevi-sel-yayincilik","10":"pa_yazar-sara-ahmed","12":"first","13":"instock","14":"sale","15":"shipping-taxable","16":"purchasable","17":"product-type-simple"},"_links":{"self":[{"href":"https:\/\/roveyayinevi.com.tr\/index.php\/wp-json\/wp\/v2\/product\/772204","targetHints":{"allow":["GET"]}}],"collection":[{"href":"https:\/\/roveyayinevi.com.tr\/index.php\/wp-json\/wp\/v2\/product"}],"about":[{"href":"https:\/\/roveyayinevi.com.tr\/index.php\/wp-json\/wp\/v2\/types\/product"}],"wp:attachment":[{"href":"https:\/\/roveyayinevi.com.tr\/index.php\/wp-json\/wp\/v2\/media?parent=772204"}],"wp:term":[{"taxonomy":"product_brand","embeddable":true,"href":"https:\/\/roveyayinevi.com.tr\/index.php\/wp-json\/wp\/v2\/product_brand?post=772204"},{"taxonomy":"product_cat","embeddable":true,"href":"https:\/\/roveyayinevi.com.tr\/index.php\/wp-json\/wp\/v2\/product_cat?post=772204"},{"taxonomy":"product_tag","embeddable":true,"href":"https:\/\/roveyayinevi.com.tr\/index.php\/wp-json\/wp\/v2\/product_tag?post=772204"}],"curies":[{"name":"wp","href":"https:\/\/api.w.org\/{rel}","templated":true}]}}