{"id":772200,"date":"2025-08-28T15:31:52","date_gmt":"2025-08-28T12:31:52","guid":{"rendered":"https:\/\/roveyayinevi.com.tr\/index.php\/urun\/hipnozcu-kizin-karanlik-gizemi\/"},"modified":"2026-04-15T03:38:26","modified_gmt":"2026-04-15T00:38:26","slug":"hipnozcu-kizin-karanlik-gizemi","status":"publish","type":"product","link":"https:\/\/roveyayinevi.com.tr\/index.php\/urun\/hipnozcu-kizin-karanlik-gizemi\/","title":{"rendered":"Hipnozcu K\u0131z\u0131n Karanl\u0131k Gizemi"},"content":{"rendered":"<p>Athena Kul\u00fcb\u00fc\u2019n\u00fcn Ola\u011fan\u00fcst\u00fc Maceralar\u0131, heyecan verici bir finalle kar\u015f\u0131m\u0131zda. Mary Jekyll ve Athena Kul\u00fcb\u00fc, Alice\u2019i kurtarmak ve bu s\u0131rada da Krali\u00e7e\u2019yi taht\u0131ndan etmeyi hedefleyen bir komployu a\u00e7\u0131\u011fa \u00e7\u0131karmak i\u00e7in zamanla yar\u0131\u015f\u0131yor.   Athena Kul\u00fcb\u00fc i\u00e7in hayat olduk\u00e7a \u00e7alkant\u0131l\u0131 ge\u00e7mi\u015fti, \u00f6zellikle de i\u00e7lerinden birinin ka\u00e7\u0131r\u0131lmas\u0131ndan sonra! Mary Jekyll ve arkada\u015flar\u0131, Lucinda van Helsing\u2019i kurtarmak i\u00e7in at\u0131ld\u0131klar\u0131 Avrupa maceras\u0131n\u0131n ard\u0131ndan evlerine d\u00f6nd\u00fc. Ancak onlar\u0131 son bir macera daha bekliyordu. Zira \u015fimdi de Alice ve i\u015fverenleri Sherlock Holmes ortalarda yoktu! Bu vahim olay\u0131n asl\u0131nda Krali\u00e7e Victoria\u2019y\u0131 ve Birle\u015fik Krall\u0131k\u2019\u0131n gelece\u011fini tehdit eden \u00e7ok daha b\u00fcy\u00fck bir komplonun par\u00e7as\u0131 oldu\u011funu ke\u015ffetmeleri ise uzun s\u00fcrmeyecekti. Mary, Diana, Beatrice, Catherine ve Justine, hem arkada\u015flar\u0131n\u0131 hem de \u0130mparatorluk\u2019u kurtarabilecek miydi?   Athena Kul\u00fcb\u00fc\u2019n\u00fcn Ola\u011fan\u00fcst\u00fc Maceralar\u0131\u2019n\u0131n son ve en heyecanl\u0131 perdesi a\u00e7\u0131l\u0131yor!   D\u00fcnya Fantezi \u00f6d\u00fcll\u00fc Theodora Goss, In the Forest of Forgetting adl\u0131 k\u0131sa \u00f6yk\u00fc derlemesi; Delia Sherman ile birlikte haz\u0131rlanan k\u0131sa \u00f6yk\u00fc antolojisi Interfictions; ele\u015ftirel denemeler ve kendi \u015fiirlerinden bir se\u00e7ki i\u00e7eren \u015fiir antolojisi Voices from Fairyland; The Thorn and the Blossom isimli iki tarafl\u0131 akordeon format\u0131nda bir k\u0131sa roman; ve Songs for Ophelia isimli bir \u015fiir koleksiyonu da d\u00e2hil olmak \u00fczere pek \u00e7ok yay\u0131n\u0131n ve birinci kitab\u0131n\u0131 Simyac\u0131n\u0131n K\u0131z\u0131n\u0131n Tuhaf Hikayesi\u2019nin Olu\u015fan Athena Kul\u00fcb\u00fc\u2019n\u00fcn Ola\u011fan\u00fcst\u00fc Maceralar\u0131 ba\u015fl\u0131kl\u0131 roman \u00fc\u00e7lemesinin yazar\u0131d\u0131r. Nebula, Locus, Crawford, Seiun ve Mythopoeic \u00d6d\u00fclleri\u2019nin yan\u0131 s\u0131ra Tiptree \u00d6d\u00fcl\u00fc Onur Listesi\u2019nde finalist oldu ve eserleri on bir dile \u00e7evrildi. Boston \u00dcniversitesi\u2019nde ve Stonecoast MFA Program\u0131\u2019nda edebiyat ve yazarl\u0131k dersleri veriyor. TheodoraGoss.com resmi sitesidir. <\/p>\n","protected":false},"excerpt":{"rendered":"<p>Athena Kul\u00fcb\u00fc\u2019n\u00fcn Ola\u011fan\u00fcst\u00fc Maceralar\u0131, heyecan verici bir finalle kar\u015f\u0131m\u0131zda. Mary Jekyll ve Athena Kul\u00fcb\u00fc, Alice\u2019i kurtarmak ve bu s\u0131rada da Krali\u00e7e\u2019yi taht\u0131ndan etmeyi hedefleyen bir komployu<span class=\"excerpt-hellip\"> [\u2026]<\/span><\/p>\n","protected":false},"featured_media":0,"template":"","meta":{"_monsterinsights_skip_tracking":false,"_monsterinsights_sitenote_active":false,"_monsterinsights_sitenote_note":"","_monsterinsights_sitenote_category":0},"product_brand":[],"product_cat":[12291,14777],"product_tag":[],"class_list":{"0":"post-772200","1":"product","2":"type-product","3":"status-publish","5":"product_cat-edebiyat","6":"product_cat-fantastik","7":"pa_cilt-ciltsiz","8":"pa_tur-kitap","9":"pa_yayinevi-eksik-parca-yayinlari","10":"pa_yazar-theodora-goss","12":"first","13":"instock","14":"sale","15":"shipping-taxable","16":"purchasable","17":"product-type-simple"},"_links":{"self":[{"href":"https:\/\/roveyayinevi.com.tr\/index.php\/wp-json\/wp\/v2\/product\/772200","targetHints":{"allow":["GET"]}}],"collection":[{"href":"https:\/\/roveyayinevi.com.tr\/index.php\/wp-json\/wp\/v2\/product"}],"about":[{"href":"https:\/\/roveyayinevi.com.tr\/index.php\/wp-json\/wp\/v2\/types\/product"}],"wp:attachment":[{"href":"https:\/\/roveyayinevi.com.tr\/index.php\/wp-json\/wp\/v2\/media?parent=772200"}],"wp:term":[{"taxonomy":"product_brand","embeddable":true,"href":"https:\/\/roveyayinevi.com.tr\/index.php\/wp-json\/wp\/v2\/product_brand?post=772200"},{"taxonomy":"product_cat","embeddable":true,"href":"https:\/\/roveyayinevi.com.tr\/index.php\/wp-json\/wp\/v2\/product_cat?post=772200"},{"taxonomy":"product_tag","embeddable":true,"href":"https:\/\/roveyayinevi.com.tr\/index.php\/wp-json\/wp\/v2\/product_tag?post=772200"}],"curies":[{"name":"wp","href":"https:\/\/api.w.org\/{rel}","templated":true}]}}